{"id":864,"date":"2021-02-26T12:30:07","date_gmt":"2021-02-26T11:30:07","guid":{"rendered":"https:\/\/iesbaran.educacion.navarra.es\/web\/?page_id=864"},"modified":"2025-09-16T10:23:06","modified_gmt":"2025-09-16T08:23:06","slug":"programa-plurilingue","status":"publish","type":"page","link":"https:\/\/iesbaran.educacion.navarra.es\/web\/programa-plurilingue\/","title":{"rendered":"Programa pluriling\u00fce"},"content":{"rendered":"\n<p>El IES Bara\u00f1ain ofrece a sus alumnos la posibilidad de cursar estudios de ESO en la secci\u00f3n Secundaria Pluriling\u00fce.<\/p>\n\n\n\n<p>El programa Pluriling\u00fce consiste en el aprendizaje de los contenidos curriculares de dos o tres asignaturas de cada curso de ESO en Ingl\u00e9s.<\/p>\n\n\n\n<p>Actualmente se imparten:<\/p>\n\n\n\n<ul><li>En 1\u00ba de la ESO el alumno inscrito en el programa cursa las asignaturas de Biolog\u00eda y Educaci\u00f3n F\u00edsica  en Ingl\u00e9s. <\/li><li>En 2\u00ba de la ESO las asignaturas de Educaci\u00f3n F\u00edsica y Geograf\u00eda e Historia. <\/li><li>En 3\u00ba de la ESO las asignaturas de Biolog\u00eda, Educaci\u00f3n F\u00edsica y Geograf\u00eda e Historia<em>. <\/em><\/li><li>En 4\u00ba de la ESO las asignaturas de Geograf\u00eda e Historia y Educaci\u00f3n F\u00edsica.<\/li><\/ul>\n\n\n\n<p>Los alumnos que han cursado Educaci\u00f3n Primaria en programas de aprendizaje en lengua extranjera (PAI) tendr\u00e1n acceso directo al grupo pluriling\u00fce si as\u00ed lo desean. Los interesados que no vinieran de dicho programa podr\u00edan acceder al mismo mediante una prueba de acceso.<\/p>\n\n\n\n<p>El alumno inscrito en el programa se compromete a cursar dicho programa a lo largo de toda la etapa. No obstante, en caso de que la recomendaci\u00f3n pedag\u00f3gica as\u00ed lo indique, se puede solicitar la salida del programa pluriling\u00fce.<\/p>\n","protected":false},"excerpt":{"rendered":"<p>El IES Bara\u00f1ain ofrece a sus alumnos la posibilidad de cursar estudios de ESO en la secci\u00f3n Secundaria Pluriling\u00fce. El programa Pluriling\u00fce consiste en el aprendizaje de los contenidos curriculares de dos o tres asignaturas de cada curso de ESO en Ingl\u00e9s. Actualmente se imparten: En 1\u00ba de la ESO el alumno inscrito en el [&hellip;]<\/p>\n","protected":false},"author":1,"featured_media":156,"parent":0,"menu_order":0,"comment_status":"closed","ping_status":"closed","template":"","meta":{"_genesis_hide_title":false,"_genesis_hide_breadcrumbs":false,"_genesis_hide_singular_image":false,"_genesis_hide_footer_widgets":false,"_genesis_custom_body_class":"","_genesis_custom_post_class":"","_genesis_layout":""},"featured_image_src":"https:\/\/iesbaran.educacion.navarra.es\/web\/wp-content\/uploads\/2020\/06\/descarga.png","featured_image_src_square":"https:\/\/iesbaran.educacion.navarra.es\/web\/wp-content\/uploads\/2020\/06\/descarga.png","_links":{"self":[{"href":"https:\/\/iesbaran.educacion.navarra.es\/web\/wp-json\/wp\/v2\/pages\/864"}],"collection":[{"href":"https:\/\/iesbaran.educacion.navarra.es\/web\/wp-json\/wp\/v2\/pages"}],"about":[{"href":"https:\/\/iesbaran.educacion.navarra.es\/web\/wp-json\/wp\/v2\/types\/page"}],"author":[{"embeddable":true,"href":"https:\/\/iesbaran.educacion.navarra.es\/web\/wp-json\/wp\/v2\/users\/1"}],"replies":[{"embeddable":true,"href":"https:\/\/iesbaran.educacion.navarra.es\/web\/wp-json\/wp\/v2\/comments?post=864"}],"version-history":[{"count":9,"href":"https:\/\/iesbaran.educacion.navarra.es\/web\/wp-json\/wp\/v2\/pages\/864\/revisions"}],"predecessor-version":[{"id":4176,"href":"https:\/\/iesbaran.educacion.navarra.es\/web\/wp-json\/wp\/v2\/pages\/864\/revisions\/4176"}],"wp:featuredmedia":[{"embeddable":true,"href":"https:\/\/iesbaran.educacion.navarra.es\/web\/wp-json\/wp\/v2\/media\/156"}],"wp:attachment":[{"href":"https:\/\/iesbaran.educacion.navarra.es\/web\/wp-json\/wp\/v2\/media?parent=864"}],"curies":[{"name":"wp","href":"https:\/\/api.w.org\/{rel}","templated":true}]}}