{"id":841,"date":"2021-02-26T10:14:07","date_gmt":"2021-02-26T09:14:07","guid":{"rendered":"https:\/\/iesbaran.educacion.navarra.es\/web\/?page_id=841"},"modified":"2021-06-30T11:13:37","modified_gmt":"2021-06-30T09:13:37","slug":"bi-bachillerato-de-investigacion","status":"publish","type":"page","link":"https:\/\/iesbaran.educacion.navarra.es\/web\/bi-bachillerato-de-investigacion\/","title":{"rendered":"Bi+: Bachillerato de investigaci\u00f3n"},"content":{"rendered":"\n<div class=\"wp-block-image\"><figure class=\"aligncenter size-large is-resized\"><img loading=\"lazy\" src=\"https:\/\/iesbaran.educacion.navarra.es\/web\/wp-content\/uploads\/2021\/05\/LOGO-2-1024x562.png\" alt=\"\" class=\"wp-image-1096\" width=\"245\" height=\"142\"\/><\/figure><\/div>\n\n\n\n<p>Es un programa educativo, compatible e integrado en cualquiera de los cuatro itinerarios del Bachillerato que se ofertan en nuestro centro: Humanidades, Ciencias Sociales, Ciencias de la Salud, Ciencias e Ingenier\u00eda.<\/p>\n\n\n\n<p>Se desarrolla a lo largo de los dos cursos del Bachillerato, en los que el alumnado participante tendr\u00e1 la oportunidad de desarrollar un proyecto de investigaci\u00f3n completo sobre un tema de su elecci\u00f3n, aplicando el m\u00e9todo cient\u00edfico, y acompa\u00f1ado en todo el proceso por un profesor tutor y, en su caso, por personal investigador de alguna de las entidades colaboradoras en el programa.<\/p>\n\n\n\n<figure class=\"wp-block-pullquote alignwide\"><blockquote><p><em>El pensamiento creativo no es un talento m\u00edstico. Es una habilidad que se puede practicar y ense\u00f1ar<\/em>.<\/p><cite>Edward de Bono, psic\u00f3logo.<\/cite><\/blockquote><\/figure>\n\n\n\n<h2 class=\"has-text-align-center\"><strong><em>\u00bfPor qu\u00e9 cursar Bi+?<\/em><\/strong> <\/h2>\n\n\n\n<p>\u2794<strong>Mejora tu formaci\u00f3n: <\/strong>aprender\u00e1s y pondr\u00e1s en pr\u00e1ctica las herramientas y destrezas asociadas a la investigaci\u00f3n y m\u00e9todo cient\u00edfico. Tendr\u00e1s la oportunidad de interactuar con profesionales de distintas entidades e incluso de realizar estancias o pr\u00e1cticas. <br>\u2794<strong>Mejora tu expediente acad\u00e9mico:<\/strong> la calificaci\u00f3n del proyecto de investigaci\u00f3n se a\u00f1ade a tu nota media final del Bachillerato, que puede verse incrementada hasta 1 punto.<br> \u2794<strong>Enriquece tu <em>curriculum vitae<\/em>:<\/strong> el certificado de participaci\u00f3n en el programa, la participaci\u00f3n en congresos y publicaciones y la posibilidad de acceder a premios\u2026 todo ello puede resultar ventajoso en tu futuro universitario para acceder a ayudas y becas.<br>\u2794<strong>Te ayuda a decidir:<\/strong> \u00bfqui\u00e9n no se ha preguntado en 2\u00ba de Bachillerato: \u201cy yo, \u00bfqu\u00e9 quiero estudiar\u2026\u201d? Participar en el programa Bi+ te dar\u00e1 la oportunidad de profundizar en un \u00e1rea concreta del conocimiento y de acercarte a su realidad universitaria y profesional. Esta experiencia en primera persona te puede ayudar enormemente a la hora de optar con m\u00e1s seguridad por unos estudios universitarios u otros.<\/p>\n\n\n\n<figure class=\"wp-block-image size-large\"><img loading=\"lazy\" width=\"1024\" height=\"734\" src=\"https:\/\/iesbaran.educacion.navarra.es\/web\/wp-content\/uploads\/2021\/02\/exterior_def.jpg-1024x734.png\" alt=\"\" class=\"wp-image-844\" srcset=\"https:\/\/iesbaran.educacion.navarra.es\/web\/wp-content\/uploads\/2021\/02\/exterior_def.jpg-1024x734.png 1024w, https:\/\/iesbaran.educacion.navarra.es\/web\/wp-content\/uploads\/2021\/02\/exterior_def.jpg-300x215.png 300w, https:\/\/iesbaran.educacion.navarra.es\/web\/wp-content\/uploads\/2021\/02\/exterior_def.jpg-768x550.png 768w, https:\/\/iesbaran.educacion.navarra.es\/web\/wp-content\/uploads\/2021\/02\/exterior_def.jpg.png 1080w\" sizes=\"(max-width: 1024px) 100vw, 1024px\" \/><\/figure>\n\n\n\n<hr class=\"wp-block-separator is-style-wide\"\/>\n\n\n\n<h2>Proceso de selecci\u00f3n:<\/h2>\n\n\n\n<p>En este apartado puedes encontrar los <strong>criterios de selecci\u00f3n<\/strong> que se seguir\u00e1n en el caso de que el n\u00famero de solicitudes de acceso al programa Bi+ exceda las plazas disponibles. Para el pr\u00f3ximo curso 2020-21 la oferta es de <strong>20 plazas<\/strong>.&nbsp;<\/p>\n\n\n\n<p>El proceso de selecci\u00f3n tendr\u00e1 en cuenta los siguientes aspectos, hasta una puntuaci\u00f3n m\u00e1xima de 100 puntos:<\/p>\n\n\n\n<ol><li>El expediente acad\u00e9mico del alumno\/-a: hasta un m\u00e1ximo de 60 puntos.<\/li><li>Habilidades l\u00f3gicas y motivaci\u00f3n: hasta un m\u00e1ximo de 20 puntos. Se valorar\u00e1n a trav\u00e9s de una prueba escrita que se desarrollar\u00e1 el <strong>mi\u00e9rcoles 23 de junio a las 9:00 horas en el gimnasio del IES Bara\u00f1\u00e1in<\/strong> (Edificio Central. Avenida Central, n\u00ba 3).<\/li><li>Otros m\u00e9ritos: hasta un m\u00e1ximo de 20 puntos. S\u00f3lo se admitir\u00e1n m\u00e9ritos alcanzados antes del 15 de junio del presente curso y cuya documentaci\u00f3n acreditativa se entregue en la Oficina del centro antes de esa fecha l\u00edmite.&nbsp;<\/li><\/ol>\n\n\n\n<p>El expediente acad\u00e9mico ser\u00e1 tenido en cuenta por defecto. La presentaci\u00f3n de otros m\u00e9ritos distintos al expediente, incluidos en los apartados 2 y 3, es opcional. S\u00ed se solicitar\u00e1 una carta de motivaci\u00f3n a todos los candidatos. Tras el periodo de matr\u00edcula, todo el alumnado preinscrito en el programa recibir\u00e1 instrucciones detalladas por correo electr\u00f3nico.<\/p>\n\n\n\n<p>El resultado final del proceso de selecci\u00f3n se har\u00e1 p\u00fablico con anterioridad al 30 de junio.<br>Para dudas o consultas, pueden enviar un correo a <a href=\"mailto:iesbaran-bi@educacion.navarra.es\" target=\"_blank\" rel=\"noreferrer noopener\">iesbaran-bi@educacion.navarra.es<\/a><\/p>\n\n\n\n<div class=\"wp-container-1 wp-block-buttons is-content-justification-center\">\n<div class=\"wp-block-button\"><a class=\"wp-block-button__link has-theme-primary-background-color has-background\" href=\"https:\/\/drive.google.com\/file\/d\/1A26A3FGjVxI5UG3uGwZJUe5oDydM8C1V\/view?usp=sharing\" target=\"_blank\" rel=\"noreferrer noopener\">Descarga el documento con los criterios de selecci\u00f3n<\/a><\/div>\n<\/div>\n\n\n\n<hr class=\"wp-block-separator\"\/>\n\n\n\n<h3>Resultados prueba acceso y listado provisional de admitidos:<\/h3>\n\n\n\n<div class=\"wp-container-2 wp-block-buttons is-content-justification-center\">\n<div class=\"wp-block-button\"><a class=\"wp-block-button__link has-background\" href=\"https:\/\/drive.google.com\/file\/d\/1NR4fBr5mIZFfKe26H_UjKWuuRQu1p6eX\/view?usp=sharing\" style=\"border-radius:10px;background:linear-gradient(135deg,rgb(100,102,221) 0%,rgb(25,0,48) 95%)\" target=\"_blank\" rel=\"noreferrer noopener\">resultados de la  prueba<\/a><\/div>\n\n\n\n<div class=\"wp-block-button\"><a class=\"wp-block-button__link has-midnight-gradient-background has-background\" href=\"https:\/\/drive.google.com\/file\/d\/1G9Nj73MQ4KF1oDdGAExvQjx-WAXeg44_\/view?usp=sharing\" style=\"border-radius:10px\" target=\"_blank\" rel=\"noreferrer noopener\">listado provisional de admitidos<\/a><\/div>\n<\/div>\n\n\n\n<div class=\"wp-container-3 wp-block-buttons is-content-justification-center\">\n<div class=\"wp-block-button\"><a class=\"wp-block-button__link has-luminous-vivid-orange-to-vivid-red-gradient-background has-background\" href=\"https:\/\/drive.google.com\/file\/d\/1zG8HpCzvvAs1tM6k0Hs0fkIH3MiYO5Fo\/view?usp=sharing\" style=\"border-radius:10px\" target=\"_blank\" rel=\"noreferrer noopener\"><strong>listado definitivo de admitidos<\/strong><\/a><\/div>\n<\/div>\n\n\n\n<hr class=\"wp-block-separator is-style-wide\"\/>\n\n\n\n<p class=\"has-text-align-center\">Descarga la gu\u00eda completa del  Bachillerato de investigaci\u00f3n:<\/p>\n\n\n\n<div class=\"wp-container-4 wp-block-buttons is-content-justification-center\">\n<div class=\"wp-block-button\"><a class=\"wp-block-button__link\" href=\"https:\/\/drive.google.com\/file\/d\/1veL7PnQSaQqIJXQAkhQ9RwjL0KCjIrkE\/view?usp=sharing\" target=\"_blank\" rel=\"noreferrer noopener\">GU\u00cdA<\/a><\/div>\n<\/div>\n\n\n\n<p><\/p>\n\n\n\n<p class=\"has-text-align-center\">Video explicativo:<\/p>\n\n\n\n<figure class=\"wp-block-embed alignwide is-type-video is-provider-youtube wp-block-embed-youtube wp-embed-aspect-16-9 wp-has-aspect-ratio\"><div class=\"wp-block-embed__wrapper\">\n<iframe loading=\"lazy\" title=\"Bachillerato de investigaci\u00f3n Bi+   IES Bara\u00f1\u00e1in\" width=\"500\" height=\"281\" src=\"https:\/\/www.youtube.com\/embed\/61DWw0IwjVY?feature=oembed\" frameborder=\"0\" allow=\"accelerometer; autoplay; clipboard-write; encrypted-media; gyroscope; picture-in-picture\" allowfullscreen><\/iframe>\n<\/div><\/figure>\n","protected":false},"excerpt":{"rendered":"<p>Es un programa educativo, compatible e integrado en cualquiera de los cuatro itinerarios del Bachillerato que se ofertan en nuestro centro: Humanidades, Ciencias Sociales, Ciencias de la Salud, Ciencias e Ingenier\u00eda. Se desarrolla a lo largo de los dos cursos del Bachillerato, en los que el alumnado participante tendr\u00e1 la oportunidad de desarrollar un proyecto [&hellip;]<\/p>\n","protected":false},"author":1,"featured_media":843,"parent":0,"menu_order":0,"comment_status":"closed","ping_status":"closed","template":"","meta":{"_genesis_hide_title":false,"_genesis_hide_breadcrumbs":false,"_genesis_hide_singular_image":false,"_genesis_hide_footer_widgets":false,"_genesis_custom_body_class":"","_genesis_custom_post_class":"","_genesis_layout":""},"featured_image_src":"https:\/\/iesbaran.educacion.navarra.es\/web\/wp-content\/uploads\/2021\/02\/DSC_4657.JPG-600x400.png","featured_image_src_square":"https:\/\/iesbaran.educacion.navarra.es\/web\/wp-content\/uploads\/2021\/02\/DSC_4657.JPG-600x600.png","_links":{"self":[{"href":"https:\/\/iesbaran.educacion.navarra.es\/web\/wp-json\/wp\/v2\/pages\/841"}],"collection":[{"href":"https:\/\/iesbaran.educacion.navarra.es\/web\/wp-json\/wp\/v2\/pages"}],"about":[{"href":"https:\/\/iesbaran.educacion.navarra.es\/web\/wp-json\/wp\/v2\/types\/page"}],"author":[{"embeddable":true,"href":"https:\/\/iesbaran.educacion.navarra.es\/web\/wp-json\/wp\/v2\/users\/1"}],"replies":[{"embeddable":true,"href":"https:\/\/iesbaran.educacion.navarra.es\/web\/wp-json\/wp\/v2\/comments?post=841"}],"version-history":[{"count":22,"href":"https:\/\/iesbaran.educacion.navarra.es\/web\/wp-json\/wp\/v2\/pages\/841\/revisions"}],"predecessor-version":[{"id":1347,"href":"https:\/\/iesbaran.educacion.navarra.es\/web\/wp-json\/wp\/v2\/pages\/841\/revisions\/1347"}],"wp:featuredmedia":[{"embeddable":true,"href":"https:\/\/iesbaran.educacion.navarra.es\/web\/wp-json\/wp\/v2\/media\/843"}],"wp:attachment":[{"href":"https:\/\/iesbaran.educacion.navarra.es\/web\/wp-json\/wp\/v2\/media?parent=841"}],"curies":[{"name":"wp","href":"https:\/\/api.w.org\/{rel}","templated":true}]}}