{"id":826,"date":"2021-02-25T23:36:15","date_gmt":"2021-02-25T22:36:15","guid":{"rendered":"https:\/\/iesbaran.educacion.navarra.es\/web\/?page_id=826"},"modified":"2022-05-30T10:38:10","modified_gmt":"2022-05-30T08:38:10","slug":"actiun","status":"publish","type":"page","link":"https:\/\/iesbaran.educacion.navarra.es\/web\/actiun\/","title":{"rendered":"Actiun"},"content":{"rendered":"\n<h2 class=\"has-text-align-center\">Actiun reloaded II 2021-2022<\/h2>\n\n\n\n<p>El proyecto <strong><em>Actiun reloaded II<\/em><\/strong> es una continuaci\u00f3n del proyecto Actiun reloaded iniciado el a\u00f1o pasado. Ambos proyectos parten de las propuestas metodol\u00f3gicas y objetivos establecidos en el proyecto de innovaci\u00f3n ACTIUN (2013-2019), pero a\u00f1aden al mismo objetivos nuevos a fin de adaptarlo a las nuevas realidades e inquietudes del centro.&nbsp;<\/p>\n\n\n\n<p>ACTIUN naci\u00f3 con la idea de desarrollar las metodolog\u00edas relacionadas con el<strong> A<\/strong>prendizaje <strong>C<\/strong>olaborativo, las <strong>T<\/strong>ecnolog\u00edas de la <strong>I<\/strong>nformaci\u00f3n y con sesiones pr\u00e1cticas en la <strong>UN<\/strong>iversidad, de ah\u00ed sus siglas.\u00a0 La idea inicial ten\u00eda el doble prop\u00f3sito de mejorar la calidad de la ense\u00f1anza en nuestro centro y abrir horizontes a nuestro alumnado, especialmente en los \u00faltimos cursos de su etapa formativa (4\u00ba ESO-Bachillerato).\u00a0 Con este fin, desde su origen diferentes docentes han ido realizando una serie de propuestas basadas en metodolog\u00edas activas para las etapas de ESO y Bachillerato. Adem\u00e1s,\u00a0 el alumnado de 4\u00ba ESO y 1\u00ba de Bachillerato voluntariamente participa en un programa de<a href=\"https:\/\/drive.google.com\/file\/d\/1Lz7dML_53M7Fthz7vccsJTTRP0hwwrEj\/view\"> sesiones te\u00f3rico-pr\u00e1cticas<\/a> guiadas por personal docente e investigador de la UPNA, en sus propias instalaciones.<\/p>\n\n\n\n<p>Como ya se ha mencionado, el curso pasado se realiz\u00f3 una actualizaci\u00f3n del proyecto, <em>ACTIUN reloaded<\/em>. Con \u00e9l se consolidaron y extendieron los logros de los pasados cursos, destacando la puesta en marcha de un programa con entidad propia: el Bachillerato de investigaci\u00f3n (BI+) para atender la formaci\u00f3n preuniversitaria del alumnado con la mayor calidad posible. (Se puede encontrar m\u00e1s informaci\u00f3n acerca del BI+ en esta misma web). En el curso 2021-2022 se han puesto en marcha nuevas iniciativas de trabajo cooperativo e interdepartamental a trav\u00e9s de proyectos como el <a href=\"https:\/\/view.genial.ly\/62697aeaa2c9c400139474d2\/interactive-content-proyecto-huerto-escolar\" target=\"_blank\" rel=\"noreferrer noopener\">huerto escolar<\/a> y el <a href=\"https:\/\/drive.google.com\/file\/d\/1RLcvA5BkQermGpd8s6es8ESe1PHH7u4C\/view?usp=sharing\" target=\"_blank\" rel=\"noreferrer noopener\">I Torneo de Debate del IES Bara\u00f1\u00e1in.<\/a><\/p>\n\n\n\n<hr class=\"wp-block-separator\"\/>\n\n\n\n<hr class=\"wp-block-separator is-style-default\"\/>\n\n\n\n<h3>Presentaci\u00f3n de ACTIUN en las jornadas de innovaci\u00f3n educativa del Consejo Escolar de Navarra:<\/h3>\n\n\n\n<figure class=\"wp-block-embed is-type-video is-provider-youtube wp-block-embed-youtube wp-embed-aspect-16-9 wp-has-aspect-ratio\"><div class=\"wp-block-embed__wrapper\">\n<iframe loading=\"lazy\" title=\"Actiun IES Bara\u00f1\u00e1in Jornadas Tudela CE\" width=\"500\" height=\"281\" src=\"https:\/\/www.youtube.com\/embed\/3YdHx3PAXmg?feature=oembed\" frameborder=\"0\" allow=\"accelerometer; autoplay; clipboard-write; encrypted-media; gyroscope; picture-in-picture\" allowfullscreen><\/iframe>\n<\/div><\/figure>\n","protected":false},"excerpt":{"rendered":"<p>Actiun reloaded II 2021-2022 El proyecto Actiun reloaded II es una continuaci\u00f3n del proyecto Actiun reloaded iniciado el a\u00f1o pasado. Ambos proyectos parten de las propuestas metodol\u00f3gicas y objetivos establecidos en el proyecto de innovaci\u00f3n ACTIUN (2013-2019), pero a\u00f1aden al mismo objetivos nuevos a fin de adaptarlo a las nuevas realidades e inquietudes del centro.&nbsp; [&hellip;]<\/p>\n","protected":false},"author":1,"featured_media":153,"parent":0,"menu_order":0,"comment_status":"closed","ping_status":"closed","template":"","meta":{"_genesis_hide_title":true,"_genesis_hide_breadcrumbs":false,"_genesis_hide_singular_image":false,"_genesis_hide_footer_widgets":false,"_genesis_custom_body_class":"","_genesis_custom_post_class":"","_genesis_layout":""},"featured_image_src":"https:\/\/iesbaran.educacion.navarra.es\/web\/wp-content\/uploads\/2020\/06\/descarga-3.png","featured_image_src_square":"https:\/\/iesbaran.educacion.navarra.es\/web\/wp-content\/uploads\/2020\/06\/descarga-3.png","_links":{"self":[{"href":"https:\/\/iesbaran.educacion.navarra.es\/web\/wp-json\/wp\/v2\/pages\/826"}],"collection":[{"href":"https:\/\/iesbaran.educacion.navarra.es\/web\/wp-json\/wp\/v2\/pages"}],"about":[{"href":"https:\/\/iesbaran.educacion.navarra.es\/web\/wp-json\/wp\/v2\/types\/page"}],"author":[{"embeddable":true,"href":"https:\/\/iesbaran.educacion.navarra.es\/web\/wp-json\/wp\/v2\/users\/1"}],"replies":[{"embeddable":true,"href":"https:\/\/iesbaran.educacion.navarra.es\/web\/wp-json\/wp\/v2\/comments?post=826"}],"version-history":[{"count":12,"href":"https:\/\/iesbaran.educacion.navarra.es\/web\/wp-json\/wp\/v2\/pages\/826\/revisions"}],"predecessor-version":[{"id":2016,"href":"https:\/\/iesbaran.educacion.navarra.es\/web\/wp-json\/wp\/v2\/pages\/826\/revisions\/2016"}],"wp:featuredmedia":[{"embeddable":true,"href":"https:\/\/iesbaran.educacion.navarra.es\/web\/wp-json\/wp\/v2\/media\/153"}],"wp:attachment":[{"href":"https:\/\/iesbaran.educacion.navarra.es\/web\/wp-json\/wp\/v2\/media?parent=826"}],"curies":[{"name":"wp","href":"https:\/\/api.w.org\/{rel}","templated":true}]}}