{"id":3366,"date":"2024-05-14T09:45:10","date_gmt":"2024-05-14T07:45:10","guid":{"rendered":"https:\/\/iesbaran.educacion.navarra.es\/web\/?page_id=3366"},"modified":"2025-05-14T13:05:24","modified_gmt":"2025-05-14T11:05:24","slug":"informacion-matricula-evau-y-titulo-bachillerato","status":"publish","type":"page","link":"https:\/\/iesbaran.educacion.navarra.es\/web\/informacion-matricula-evau-y-titulo-bachillerato\/","title":{"rendered":"Informaci\u00f3n matr\u00edcula PAU y t\u00edtulo Bachillerato"},"content":{"rendered":"\n<h1 class=\"has-text-align-center has-theme-primary-color has-text-color\">2025<\/h1>\n\n\n\n<h2>Aprobados en la convocatoria Ordinaria:<\/h2>\n\n\n\n<p class=\"has-text-align-center has-theme-primary-color has-text-color\"><strong>Mi\u00e9rcoles 21 de mayo<\/strong>:<\/p>\n\n\n\n<p>Solicitud t\u00edtulo y matriculaci\u00f3n PAU <mark style=\"background-color:rgba(0, 0, 0, 0);color:#f08724\" class=\"has-inline-color\">seg\u00fan el horario de citas establecido<\/mark>. <\/p>\n\n\n\n<p>Tambi\u00e9n se realizar\u00e1 la devoluci\u00f3n y revisi\u00f3n de <strong>Chromebooks <\/strong>(inc. funda y cargador).<\/p>\n\n\n\n<div class=\"wp-container-1 wp-block-buttons\">\n<div class=\"wp-block-button\"><a class=\"wp-block-button__link\" href=\"https:\/\/drive.google.com\/file\/d\/1LzehdM8a8wS0QKbaAZh9SFOJiHSEsWVr\/view?usp=sharing\" target=\"_blank\" rel=\"noreferrer noopener\">HORARIO DE CITAS<\/a><\/div>\n<\/div>\n\n\n\n<div style=\"height:65px\" aria-hidden=\"true\" class=\"wp-block-spacer\"><\/div>\n\n\n\n<h3>T\u00edtulo de Bachillerato:<\/h3>\n\n\n\n<p>Todo el alumnado que supere 2\u00ba Bachillerato en la convocatoria ordinaria, se presente o no a la PAU, debe solicitar el T\u00edtulo de Bachillerato.<\/p>\n\n\n\n<div class=\"wp-block-genesis-blocks-gb-columns gb-layout-columns-2 gb-2-col-equal\"><div class=\"gb-layout-column-wrap gb-block-layout-column-gap-2 gb-is-responsive-column\">\n<div class=\"wp-block-genesis-blocks-gb-column gb-block-layout-column\"><div class=\"gb-block-layout-column-inner\">\n<div style=\"height:10px\" aria-hidden=\"true\" class=\"wp-block-spacer\"><\/div>\n\n\n\n<div class=\"wp-container-2 wp-block-buttons\">\n<div class=\"wp-block-button\"><a class=\"wp-block-button__link has-theme-primary-background-color has-background\" href=\"https:\/\/drive.google.com\/file\/d\/1MB6agruJq8RKaBIvHq36JGmP_1SobYRb\/view?usp=sharing\" target=\"_blank\" rel=\"noreferrer noopener\">INFO T\u00cdTULO<\/a><\/div>\n<\/div>\n<\/div><\/div>\n\n\n\n<div class=\"wp-block-genesis-blocks-gb-column gb-block-layout-column\"><div class=\"gb-block-layout-column-inner\">\n<div style=\"height:10px\" aria-hidden=\"true\" class=\"wp-block-spacer\"><\/div>\n\n\n\n<div class=\"wp-container-3 wp-block-buttons\">\n<div class=\"wp-block-button\"><a class=\"wp-block-button__link has-theme-primary-background-color has-background\" href=\"https:\/\/drive.google.com\/file\/d\/1M21-wp4b1X_5DtavJo7qQyiS-KaOpzzL\/view?usp=sharing\" target=\"_blank\" rel=\"noreferrer noopener\">SOLICITUD T\u00cdTULO<\/a><\/div>\n<\/div>\n<\/div><\/div>\n<\/div><\/div>\n\n\n\n<div style=\"height:65px\" aria-hidden=\"true\" class=\"wp-block-spacer\"><\/div>\n\n\n\n<h3>PAU:<\/h3>\n\n\n\n<p>Informaci\u00f3n:<\/p>\n\n\n\n<div class=\"wp-block-genesis-blocks-gb-columns gb-layout-columns-1 gb-1-col-equal\"><div class=\"gb-layout-column-wrap gb-block-layout-column-gap-2 gb-is-responsive-column\">\n<div class=\"wp-block-genesis-blocks-gb-column gb-block-layout-column\"><div class=\"gb-block-layout-column-inner\">\n<div class=\"wp-container-4 wp-block-buttons\">\n<div class=\"wp-block-button\"><a class=\"wp-block-button__link has-theme-secondary-background-color has-background\" href=\"https:\/\/drive.google.com\/file\/d\/1M4oZWe2CZLihQaqpp0P1eL-QzmYM0_Ai\/view?usp=sharing\" target=\"_blank\" rel=\"noreferrer noopener\">INFO matr\u00edcula PAU<\/a><\/div>\n<\/div>\n<\/div><\/div>\n<\/div><\/div>\n\n\n\n<div style=\"height:41px\" aria-hidden=\"true\" class=\"wp-block-spacer\"><\/div>\n\n\n\n<p>Impresos de matr\u00edcula:<\/p>\n\n\n\n<div class=\"wp-container-5 wp-block-buttons\">\n<div class=\"wp-block-button\"><a class=\"wp-block-button__link has-background\" href=\"https:\/\/drive.google.com\/file\/d\/1LufHzuE2VS5_RU0uVYL2xS6IeihkZSXE\/view?usp=sharing\" style=\"background-color:#f90000\" target=\"_blank\" rel=\"noreferrer noopener\">SOLO PAU<\/a><\/div>\n\n\n\n<div class=\"wp-block-button\"><a class=\"wp-block-button__link has-background\" href=\"https:\/\/drive.google.com\/file\/d\/1LzAoFBqy6uubRjx9Nk4EazwXjnN4rF39\/view?usp=sharing\" style=\"background-color:#0051ff\" target=\"_blank\" rel=\"noreferrer noopener\">SOLO FASE VOLUNTARIA<\/a><\/div>\n\n\n\n<div class=\"wp-block-button\"><a class=\"wp-block-button__link has-background\" href=\"https:\/\/drive.google.com\/file\/d\/1MI0_Z_Vdk_QPvnLKAV1iyOwYcK3cIr5u\/view?usp=sharing\" style=\"background:linear-gradient(135deg,rgb(254,205,165) 0%,rgb(254,45,45) 21%,rgb(107,0,62) 100%)\" target=\"_blank\" rel=\"noreferrer noopener\">PAU + FASE VOLUNTARIA<\/a><\/div>\n<\/div>\n\n\n\n<p class=\"has-text-align-center has-small-font-size\">Imprimir a doble cara<\/p>\n","protected":false},"excerpt":{"rendered":"<p>2025 Aprobados en la convocatoria Ordinaria: Mi\u00e9rcoles 21 de mayo: Solicitud t\u00edtulo y matriculaci\u00f3n PAU seg\u00fan el horario de citas establecido. Tambi\u00e9n se realizar\u00e1 la devoluci\u00f3n y revisi\u00f3n de Chromebooks (inc. funda y cargador). T\u00edtulo de Bachillerato: Todo el alumnado que supere 2\u00ba Bachillerato en la convocatoria ordinaria, se presente o no a la PAU, [&hellip;]<\/p>\n","protected":false},"author":1,"featured_media":1144,"parent":0,"menu_order":0,"comment_status":"closed","ping_status":"closed","template":"","meta":{"_genesis_hide_title":false,"_genesis_hide_breadcrumbs":false,"_genesis_hide_singular_image":false,"_genesis_hide_footer_widgets":false,"_genesis_custom_body_class":"","_genesis_custom_post_class":"","_genesis_layout":""},"featured_image_src":"https:\/\/iesbaran.educacion.navarra.es\/web\/wp-content\/uploads\/2021\/05\/236136_100000Evau-Pamplona-edited-600x400.jpg","featured_image_src_square":"https:\/\/iesbaran.educacion.navarra.es\/web\/wp-content\/uploads\/2021\/05\/236136_100000Evau-Pamplona-edited-600x600.jpg","_links":{"self":[{"href":"https:\/\/iesbaran.educacion.navarra.es\/web\/wp-json\/wp\/v2\/pages\/3366"}],"collection":[{"href":"https:\/\/iesbaran.educacion.navarra.es\/web\/wp-json\/wp\/v2\/pages"}],"about":[{"href":"https:\/\/iesbaran.educacion.navarra.es\/web\/wp-json\/wp\/v2\/types\/page"}],"author":[{"embeddable":true,"href":"https:\/\/iesbaran.educacion.navarra.es\/web\/wp-json\/wp\/v2\/users\/1"}],"replies":[{"embeddable":true,"href":"https:\/\/iesbaran.educacion.navarra.es\/web\/wp-json\/wp\/v2\/comments?post=3366"}],"version-history":[{"count":11,"href":"https:\/\/iesbaran.educacion.navarra.es\/web\/wp-json\/wp\/v2\/pages\/3366\/revisions"}],"predecessor-version":[{"id":3974,"href":"https:\/\/iesbaran.educacion.navarra.es\/web\/wp-json\/wp\/v2\/pages\/3366\/revisions\/3974"}],"wp:featuredmedia":[{"embeddable":true,"href":"https:\/\/iesbaran.educacion.navarra.es\/web\/wp-json\/wp\/v2\/media\/1144"}],"wp:attachment":[{"href":"https:\/\/iesbaran.educacion.navarra.es\/web\/wp-json\/wp\/v2\/media?parent=3366"}],"curies":[{"name":"wp","href":"https:\/\/api.w.org\/{rel}","templated":true}]}}