{"id":309,"date":"2020-08-17T13:52:18","date_gmt":"2020-08-17T11:52:18","guid":{"rendered":"https:\/\/iesbaran.educacion.navarra.es\/web\/?page_id=309"},"modified":"2026-02-26T12:49:52","modified_gmt":"2026-02-26T11:49:52","slug":"orientacion","status":"publish","type":"page","link":"https:\/\/iesbaran.educacion.navarra.es\/web\/orientacion\/","title":{"rendered":"Orientaci\u00f3n"},"content":{"rendered":"\n<hr class=\"wp-block-separator is-style-theme-separator\"\/>\n\n\n\n<h3 class=\"has-text-align-center\"><strong>Informaci\u00f3n general<\/strong><\/h3>\n\n\n\n<p class=\"has-text-align-center\"><a href=\"https:\/\/drive.google.com\/drive\/folders\/1t-Etpfgjxq0JVh5jCiMxhPGYeq0LedUY?usp=sharing\" target=\"_blank\" rel=\"noreferrer noopener\">Formaci\u00f3n Profesional<\/a><\/p>\n\n\n\n<p class=\"has-text-align-center\"><a href=\"https:\/\/www.elorienta.com\/iesbaranain\/\" target=\"_blank\" rel=\"noreferrer noopener\">Blog de orientaci\u00f3n<\/a><\/p>\n\n\n\n<p class=\"has-text-align-center\"><a href=\"http:\/\/www.orientaline.es\/?yafxb=21798\" target=\"_blank\" rel=\"noreferrer noopener\">Programa ORIENTA<\/a><\/p>\n\n\n\n<p class=\"has-text-align-center\"><a href=\"http:\/\/iesbaran.educacion.navarra.es\/general\/selectividad.php\">EvAU<\/a><\/p>\n\n\n\n<p class=\"has-text-align-center\"><a href=\"https:\/\/iesbaran.educacion.navarra.es\/web\/oferta-academica\/\">Oferta educativa del centro<\/a><\/p>\n\n\n\n<p class=\"has-text-align-center\"><a href=\"https:\/\/iesbaran.educacion.navarra.es\/web\/informacion-sobre-las-asignaturas\/\">Materias optativas<\/a><\/p>\n\n\n\n<hr class=\"wp-block-separator is-style-theme-separator\"\/>\n\n\n\n<p><\/p>\n","protected":false},"excerpt":{"rendered":"<p>Informaci\u00f3n general Formaci\u00f3n Profesional Blog de orientaci\u00f3n Programa ORIENTA EvAU Oferta educativa del centro Materias optativas<\/p>\n","protected":false},"author":1,"featured_media":312,"parent":0,"menu_order":0,"comment_status":"closed","ping_status":"closed","template":"","meta":{"_genesis_hide_title":false,"_genesis_hide_breadcrumbs":false,"_genesis_hide_singular_image":false,"_genesis_hide_footer_widgets":false,"_genesis_custom_body_class":"","_genesis_custom_post_class":"","_genesis_layout":""},"featured_image_src":"https:\/\/iesbaran.educacion.navarra.es\/web\/wp-content\/uploads\/2020\/08\/brujula.jpg","featured_image_src_square":"https:\/\/iesbaran.educacion.navarra.es\/web\/wp-content\/uploads\/2020\/08\/brujula.jpg","_links":{"self":[{"href":"https:\/\/iesbaran.educacion.navarra.es\/web\/wp-json\/wp\/v2\/pages\/309"}],"collection":[{"href":"https:\/\/iesbaran.educacion.navarra.es\/web\/wp-json\/wp\/v2\/pages"}],"about":[{"href":"https:\/\/iesbaran.educacion.navarra.es\/web\/wp-json\/wp\/v2\/types\/page"}],"author":[{"embeddable":true,"href":"https:\/\/iesbaran.educacion.navarra.es\/web\/wp-json\/wp\/v2\/users\/1"}],"replies":[{"embeddable":true,"href":"https:\/\/iesbaran.educacion.navarra.es\/web\/wp-json\/wp\/v2\/comments?post=309"}],"version-history":[{"count":15,"href":"https:\/\/iesbaran.educacion.navarra.es\/web\/wp-json\/wp\/v2\/pages\/309\/revisions"}],"predecessor-version":[{"id":4297,"href":"https:\/\/iesbaran.educacion.navarra.es\/web\/wp-json\/wp\/v2\/pages\/309\/revisions\/4297"}],"wp:featuredmedia":[{"embeddable":true,"href":"https:\/\/iesbaran.educacion.navarra.es\/web\/wp-json\/wp\/v2\/media\/312"}],"wp:attachment":[{"href":"https:\/\/iesbaran.educacion.navarra.es\/web\/wp-json\/wp\/v2\/media?parent=309"}],"curies":[{"name":"wp","href":"https:\/\/api.w.org\/{rel}","templated":true}]}}