{"id":283,"date":"2020-08-04T16:37:54","date_gmt":"2020-08-04T14:37:54","guid":{"rendered":"https:\/\/iesbaran.educacion.navarra.es\/web\/?page_id=283"},"modified":"2026-01-23T09:26:23","modified_gmt":"2026-01-23T08:26:23","slug":"alumnado","status":"publish","type":"page","link":"https:\/\/iesbaran.educacion.navarra.es\/web\/alumnado\/","title":{"rendered":"Alumnado"},"content":{"rendered":"\n<div style=\"height:25px\" aria-hidden=\"true\" class=\"wp-block-spacer\"><\/div>\n\n\n\n<div class=\"wp-block-genesis-blocks-gb-columns gb-layout-columns-1 one-column gb-has-background-dim gb-has-background-dim-20 gb-background-cover gb-background-no-repeat gb-has-custom-background-color gb-has-custom-text-color gb-columns-center alignfull\" style=\"padding-top:3%;padding-right:8%;padding-bottom:3%;padding-left:8%;background-color:#0e274d;color:#ffffff;background-image:url(https:\/\/iesbaran.educacion.navarra.es\/web\/wp-content\/uploads\/2020\/08\/people-2557396_1920.jpg);background-position:67% 25%\"><div class=\"gb-layout-column-wrap gb-block-layout-column-gap-2 gb-is-responsive-column\" style=\"max-width:1034px\">\n<div class=\"wp-block-genesis-blocks-gb-column gb-block-layout-column\"><div class=\"gb-block-layout-column-inner\">\n<div class=\"wp-block-genesis-blocks-gb-columns gb-layout-columns-3 gb-3-col-equal gb-has-custom-text-color\" style=\"color:#ffffff\"><div class=\"gb-layout-column-wrap gb-block-layout-column-gap-2 gb-is-responsive-column\">\n<div class=\"wp-block-genesis-blocks-gb-column gb-block-layout-column\"><div class=\"gb-block-layout-column-inner\">\n<div class=\"wp-block-image is-style-caption-overlay\"><figure class=\"aligncenter size-full is-resized\"><a href=\"https:\/\/drive.google.com\/file\/d\/1DBZ-DzmwWniXagXxKq8Lnig4Gfj41uqs\/view\"><img loading=\"lazy\" src=\"https:\/\/iesbaran.educacion.navarra.es\/web\/wp-content\/uploads\/2021\/08\/inicio-curso.jpg\" alt=\"\" class=\"wp-image-1420\" width=\"321\" height=\"321\" srcset=\"https:\/\/iesbaran.educacion.navarra.es\/web\/wp-content\/uploads\/2021\/08\/inicio-curso.jpg 1000w, https:\/\/iesbaran.educacion.navarra.es\/web\/wp-content\/uploads\/2021\/08\/inicio-curso-300x300.jpg 300w, https:\/\/iesbaran.educacion.navarra.es\/web\/wp-content\/uploads\/2021\/08\/inicio-curso-150x150.jpg 150w, https:\/\/iesbaran.educacion.navarra.es\/web\/wp-content\/uploads\/2021\/08\/inicio-curso-768x768.jpg 768w, https:\/\/iesbaran.educacion.navarra.es\/web\/wp-content\/uploads\/2021\/08\/inicio-curso-600x600.jpg 600w\" sizes=\"(max-width: 321px) 100vw, 321px\" \/><\/a><figcaption>Calendario escolar 25-26<\/figcaption><\/figure><\/div>\n\n\n\n<div class=\"wp-block-image is-style-caption-overlay\"><figure class=\"aligncenter size-full\"><a href=\"https:\/\/iesbaran.educacion.navarra.es\/web\/libros-de-texto\/\" target=\"_blank\" rel=\"noopener\"><img loading=\"lazy\" width=\"967\" height=\"967\" src=\"https:\/\/iesbaran.educacion.navarra.es\/web\/wp-content\/uploads\/2020\/08\/syd-wachs-slItfWbhijc-unsplash-1.jpg\" alt=\"\" class=\"wp-image-236\" srcset=\"https:\/\/iesbaran.educacion.navarra.es\/web\/wp-content\/uploads\/2020\/08\/syd-wachs-slItfWbhijc-unsplash-1.jpg 967w, https:\/\/iesbaran.educacion.navarra.es\/web\/wp-content\/uploads\/2020\/08\/syd-wachs-slItfWbhijc-unsplash-1-300x300.jpg 300w, https:\/\/iesbaran.educacion.navarra.es\/web\/wp-content\/uploads\/2020\/08\/syd-wachs-slItfWbhijc-unsplash-1-150x150.jpg 150w, https:\/\/iesbaran.educacion.navarra.es\/web\/wp-content\/uploads\/2020\/08\/syd-wachs-slItfWbhijc-unsplash-1-768x768.jpg 768w, https:\/\/iesbaran.educacion.navarra.es\/web\/wp-content\/uploads\/2020\/08\/syd-wachs-slItfWbhijc-unsplash-1-600x600.jpg 600w\" sizes=\"(max-width: 967px) 100vw, 967px\" \/><\/a><figcaption>Libros de texto<\/figcaption><\/figure><\/div>\n\n\n\n<div class=\"wp-block-image is-style-caption-overlay\"><figure class=\"aligncenter size-large\"><a href=\"https:\/\/drive.google.com\/file\/d\/14vjsx5apgE3sqH84_tAe_S9r9Oz_9KLC\/view\"><img loading=\"lazy\" width=\"1024\" height=\"1024\" src=\"https:\/\/iesbaran.educacion.navarra.es\/web\/wp-content\/uploads\/2023\/06\/230609-examenes-junio-23-1024x1024.jpg\" alt=\"\" class=\"wp-image-2766\" srcset=\"https:\/\/iesbaran.educacion.navarra.es\/web\/wp-content\/uploads\/2023\/06\/230609-examenes-junio-23-1024x1024.jpg 1024w, https:\/\/iesbaran.educacion.navarra.es\/web\/wp-content\/uploads\/2023\/06\/230609-examenes-junio-23-300x300.jpg 300w, https:\/\/iesbaran.educacion.navarra.es\/web\/wp-content\/uploads\/2023\/06\/230609-examenes-junio-23-150x150.jpg 150w, https:\/\/iesbaran.educacion.navarra.es\/web\/wp-content\/uploads\/2023\/06\/230609-examenes-junio-23-768x768.jpg 768w, https:\/\/iesbaran.educacion.navarra.es\/web\/wp-content\/uploads\/2023\/06\/230609-examenes-junio-23-600x600.jpg 600w, https:\/\/iesbaran.educacion.navarra.es\/web\/wp-content\/uploads\/2023\/06\/230609-examenes-junio-23.jpg 1080w\" sizes=\"(max-width: 1024px) 100vw, 1024px\" \/><\/a><figcaption>Protocolo ausencia a ex\u00e1menes<\/figcaption><\/figure><\/div>\n\n\n\n<div class=\"wp-block-image is-style-caption-overlay\"><figure class=\"aligncenter size-full\"><a href=\"\/\/educa.navarra.es\" target=\"_blank\" rel=\"noopener noreferrer\"><img loading=\"lazy\" width=\"395\" height=\"398\" src=\"https:\/\/iesbaran.educacion.navarra.es\/web\/wp-content\/uploads\/2020\/08\/Logo-educa-famlias.jpg\" alt=\"\" class=\"wp-image-233\" srcset=\"https:\/\/iesbaran.educacion.navarra.es\/web\/wp-content\/uploads\/2020\/08\/Logo-educa-famlias.jpg 395w, https:\/\/iesbaran.educacion.navarra.es\/web\/wp-content\/uploads\/2020\/08\/Logo-educa-famlias-298x300.jpg 298w, https:\/\/iesbaran.educacion.navarra.es\/web\/wp-content\/uploads\/2020\/08\/Logo-educa-famlias-150x150.jpg 150w\" sizes=\"(max-width: 395px) 100vw, 395px\" \/><\/a><figcaption>Educa alumnado<\/figcaption><\/figure><\/div>\n\n\n\n<div class=\"wp-block-image is-style-caption-overlay\"><figure class=\"aligncenter size-full\"><a href=\"http:\/\/iesbaran.educacion.navarra.es\/moodle\" target=\"_blank\" rel=\"noopener noreferrer\"><img loading=\"lazy\" width=\"768\" height=\"768\" src=\"https:\/\/iesbaran.educacion.navarra.es\/web\/wp-content\/uploads\/2020\/09\/6268a8ac-4595-49a2-8f4a-08512dcfa184.png\" alt=\"\" class=\"wp-image-445\" srcset=\"https:\/\/iesbaran.educacion.navarra.es\/web\/wp-content\/uploads\/2020\/09\/6268a8ac-4595-49a2-8f4a-08512dcfa184.png 768w, https:\/\/iesbaran.educacion.navarra.es\/web\/wp-content\/uploads\/2020\/09\/6268a8ac-4595-49a2-8f4a-08512dcfa184-300x300.png 300w, https:\/\/iesbaran.educacion.navarra.es\/web\/wp-content\/uploads\/2020\/09\/6268a8ac-4595-49a2-8f4a-08512dcfa184-150x150.png 150w, https:\/\/iesbaran.educacion.navarra.es\/web\/wp-content\/uploads\/2020\/09\/6268a8ac-4595-49a2-8f4a-08512dcfa184-600x600.png 600w\" sizes=\"(max-width: 768px) 100vw, 768px\" \/><\/a><figcaption>Aula virtual Moodle<\/figcaption><\/figure><\/div>\n<\/div><\/div>\n\n\n\n<div class=\"wp-block-genesis-blocks-gb-column gb-block-layout-column\"><div class=\"gb-block-layout-column-inner\">\n<div class=\"wp-block-image is-style-caption-overlay\"><figure class=\"aligncenter size-full\"><a href=\"https:\/\/ikasnova.digital\/w\/seguridad-de-las-contrase%C3%B1as-del-alumnado?redirect=%2Fnoticias\" target=\"_blank\" rel=\"noopener\"><img loading=\"lazy\" width=\"720\" height=\"720\" src=\"https:\/\/iesbaran.educacion.navarra.es\/web\/wp-content\/uploads\/2024\/09\/Explore-the-Great-Outdoors.png\" alt=\"\" class=\"wp-image-3587\" srcset=\"https:\/\/iesbaran.educacion.navarra.es\/web\/wp-content\/uploads\/2024\/09\/Explore-the-Great-Outdoors.png 720w, https:\/\/iesbaran.educacion.navarra.es\/web\/wp-content\/uploads\/2024\/09\/Explore-the-Great-Outdoors-300x300.png 300w, https:\/\/iesbaran.educacion.navarra.es\/web\/wp-content\/uploads\/2024\/09\/Explore-the-Great-Outdoors-150x150.png 150w, https:\/\/iesbaran.educacion.navarra.es\/web\/wp-content\/uploads\/2024\/09\/Explore-the-Great-Outdoors-50x50.png 50w, https:\/\/iesbaran.educacion.navarra.es\/web\/wp-content\/uploads\/2024\/09\/Explore-the-Great-Outdoors-600x600.png 600w\" sizes=\"(max-width: 720px) 100vw, 720px\" \/><\/a><figcaption>C\u00f3mo reestablecer contrase\u00f1a de EDUCA<\/figcaption><\/figure><\/div>\n\n\n\n<div class=\"wp-block-image is-style-caption-overlay\"><figure class=\"aligncenter size-full\"><a href=\"https:\/\/iesbaran.educacion.navarra.es\/web\/escuela-oficial-de-idiomas-a-distancia\/\"><img loading=\"lazy\" width=\"400\" height=\"400\" src=\"https:\/\/iesbaran.educacion.navarra.es\/web\/wp-content\/uploads\/2023\/05\/230522-EOIDNA.jpg\" alt=\"\" class=\"wp-image-2697\" srcset=\"https:\/\/iesbaran.educacion.navarra.es\/web\/wp-content\/uploads\/2023\/05\/230522-EOIDNA.jpg 400w, https:\/\/iesbaran.educacion.navarra.es\/web\/wp-content\/uploads\/2023\/05\/230522-EOIDNA-300x300.jpg 300w, https:\/\/iesbaran.educacion.navarra.es\/web\/wp-content\/uploads\/2023\/05\/230522-EOIDNA-150x150.jpg 150w\" sizes=\"(max-width: 400px) 100vw, 400px\" \/><\/a><figcaption>Escuela Oficial de Idiomas a Distancia<\/figcaption><\/figure><\/div>\n\n\n\n<div class=\"wp-block-image is-style-caption-overlay\"><figure class=\"aligncenter size-full\"><a href=\"https:\/\/drive.google.com\/file\/d\/1GkcDh4Hf5ihmSWZ-QZtehXsDsqb3fonR\/view\" target=\"_blank\" rel=\"noopener noreferrer\"><img loading=\"lazy\" width=\"639\" height=\"639\" src=\"https:\/\/iesbaran.educacion.navarra.es\/web\/wp-content\/uploads\/2020\/08\/chromebook-cuadrada.jpg\" alt=\"\" class=\"wp-image-287\" srcset=\"https:\/\/iesbaran.educacion.navarra.es\/web\/wp-content\/uploads\/2020\/08\/chromebook-cuadrada.jpg 639w, https:\/\/iesbaran.educacion.navarra.es\/web\/wp-content\/uploads\/2020\/08\/chromebook-cuadrada-300x300.jpg 300w, https:\/\/iesbaran.educacion.navarra.es\/web\/wp-content\/uploads\/2020\/08\/chromebook-cuadrada-150x150.jpg 150w, https:\/\/iesbaran.educacion.navarra.es\/web\/wp-content\/uploads\/2020\/08\/chromebook-cuadrada-600x600.jpg 600w\" sizes=\"(max-width: 639px) 100vw, 639px\" \/><\/a><figcaption>Incidencias chromebooks<\/figcaption><\/figure><\/div>\n\n\n\n<div class=\"wp-block-image is-style-caption-overlay\"><figure class=\"aligncenter size-full\"><a href=\"http:\/\/abiesplus.educacion.navarra.es\/ies31007525\"><img loading=\"lazy\" width=\"512\" height=\"512\" src=\"https:\/\/iesbaran.educacion.navarra.es\/web\/wp-content\/uploads\/2020\/08\/cropped-logo-abiesweb-512.png\" alt=\"\" class=\"wp-image-259\" srcset=\"https:\/\/iesbaran.educacion.navarra.es\/web\/wp-content\/uploads\/2020\/08\/cropped-logo-abiesweb-512.png 512w, https:\/\/iesbaran.educacion.navarra.es\/web\/wp-content\/uploads\/2020\/08\/cropped-logo-abiesweb-512-300x300.png 300w, https:\/\/iesbaran.educacion.navarra.es\/web\/wp-content\/uploads\/2020\/08\/cropped-logo-abiesweb-512-150x150.png 150w\" sizes=\"(max-width: 512px) 100vw, 512px\" \/><\/a><figcaption>Biblioteca<\/figcaption><\/figure><\/div>\n\n\n\n<div class=\"wp-block-image is-style-caption-overlay\"><figure class=\"aligncenter size-full\"><a href=\"https:\/\/iesbaran.educacion.navarra.es\/web\/archivo-fotografico-y-documental\/\"><img loading=\"lazy\" width=\"515\" height=\"515\" src=\"https:\/\/iesbaran.educacion.navarra.es\/web\/wp-content\/uploads\/2020\/08\/gallery-cuadrada.jpg\" alt=\"\" class=\"wp-image-288\" srcset=\"https:\/\/iesbaran.educacion.navarra.es\/web\/wp-content\/uploads\/2020\/08\/gallery-cuadrada.jpg 515w, https:\/\/iesbaran.educacion.navarra.es\/web\/wp-content\/uploads\/2020\/08\/gallery-cuadrada-300x300.jpg 300w, https:\/\/iesbaran.educacion.navarra.es\/web\/wp-content\/uploads\/2020\/08\/gallery-cuadrada-150x150.jpg 150w\" sizes=\"(max-width: 515px) 100vw, 515px\" \/><\/a><figcaption>Galer\u00eda fotogr\u00e1fica y v\u00eddeo<\/figcaption><\/figure><\/div>\n<\/div><\/div>\n\n\n\n<div class=\"wp-block-genesis-blocks-gb-column gb-block-layout-column\"><div class=\"gb-block-layout-column-inner\">\n<div class=\"wp-block-image is-style-caption-overlay\"><figure class=\"aligncenter size-large\"><a href=\"https:\/\/iesbaran.educacion.navarra.es\/web\/informacion-sobre-las-asignaturas\/\"><img loading=\"lazy\" width=\"1022\" height=\"1024\" src=\"https:\/\/iesbaran.educacion.navarra.es\/web\/wp-content\/uploads\/2021\/03\/piqsels.com-id-jfoeg-edited-1022x1024.jpg\" alt=\"\" class=\"wp-image-948\" srcset=\"https:\/\/iesbaran.educacion.navarra.es\/web\/wp-content\/uploads\/2021\/03\/piqsels.com-id-jfoeg-edited-1022x1024.jpg 1022w, https:\/\/iesbaran.educacion.navarra.es\/web\/wp-content\/uploads\/2021\/03\/piqsels.com-id-jfoeg-edited-300x300.jpg 300w, https:\/\/iesbaran.educacion.navarra.es\/web\/wp-content\/uploads\/2021\/03\/piqsels.com-id-jfoeg-edited-150x150.jpg 150w, https:\/\/iesbaran.educacion.navarra.es\/web\/wp-content\/uploads\/2021\/03\/piqsels.com-id-jfoeg-edited-768x769.jpg 768w, https:\/\/iesbaran.educacion.navarra.es\/web\/wp-content\/uploads\/2021\/03\/piqsels.com-id-jfoeg-edited-1534x1536.jpg 1534w, https:\/\/iesbaran.educacion.navarra.es\/web\/wp-content\/uploads\/2021\/03\/piqsels.com-id-jfoeg-edited-2045x2048.jpg 2045w, https:\/\/iesbaran.educacion.navarra.es\/web\/wp-content\/uploads\/2021\/03\/piqsels.com-id-jfoeg-edited-1600x1602.jpg 1600w, https:\/\/iesbaran.educacion.navarra.es\/web\/wp-content\/uploads\/2021\/03\/piqsels.com-id-jfoeg-edited-600x600.jpg 600w\" sizes=\"(max-width: 1022px) 100vw, 1022px\" \/><\/a><figcaption>Informaci\u00f3n asignaturas 25-26<\/figcaption><\/figure><\/div>\n\n\n\n<div class=\"wp-block-image is-style-caption-overlay\"><figure class=\"aligncenter size-full\"><a href=\"https:\/\/iesbaran.educacion.navarra.es\/web\/asignaturas-pendientes\/\" target=\"_blank\" rel=\"noopener noreferrer\"><img loading=\"lazy\" width=\"1280\" height=\"1280\" src=\"https:\/\/iesbaran.educacion.navarra.es\/web\/wp-content\/uploads\/2020\/08\/exam-cuadrada.jpg\" alt=\"\" class=\"wp-image-290\" srcset=\"https:\/\/iesbaran.educacion.navarra.es\/web\/wp-content\/uploads\/2020\/08\/exam-cuadrada.jpg 1280w, https:\/\/iesbaran.educacion.navarra.es\/web\/wp-content\/uploads\/2020\/08\/exam-cuadrada-300x300.jpg 300w, https:\/\/iesbaran.educacion.navarra.es\/web\/wp-content\/uploads\/2020\/08\/exam-cuadrada-1024x1024.jpg 1024w, https:\/\/iesbaran.educacion.navarra.es\/web\/wp-content\/uploads\/2020\/08\/exam-cuadrada-150x150.jpg 150w, https:\/\/iesbaran.educacion.navarra.es\/web\/wp-content\/uploads\/2020\/08\/exam-cuadrada-768x768.jpg 768w, https:\/\/iesbaran.educacion.navarra.es\/web\/wp-content\/uploads\/2020\/08\/exam-cuadrada-600x600.jpg 600w\" sizes=\"(max-width: 1280px) 100vw, 1280px\" \/><\/a><figcaption>Info sobre asignaturas pendientes<\/figcaption><\/figure><\/div>\n\n\n\n<div class=\"wp-block-image is-style-caption-overlay\"><figure class=\"aligncenter size-full\"><a href=\"https:\/\/iesbaran.educacion.navarra.es\/web\/orientacion\/\"><img loading=\"lazy\" width=\"2496\" height=\"2496\" src=\"https:\/\/iesbaran.educacion.navarra.es\/web\/wp-content\/uploads\/2020\/08\/brujula-cuadrada.jpg\" alt=\"\" class=\"wp-image-315\" srcset=\"https:\/\/iesbaran.educacion.navarra.es\/web\/wp-content\/uploads\/2020\/08\/brujula-cuadrada.jpg 2496w, https:\/\/iesbaran.educacion.navarra.es\/web\/wp-content\/uploads\/2020\/08\/brujula-cuadrada-300x300.jpg 300w, https:\/\/iesbaran.educacion.navarra.es\/web\/wp-content\/uploads\/2020\/08\/brujula-cuadrada-1024x1024.jpg 1024w, https:\/\/iesbaran.educacion.navarra.es\/web\/wp-content\/uploads\/2020\/08\/brujula-cuadrada-150x150.jpg 150w, https:\/\/iesbaran.educacion.navarra.es\/web\/wp-content\/uploads\/2020\/08\/brujula-cuadrada-768x768.jpg 768w, https:\/\/iesbaran.educacion.navarra.es\/web\/wp-content\/uploads\/2020\/08\/brujula-cuadrada-1536x1536.jpg 1536w, https:\/\/iesbaran.educacion.navarra.es\/web\/wp-content\/uploads\/2020\/08\/brujula-cuadrada-2048x2048.jpg 2048w, https:\/\/iesbaran.educacion.navarra.es\/web\/wp-content\/uploads\/2020\/08\/brujula-cuadrada-1600x1600.jpg 1600w, https:\/\/iesbaran.educacion.navarra.es\/web\/wp-content\/uploads\/2020\/08\/brujula-cuadrada-600x600.jpg 600w\" sizes=\"(max-width: 2496px) 100vw, 2496px\" \/><\/a><figcaption>Orientaci\u00f3n<\/figcaption><\/figure><\/div>\n\n\n\n<div class=\"wp-block-image is-style-caption-overlay\"><figure class=\"aligncenter size-full\"><a href=\"https:\/\/iesbaran.educacion.navarra.es\/web\/convivencia\/\"><img loading=\"lazy\" width=\"768\" height=\"770\" src=\"https:\/\/iesbaran.educacion.navarra.es\/web\/wp-content\/uploads\/2020\/08\/convivencia.jpg\" alt=\"\" class=\"wp-image-362\" srcset=\"https:\/\/iesbaran.educacion.navarra.es\/web\/wp-content\/uploads\/2020\/08\/convivencia.jpg 768w, https:\/\/iesbaran.educacion.navarra.es\/web\/wp-content\/uploads\/2020\/08\/convivencia-300x300.jpg 300w, https:\/\/iesbaran.educacion.navarra.es\/web\/wp-content\/uploads\/2020\/08\/convivencia-150x150.jpg 150w\" sizes=\"(max-width: 768px) 100vw, 768px\" \/><\/a><figcaption>Convivencia<\/figcaption><\/figure><\/div>\n\n\n\n<div class=\"wp-block-image is-style-caption-overlay\"><figure class=\"aligncenter size-full\"><a href=\"https:\/\/iesbaran.educacion.navarra.es\/web\/contacto\/\" target=\"_blank\" rel=\"noopener noreferrer\"><img loading=\"lazy\" width=\"2526\" height=\"2526\" src=\"https:\/\/iesbaran.educacion.navarra.es\/web\/wp-content\/uploads\/2020\/09\/absolutvision-82TpEld0_e4-unsplash.jpg\" alt=\"\" class=\"wp-image-448\" srcset=\"https:\/\/iesbaran.educacion.navarra.es\/web\/wp-content\/uploads\/2020\/09\/absolutvision-82TpEld0_e4-unsplash.jpg 2526w, https:\/\/iesbaran.educacion.navarra.es\/web\/wp-content\/uploads\/2020\/09\/absolutvision-82TpEld0_e4-unsplash-300x300.jpg 300w, https:\/\/iesbaran.educacion.navarra.es\/web\/wp-content\/uploads\/2020\/09\/absolutvision-82TpEld0_e4-unsplash-1024x1024.jpg 1024w, https:\/\/iesbaran.educacion.navarra.es\/web\/wp-content\/uploads\/2020\/09\/absolutvision-82TpEld0_e4-unsplash-150x150.jpg 150w, https:\/\/iesbaran.educacion.navarra.es\/web\/wp-content\/uploads\/2020\/09\/absolutvision-82TpEld0_e4-unsplash-768x768.jpg 768w, https:\/\/iesbaran.educacion.navarra.es\/web\/wp-content\/uploads\/2020\/09\/absolutvision-82TpEld0_e4-unsplash-1536x1536.jpg 1536w, https:\/\/iesbaran.educacion.navarra.es\/web\/wp-content\/uploads\/2020\/09\/absolutvision-82TpEld0_e4-unsplash-2048x2048.jpg 2048w, https:\/\/iesbaran.educacion.navarra.es\/web\/wp-content\/uploads\/2020\/09\/absolutvision-82TpEld0_e4-unsplash-1600x1600.jpg 1600w, https:\/\/iesbaran.educacion.navarra.es\/web\/wp-content\/uploads\/2020\/09\/absolutvision-82TpEld0_e4-unsplash-600x600.jpg 600w\" sizes=\"(max-width: 2526px) 100vw, 2526px\" \/><\/a><figcaption>Sugerencias<\/figcaption><\/figure><\/div>\n<\/div><\/div>\n<\/div><\/div>\n<\/div><\/div>\n<\/div><\/div>\n","protected":false},"excerpt":{"rendered":"","protected":false},"author":1,"featured_media":285,"parent":0,"menu_order":0,"comment_status":"closed","ping_status":"closed","template":"templates\/blocks.php","meta":{"_genesis_hide_title":false,"_genesis_hide_breadcrumbs":false,"_genesis_hide_singular_image":true,"_genesis_hide_footer_widgets":false,"_genesis_custom_body_class":"","_genesis_custom_post_class":"","_genesis_layout":""},"featured_image_src":"https:\/\/iesbaran.educacion.navarra.es\/web\/wp-content\/uploads\/2020\/08\/people-2557396_1920.jpg","featured_image_src_square":"https:\/\/iesbaran.educacion.navarra.es\/web\/wp-content\/uploads\/2020\/08\/people-2557396_1920.jpg","_links":{"self":[{"href":"https:\/\/iesbaran.educacion.navarra.es\/web\/wp-json\/wp\/v2\/pages\/283"}],"collection":[{"href":"https:\/\/iesbaran.educacion.navarra.es\/web\/wp-json\/wp\/v2\/pages"}],"about":[{"href":"https:\/\/iesbaran.educacion.navarra.es\/web\/wp-json\/wp\/v2\/types\/page"}],"author":[{"embeddable":true,"href":"https:\/\/iesbaran.educacion.navarra.es\/web\/wp-json\/wp\/v2\/users\/1"}],"replies":[{"embeddable":true,"href":"https:\/\/iesbaran.educacion.navarra.es\/web\/wp-json\/wp\/v2\/comments?post=283"}],"version-history":[{"count":123,"href":"https:\/\/iesbaran.educacion.navarra.es\/web\/wp-json\/wp\/v2\/pages\/283\/revisions"}],"predecessor-version":[{"id":4290,"href":"https:\/\/iesbaran.educacion.navarra.es\/web\/wp-json\/wp\/v2\/pages\/283\/revisions\/4290"}],"wp:featuredmedia":[{"embeddable":true,"href":"https:\/\/iesbaran.educacion.navarra.es\/web\/wp-json\/wp\/v2\/media\/285"}],"wp:attachment":[{"href":"https:\/\/iesbaran.educacion.navarra.es\/web\/wp-json\/wp\/v2\/media?parent=283"}],"curies":[{"name":"wp","href":"https:\/\/api.w.org\/{rel}","templated":true}]}}