{"id":2453,"date":"2023-03-02T10:25:58","date_gmt":"2023-03-02T09:25:58","guid":{"rendered":"https:\/\/iesbaran.educacion.navarra.es\/web\/?page_id=2453"},"modified":"2026-03-01T22:55:40","modified_gmt":"2026-03-01T21:55:40","slug":"jornadas-de-puertas-abiertas","status":"publish","type":"page","link":"https:\/\/iesbaran.educacion.navarra.es\/web\/jornadas-de-puertas-abiertas\/","title":{"rendered":"Jornadas de Puertas Abiertas"},"content":{"rendered":"\n<div class=\"wp-block-image\"><figure class=\"aligncenter size-full is-resized\"><img loading=\"lazy\" src=\"https:\/\/iesbaran.educacion.navarra.es\/web\/wp-content\/uploads\/2023\/03\/230302-Puertas-abiertas.png\" alt=\"\" class=\"wp-image-2450\" width=\"155\" height=\"112\"\/><\/figure><\/div>\n\n\n\n<div class=\"wp-block-genesis-blocks-gb-columns gb-slate-section-hero-title gpb-slate-section-hero-title gb-layout-columns-1 one-column gb-has-background-dim gb-has-background-dim-20 gb-background-cover gb-background-no-repeat gb-has-custom-background-color gb-has-custom-text-color gb-columns-center alignfull\" style=\"padding-top:5em;padding-right:1em;padding-bottom:5em;padding-left:1em;background-color:#1f1f1f;color:#f5f5f5;background-image:url(https:\/\/iesbaran.educacion.navarra.es\/web\/wp-content\/uploads\/2023\/03\/230302-Puertas-abiertas-2.png);background-position:48% 72%\"><div class=\"gb-layout-column-wrap gb-block-layout-column-gap-1 gb-is-responsive-column\" style=\"max-width:1200px\">\n<div class=\"wp-block-genesis-blocks-gb-column gb-block-layout-column\"><div class=\"gb-block-layout-column-inner\">\n<div class=\"wp-block-genesis-blocks-gb-columns gb-layout-columns-1 gb-1-col-equal gb-columns-center alignfull\"><div class=\"gb-layout-column-wrap gb-block-layout-column-gap-8 gb-is-responsive-column\" style=\"max-width:1200px\">\n<div class=\"wp-block-genesis-blocks-gb-column gb-block-layout-column gb-is-vertically-aligned-top\"><div class=\"gb-block-layout-column-inner\">\n<h3><strong>Reuniones con familias<\/strong> en los centros de primaria adscritos:<\/h3>\n\n\n\n<ul><li>El\u00a0<strong>martes 10 de marzo a las 16:30 acudiremos al colegio Eulza<\/strong>\u00a0para informar a las familias de 6\u00ba de primaria de dicho centro sobre la Educaci\u00f3n Secundaria Obligatoria que ofrecemos en el IES Bara\u00f1\u00e1in, las caracter\u00edsticas de nuestro centro, proyectos, etc.<\/li><li>El<strong>\u00a0jueves 12 de marzo a las 16:00\u00a0acudiremos al colegio Los Sauces<\/strong>\u00a0para informar a las familias de 6\u00ba de primaria de los mismos temas.\u00a0<\/li><\/ul>\n\n\n\n<h3>Mi\u00e9rcoles 11 de marzo: <strong>JORNADA PARA FAMILIAS<\/strong><\/h3>\n\n\n\n<ul><li>A las <strong>17.30<\/strong> horas haremos una sesi\u00f3n informativa general sobre las <strong>opciones de Bachillerato<\/strong> que ofrecemos en el IES Bara\u00f1\u00e1in.\u00a0<\/li><li>A las <strong>18.15<\/strong> se explicar\u00e1 en qu\u00e9 consiste el <strong>Bachillerato de Investigaci\u00f3n (Bi+)<\/strong>. Es interesante haber acudido previamente a la sesi\u00f3n de las 17.30.\u00a0<\/li><li>A las<strong> 18.30<\/strong> horas haremos una sesi\u00f3n de puertas abiertas informativa sobre la <strong>Educaci\u00f3n Secundaria Obligatoria<\/strong> que ofrecemos en el IES Bara\u00f1\u00e1in, mostrando adem\u00e1s las instalaciones del centro y respondiendo a las dudas que traigan las familias. Esta reuni\u00f3n est\u00e1 abierta tanto a familias de centros adscritos (Eulza, Los Sauces, Nicasio de Landa) como a familias de otros centros.\u00a0<\/li><li>Paralelamente la orientadora informar\u00e1 sobre el Bachillerato a las familias de alumnado cursando 4\u00baESO en nuestro centro (de 17:00 a 18.15). A las 18.30 informar\u00e1 a las familias de 4\u00baESO y de 4\u00baDC sobre la Formaci\u00f3n Profesional.\u00a0<\/li><\/ul>\n\n\n\n<h3>Viernes 13 de marzo:<strong> JORNADA PARA ALUMNADO<\/strong> DE 6\u00ba PRIMARIA<\/h3>\n\n\n\n<p>A las <strong>11:30<\/strong> y hasta las 13:45 acudir\u00e1 el alumnado de los centros adscritos\u00a0(Eulza, Los Sauces y Nicasio de Landa) a la\u00a0jornada de puertas abiertas del IES Bara\u00f1\u00e1in\u00a0en la que podr\u00e1n conocer de forma din\u00e1mica y divertida las instalaciones del centro a trav\u00e9s de un recorrido con pruebas y sorpresas que estamos preparando con mucho cari\u00f1o desde los diferentes departamentos did\u00e1cticos. Adem\u00e1s habr\u00e1 tambi\u00e9n una peque\u00f1a gymkana con estaciones l\u00fadicas.\u00a0\u00a0<\/p>\n\n\n\n<div class=\"wp-block-genesis-blocks-gb-columns gb-layout-columns-2 gb-2-col-equal\"><div class=\"gb-layout-column-wrap gb-block-layout-column-gap-2 gb-is-responsive-column\">\n<div class=\"wp-block-genesis-blocks-gb-column gb-block-layout-column\"><div class=\"gb-block-layout-column-inner\">\n<figure class=\"wp-block-image size-full\"><img loading=\"lazy\" width=\"724\" height=\"1024\" src=\"https:\/\/iesbaran.educacion.navarra.es\/web\/wp-content\/uploads\/2026\/03\/folleto-2023-anverso-724x1024-1.png\" alt=\"\" class=\"wp-image-4307\" srcset=\"https:\/\/iesbaran.educacion.navarra.es\/web\/wp-content\/uploads\/2026\/03\/folleto-2023-anverso-724x1024-1.png 724w, https:\/\/iesbaran.educacion.navarra.es\/web\/wp-content\/uploads\/2026\/03\/folleto-2023-anverso-724x1024-1-212x300.png 212w, https:\/\/iesbaran.educacion.navarra.es\/web\/wp-content\/uploads\/2026\/03\/folleto-2023-anverso-724x1024-1-50x71.png 50w\" sizes=\"(max-width: 724px) 100vw, 724px\" \/><\/figure>\n<\/div><\/div>\n\n\n\n<div class=\"wp-block-genesis-blocks-gb-column gb-block-layout-column\"><div class=\"gb-block-layout-column-inner\">\n<figure class=\"wp-block-image size-full\"><img loading=\"lazy\" width=\"724\" height=\"1024\" src=\"https:\/\/iesbaran.educacion.navarra.es\/web\/wp-content\/uploads\/2026\/03\/folleto-2023-reverso-724x1024-1.png\" alt=\"\" class=\"wp-image-4308\" srcset=\"https:\/\/iesbaran.educacion.navarra.es\/web\/wp-content\/uploads\/2026\/03\/folleto-2023-reverso-724x1024-1.png 724w, https:\/\/iesbaran.educacion.navarra.es\/web\/wp-content\/uploads\/2026\/03\/folleto-2023-reverso-724x1024-1-212x300.png 212w, https:\/\/iesbaran.educacion.navarra.es\/web\/wp-content\/uploads\/2026\/03\/folleto-2023-reverso-724x1024-1-50x71.png 50w\" sizes=\"(max-width: 724px) 100vw, 724px\" \/><\/figure>\n<\/div><\/div>\n<\/div><\/div>\n<\/div><\/div>\n<\/div><\/div>\n<\/div><\/div>\n<\/div><\/div>\n","protected":false},"excerpt":{"rendered":"","protected":false},"author":1,"featured_media":2454,"parent":0,"menu_order":0,"comment_status":"closed","ping_status":"closed","template":"templates\/blocks.php","meta":{"_genesis_hide_title":false,"_genesis_hide_breadcrumbs":false,"_genesis_hide_singular_image":true,"_genesis_hide_footer_widgets":false,"_genesis_custom_body_class":"","_genesis_custom_post_class":"","_genesis_layout":""},"featured_image_src":"https:\/\/iesbaran.educacion.navarra.es\/web\/wp-content\/uploads\/2023\/03\/230302-Puertas-abiertas-2-600x400.png","featured_image_src_square":"https:\/\/iesbaran.educacion.navarra.es\/web\/wp-content\/uploads\/2023\/03\/230302-Puertas-abiertas-2-600x600.png","_links":{"self":[{"href":"https:\/\/iesbaran.educacion.navarra.es\/web\/wp-json\/wp\/v2\/pages\/2453"}],"collection":[{"href":"https:\/\/iesbaran.educacion.navarra.es\/web\/wp-json\/wp\/v2\/pages"}],"about":[{"href":"https:\/\/iesbaran.educacion.navarra.es\/web\/wp-json\/wp\/v2\/types\/page"}],"author":[{"embeddable":true,"href":"https:\/\/iesbaran.educacion.navarra.es\/web\/wp-json\/wp\/v2\/users\/1"}],"replies":[{"embeddable":true,"href":"https:\/\/iesbaran.educacion.navarra.es\/web\/wp-json\/wp\/v2\/comments?post=2453"}],"version-history":[{"count":6,"href":"https:\/\/iesbaran.educacion.navarra.es\/web\/wp-json\/wp\/v2\/pages\/2453\/revisions"}],"predecessor-version":[{"id":4309,"href":"https:\/\/iesbaran.educacion.navarra.es\/web\/wp-json\/wp\/v2\/pages\/2453\/revisions\/4309"}],"wp:featuredmedia":[{"embeddable":true,"href":"https:\/\/iesbaran.educacion.navarra.es\/web\/wp-json\/wp\/v2\/media\/2454"}],"wp:attachment":[{"href":"https:\/\/iesbaran.educacion.navarra.es\/web\/wp-json\/wp\/v2\/media?parent=2453"}],"curies":[{"name":"wp","href":"https:\/\/api.w.org\/{rel}","templated":true}]}}