{"id":221,"date":"2020-08-02T18:51:02","date_gmt":"2020-08-02T16:51:02","guid":{"rendered":"https:\/\/iesbaran.educacion.navarra.es\/web\/?page_id=221"},"modified":"2025-09-16T10:21:16","modified_gmt":"2025-09-16T08:21:16","slug":"el-centro","status":"publish","type":"page","link":"https:\/\/iesbaran.educacion.navarra.es\/web\/el-centro\/","title":{"rendered":"El centro"},"content":{"rendered":"\n<p>El IES Bara\u00f1\u00e1in lleva prestando sus servicios a la localidad desde 1987. La oferta educativa abarca la Educaci\u00f3n Secundaria Obligatoria y el Bachillerato, en los itinerarios de Ciencias e Ingenier\u00eda, Ciencias de la Salud, Ciencias Sociales y Humanidades. Como centro p\u00fablico, tenemos muy presentes las necesidades y expectativas de la poblaci\u00f3n de Bara\u00f1\u00e1in. Procuramos que el trato con nuestro alumnado sea cercano y cordial, buscando conjugar libertad y responsabilidad.<\/p>\n\n\n\n<p>NUESTRO OBJETIVO es formar, junto con las familias que nos conf\u00edan a sus hijos e hijas, ciudadanos con esp\u00edritu cr\u00edtico y valores positivos<\/p>\n\n\n\n<div style=\"padding-left:8%;padding-right:8%\" class=\"wp-block-genesis-blocks-gb-container gb-block-container alignfull\"><div class=\"gb-container-inside\"><div class=\"gb-container-content\" style=\"max-width:1200px\">\n<hr class=\"wp-block-separator is-style-theme-separator\"\/>\n<\/div><\/div><\/div>\n\n\n\n<div class=\"wp-block-genesis-blocks-gb-columns gb-layout-team-1 gb-layout-columns-1 one-column gb-columns-center alignfull\" style=\"padding-right:8%;padding-left:8%\"><div class=\"gb-layout-column-wrap gb-block-layout-column-gap-2 gb-is-responsive-column\" style=\"max-width:1200px\">\n<div class=\"wp-block-genesis-blocks-gb-column gb-block-layout-column\"><div class=\"gb-block-layout-column-inner\">\n<div class=\"wp-block-genesis-blocks-gb-columns gb-layout-columns-3 gb-3-col-equal\" style=\"padding-right:8px;padding-bottom:10px;padding-left:8px\"><div class=\"gb-layout-column-wrap gb-block-layout-column-gap-2 gb-is-responsive-column\">\n<div class=\"wp-block-genesis-blocks-gb-column is-style-column-corners gb-block-layout-column\"><div class=\"gb-block-layout-column-inner\">\n<div style=\"background-color:#ffffff;color:#554948\" class=\"wp-block-genesis-blocks-gb-profile-box square gb-has-avatar gb-font-size-18 gb-block-profile gb-profile-columns\"><div class=\"gb-profile-column gb-profile-avatar-wrap\"><div class=\"gb-profile-image-wrap\"><figure class=\"gb-profile-image-square\"><img loading=\"lazy\" width=\"700\" height=\"300\" class=\"gb-profile-avatar wp-image-151\" src=\"https:\/\/iesbaran.educacion.navarra.es\/web\/wp-content\/uploads\/2020\/06\/descarga-5.png\" alt=\"\" srcset=\"https:\/\/iesbaran.educacion.navarra.es\/web\/wp-content\/uploads\/2020\/06\/descarga-5.png 700w, https:\/\/iesbaran.educacion.navarra.es\/web\/wp-content\/uploads\/2020\/06\/descarga-5-300x129.png 300w\" sizes=\"(max-width: 700px) 100vw, 700px\" \/><\/figure><\/div><\/div><div class=\"gb-profile-column gb-profile-content-wrap\"><h2 class=\"gb-profile-name\" style=\"color:#554948\"><a href=\"https:\/\/iesbaran.educacion.navarra.es\/web\/oferta-academica\/\" target=\"_blank\" rel=\"noreferrer noopener\">Oferta acad\u00e9mica<\/a><\/h2><p class=\"gb-profile-title\" style=\"color:#554948\"><\/p><div class=\"gb-profile-text\"><p><\/p><\/div><ul class=\"gb-social-links\"><\/ul><\/div><\/div>\n<\/div><\/div>\n\n\n\n<div class=\"wp-block-genesis-blocks-gb-column is-style-column-corners gb-block-layout-column\"><div class=\"gb-block-layout-column-inner\">\n<div style=\"background-color:#ffffff;color:#554948\" class=\"wp-block-genesis-blocks-gb-profile-box square gb-has-avatar gb-font-size-18 gb-block-profile gb-profile-columns\"><div class=\"gb-profile-column gb-profile-avatar-wrap\"><div class=\"gb-profile-image-wrap\"><figure class=\"gb-profile-image-square\"><img loading=\"lazy\" width=\"770\" height=\"900\" class=\"gb-profile-avatar wp-image-508\" src=\"https:\/\/iesbaran.educacion.navarra.es\/web\/wp-content\/uploads\/2020\/09\/DSC_0362-3.png\" alt=\"\" srcset=\"https:\/\/iesbaran.educacion.navarra.es\/web\/wp-content\/uploads\/2020\/09\/DSC_0362-3.png 770w, https:\/\/iesbaran.educacion.navarra.es\/web\/wp-content\/uploads\/2020\/09\/DSC_0362-3-257x300.png 257w, https:\/\/iesbaran.educacion.navarra.es\/web\/wp-content\/uploads\/2020\/09\/DSC_0362-3-768x898.png 768w\" sizes=\"(max-width: 770px) 100vw, 770px\" \/><\/figure><\/div><\/div><div class=\"gb-profile-column gb-profile-content-wrap\"><h2 class=\"gb-profile-name\" style=\"color:#554948\"><a href=\"https:\/\/drive.google.com\/file\/d\/1Y5CswCLCp0LoG3fmkXcltBzza8JZhpjD\/view\" target=\"_blank\" rel=\"noreferrer noopener\">Proyecto Educativo de Centro<\/a><\/h2><p class=\"gb-profile-title\" style=\"color:#554948\"><\/p><div class=\"gb-profile-text\"><p><\/p><\/div><ul class=\"gb-social-links\"><\/ul><\/div><\/div>\n<\/div><\/div>\n\n\n\n<div class=\"wp-block-genesis-blocks-gb-column is-style-column-corners gb-block-layout-column\"><div class=\"gb-block-layout-column-inner\">\n<div style=\"background-color:#ffffff;color:#554948\" class=\"wp-block-genesis-blocks-gb-profile-box square gb-has-avatar gb-font-size-18 gb-block-profile gb-profile-columns\"><div class=\"gb-profile-column gb-profile-avatar-wrap\"><div class=\"gb-profile-image-wrap\"><figure class=\"gb-profile-image-square\"><img loading=\"lazy\" width=\"2244\" height=\"1498\" class=\"gb-profile-avatar wp-image-506\" src=\"https:\/\/iesbaran.educacion.navarra.es\/web\/wp-content\/uploads\/2020\/09\/gaelle-marcel-AWidiBoRO08-unsplash.jpg\" alt=\"\" srcset=\"https:\/\/iesbaran.educacion.navarra.es\/web\/wp-content\/uploads\/2020\/09\/gaelle-marcel-AWidiBoRO08-unsplash.jpg 2244w, https:\/\/iesbaran.educacion.navarra.es\/web\/wp-content\/uploads\/2020\/09\/gaelle-marcel-AWidiBoRO08-unsplash-300x200.jpg 300w, https:\/\/iesbaran.educacion.navarra.es\/web\/wp-content\/uploads\/2020\/09\/gaelle-marcel-AWidiBoRO08-unsplash-1024x684.jpg 1024w, https:\/\/iesbaran.educacion.navarra.es\/web\/wp-content\/uploads\/2020\/09\/gaelle-marcel-AWidiBoRO08-unsplash-768x513.jpg 768w, https:\/\/iesbaran.educacion.navarra.es\/web\/wp-content\/uploads\/2020\/09\/gaelle-marcel-AWidiBoRO08-unsplash-1536x1025.jpg 1536w, https:\/\/iesbaran.educacion.navarra.es\/web\/wp-content\/uploads\/2020\/09\/gaelle-marcel-AWidiBoRO08-unsplash-2048x1367.jpg 2048w, https:\/\/iesbaran.educacion.navarra.es\/web\/wp-content\/uploads\/2020\/09\/gaelle-marcel-AWidiBoRO08-unsplash-1600x1068.jpg 1600w, https:\/\/iesbaran.educacion.navarra.es\/web\/wp-content\/uploads\/2020\/09\/gaelle-marcel-AWidiBoRO08-unsplash-600x400.jpg 600w\" sizes=\"(max-width: 2244px) 100vw, 2244px\" \/><\/figure><\/div><\/div><div class=\"gb-profile-column gb-profile-content-wrap\"><h2 class=\"gb-profile-name\" style=\"color:#554948\"><a href=\"https:\/\/drive.google.com\/file\/d\/1s2s1zE5GFTKeXKKvOVWTFOvffeMetVvU\/view\">Plan de convivencia<\/a><\/h2><p class=\"gb-profile-title\" style=\"color:#554948\"><\/p><div class=\"gb-profile-text\"><p><\/p><\/div><ul class=\"gb-social-links\"><\/ul><\/div><\/div>\n<\/div><\/div>\n<\/div><\/div>\n\n\n<\/div><\/div>\n<\/div><\/div>\n\n\n\n<div style=\"height:22px\" aria-hidden=\"true\" class=\"wp-block-spacer\"><\/div>\n\n\n\n<div class=\"wp-block-genesis-blocks-gb-columns gb-layout-service-3 gb-layout-columns-2 gb-2-col-equal gb-columns-center alignfull\" style=\"padding-top:1%;padding-right:5%;padding-bottom:1%;padding-left:5%\"><div class=\"gb-layout-column-wrap gb-block-layout-column-gap-4 gb-is-responsive-column\" style=\"max-width:1200px\">\n<div class=\"wp-block-genesis-blocks-gb-column gb-block-layout-column\"><div class=\"gb-block-layout-column-inner\">\n<figure class=\"wp-block-image size-large\"><a href=\"https:\/\/iesbaran.educacion.navarra.es\/web\/proyectos-educativos\/\"><img loading=\"lazy\" width=\"1024\" height=\"684\" src=\"https:\/\/iesbaran.educacion.navarra.es\/web\/wp-content\/uploads\/2020\/11\/proyectos-educativos-1024x684.jpg\" alt=\"\" class=\"wp-image-639\" srcset=\"https:\/\/iesbaran.educacion.navarra.es\/web\/wp-content\/uploads\/2020\/11\/proyectos-educativos-1024x684.jpg 1024w, https:\/\/iesbaran.educacion.navarra.es\/web\/wp-content\/uploads\/2020\/11\/proyectos-educativos-300x200.jpg 300w, https:\/\/iesbaran.educacion.navarra.es\/web\/wp-content\/uploads\/2020\/11\/proyectos-educativos-768x513.jpg 768w, https:\/\/iesbaran.educacion.navarra.es\/web\/wp-content\/uploads\/2020\/11\/proyectos-educativos-1536x1026.jpg 1536w, https:\/\/iesbaran.educacion.navarra.es\/web\/wp-content\/uploads\/2020\/11\/proyectos-educativos-1600x1069.jpg 1600w, https:\/\/iesbaran.educacion.navarra.es\/web\/wp-content\/uploads\/2020\/11\/proyectos-educativos-600x400.jpg 600w, https:\/\/iesbaran.educacion.navarra.es\/web\/wp-content\/uploads\/2020\/11\/proyectos-educativos.jpg 1617w\" sizes=\"(max-width: 1024px) 100vw, 1024px\" \/><\/a><\/figure>\n<\/div><\/div>\n\n\n\n<div class=\"wp-block-genesis-blocks-gb-column gb-block-layout-column gb-is-vertically-aligned-center\"><div class=\"gb-block-layout-column-inner\">\n<h2>Proyectos educativos y de innovaci\u00f3n. <br><\/h2>\n\n\n\n<p>Aqu\u00ed podr\u00e1s encontrar detalle sobre los objetivos y resultados de los distintos proyectos educativos que ha realizado o est\u00e1 desarrollando actualmente el centro<\/p>\n\n\n\n<div class=\"wp-container-1 wp-block-buttons\">\n<div class=\"wp-block-button has-custom-font-size gb-block-button\" style=\"font-size:20px;line-height:1.2\"><a class=\"wp-block-button__link has-text-color has-background\" href=\"https:\/\/iesbaran.educacion.navarra.es\/web\/proyectos-educativos\" style=\"border-radius:5px;background-color:#3373dc;color:#ffffff;padding-top:10px;padding-right:1em;padding-bottom:10px;padding-left:1em\">p\u00e1gina de proyectos<\/a><\/div>\n<\/div>\n\n\n\n<p><\/p>\n<\/div><\/div>\n<\/div><\/div>\n\n\n\n<div class=\"wp-block-genesis-blocks-gb-columns gb-slate-section-image-and-text-cta gpb-slate-image-text gb-layout-columns-2 gb-2-col-equal gb-has-custom-background-color gb-has-custom-text-color gb-columns-center alignfull\" style=\"padding-top:2em;padding-right:1em;padding-bottom:2em;padding-left:1em;background-color:#ededed;color:#1f1f1f\"><div class=\"gb-layout-column-wrap gb-block-layout-column-gap-2 gb-is-responsive-column\" style=\"max-width:1200px\">\n<div class=\"wp-block-genesis-blocks-gb-column gb-block-layout-column\"><div class=\"gb-block-layout-column-inner\">\n<figure class=\"wp-block-image size-large\"><a href=\"https:\/\/drive.google.com\/file\/d\/1pdXYAf70BQuA9bACgMzUZG6XL7MVgTVo\/view?usp=sharing\"><img loading=\"lazy\" width=\"1024\" height=\"686\" src=\"https:\/\/iesbaran.educacion.navarra.es\/web\/wp-content\/uploads\/2021\/09\/PLC-1024x686.jpg\" alt=\"\" class=\"wp-image-1529\" srcset=\"https:\/\/iesbaran.educacion.navarra.es\/web\/wp-content\/uploads\/2021\/09\/PLC-1024x686.jpg 1024w, https:\/\/iesbaran.educacion.navarra.es\/web\/wp-content\/uploads\/2021\/09\/PLC-300x201.jpg 300w, https:\/\/iesbaran.educacion.navarra.es\/web\/wp-content\/uploads\/2021\/09\/PLC-768x514.jpg 768w, https:\/\/iesbaran.educacion.navarra.es\/web\/wp-content\/uploads\/2021\/09\/PLC.jpg 1080w\" sizes=\"(max-width: 1024px) 100vw, 1024px\" \/><\/a><\/figure>\n<\/div><\/div>\n\n\n\n<div class=\"wp-block-genesis-blocks-gb-column gb-block-layout-column gb-is-vertically-aligned-center\"><div class=\"gb-block-layout-column-inner\">\n<h2 class=\"has-text-color\" style=\"color:#1f1f1f;font-size:40px\">Proyecto Ling\u00fc\u00edstico de Centro<\/h2>\n\n\n\n<p class=\"has-text-color\" style=\"color:#1f1f1f\">El objetivo de este Plan es poner al servicio del desarrollo de la competencia en comunicaci\u00f3n ling\u00fc\u00edstica de nuestro alumnado todos los recursos y el potencial educativo del centro<\/p>\n\n\n\n<div style=\"height:24px\" aria-hidden=\"true\" class=\"wp-block-spacer\"><\/div>\n\n\n\n<div class=\"wp-container-2 wp-block-buttons\">\n<div class=\"wp-block-button\"><a class=\"wp-block-button__link has-text-color has-background\" href=\"https:\/\/drive.google.com\/file\/d\/1pdXYAf70BQuA9bACgMzUZG6XL7MVgTVo\/view?usp=sharing\" style=\"border-radius:4px;background-color:#006CD8;color:#ffffff\" target=\"_blank\" rel=\"noreferrer noopener\"><strong>Descarga el plc<\/strong><\/a><\/div>\n<\/div>\n<\/div><\/div>\n<\/div><\/div>\n\n\n\n<div class=\"wp-block-genesis-blocks-gb-columns gb-layout-service-3 gb-layout-columns-2 gb-2-col-equal gb-columns-center alignfull\" style=\"padding-top:4%;padding-right:5%;padding-bottom:2%;padding-left:5%\"><div class=\"gb-layout-column-wrap gb-block-layout-column-gap-5 gb-is-responsive-column\" style=\"max-width:1200px\">\n<div class=\"wp-block-genesis-blocks-gb-column gb-block-layout-column\"><div class=\"gb-block-layout-column-inner\">\n<h2>Programa pluriling\u00fce en ingl\u00e9s. <br><\/h2>\n\n\n\n<p>El programa Pluriling\u00fce consiste en el aprendizaje de los contenidos curriculares de dos o tres asignaturas de cada curso de ESO en Ingl\u00e9s.<\/p>\n\n\n\n<div class=\"wp-container-3 wp-block-buttons\">\n<div class=\"wp-block-button has-custom-font-size gb-block-button\" style=\"font-size:20px;line-height:1.2\"><a class=\"wp-block-button__link has-text-color has-background\" href=\"https:\/\/iesbaran.educacion.navarra.es\/web\/programa-plurilingue\/\" style=\"border-radius:5px;background-color:#3373dc;color:#ffffff;padding-top:10px;padding-right:1em;padding-bottom:10px;padding-left:1em\">p\u00e1gina del programa<\/a><\/div>\n<\/div>\n<\/div><\/div>\n\n\n\n<div class=\"wp-block-genesis-blocks-gb-column gb-block-layout-column gb-is-vertically-aligned-center\"><div class=\"gb-block-layout-column-inner\">\n<figure class=\"wp-block-image size-full\"><a href=\"https:\/\/iesbaran.educacion.navarra.es\/web\/programa-plurilingue\/\"><img loading=\"lazy\" width=\"700\" height=\"300\" src=\"https:\/\/iesbaran.educacion.navarra.es\/web\/wp-content\/uploads\/2020\/06\/descarga.png\" alt=\"\" class=\"wp-image-156\" srcset=\"https:\/\/iesbaran.educacion.navarra.es\/web\/wp-content\/uploads\/2020\/06\/descarga.png 700w, https:\/\/iesbaran.educacion.navarra.es\/web\/wp-content\/uploads\/2020\/06\/descarga-300x129.png 300w\" sizes=\"(max-width: 700px) 100vw, 700px\" \/><\/a><\/figure>\n<\/div><\/div>\n<\/div><\/div>\n\n\n\n<div class=\"wp-block-genesis-blocks-gb-columns gb-slate-section-image-and-text-columns gb-slate-image-text-columns gb-layout-columns-1 one-column gb-has-custom-background-color gb-has-custom-text-color gb-columns-center alignfull\" style=\"padding-top:1em;padding-right:1em;padding-bottom:1em;padding-left:1em;background-color:#ededed;color:#1f1f1f\"><div class=\"gb-layout-column-wrap gb-block-layout-column-gap-2 gb-is-responsive-column\" style=\"max-width:1200px\">\n<div class=\"wp-block-genesis-blocks-gb-column gb-block-layout-column\"><div class=\"gb-block-layout-column-inner\">\n<div class=\"wp-block-genesis-blocks-gb-columns gb-layout-columns-2 gb-2-col-equal\"><div class=\"gb-layout-column-wrap gb-block-layout-column-gap-10 gb-is-responsive-column\">\n<div class=\"wp-block-genesis-blocks-gb-column gb-block-layout-column gb-is-vertically-aligned-top\"><div class=\"gb-block-layout-column-inner\">\n<div class=\"wp-block-columns\">\n<div class=\"wp-block-column\">\n<div class=\"wp-block-image\"><figure class=\"aligncenter size-large is-resized\"><a href=\"https:\/\/calendar.google.com\/calendar\/embed?src=ba9kvu5n1i9vccvqm2cibcv4eo%40group.calendar.google.com&amp;ctz=Europe%2FMadrid\"><img loading=\"lazy\" src=\"https:\/\/iesbaran.educacion.navarra.es\/web\/wp-content\/uploads\/2021\/09\/agenda-1024x1024.jpg\" alt=\"\" class=\"wp-image-1534\" width=\"355\" height=\"358\"\/><\/a><\/figure><\/div>\n\n\n\n<h3 class=\"has-text-align-center\">Agenda de actividades<\/h3>\n<\/div>\n<\/div>\n<\/div><\/div>\n\n\n\n<div class=\"wp-block-genesis-blocks-gb-column gb-block-layout-column\"><div class=\"gb-block-layout-column-inner\">\n<div class=\"wp-block-image\"><figure class=\"aligncenter size-full is-resized\"><a href=\"https:\/\/drive.google.com\/file\/d\/1DBZ-DzmwWniXagXxKq8Lnig4Gfj41uqs\/view?pli=1\"><img loading=\"lazy\" src=\"https:\/\/iesbaran.educacion.navarra.es\/web\/wp-content\/uploads\/2021\/08\/inicio-curso.jpg\" alt=\"\" class=\"wp-image-1420\" width=\"362\" height=\"369\"\/><\/a><\/figure><\/div>\n\n\n\n<h3 class=\"has-text-align-center has-text-color\" style=\"color:#1f1f1f;font-size:26px\">Calendario escolar 25-26<\/h3>\n\n\n\n<p class=\"has-text-color\" style=\"color:#1f1f1f\"><\/p>\n<\/div><\/div>\n<\/div><\/div>\n<\/div><\/div>\n<\/div><\/div>\n","protected":false},"excerpt":{"rendered":"<p>El IES Bara\u00f1\u00e1in lleva prestando sus servicios a la localidad desde 1987. La oferta educativa abarca la Educaci\u00f3n Secundaria Obligatoria y el Bachillerato, en los itinerarios de Ciencias e Ingenier\u00eda, Ciencias de la Salud, Ciencias Sociales y Humanidades. Como centro p\u00fablico, tenemos muy presentes las necesidades y expectativas de la poblaci\u00f3n de Bara\u00f1\u00e1in. Procuramos que [&hellip;]<\/p>\n","protected":false},"author":1,"featured_media":1539,"parent":0,"menu_order":0,"comment_status":"closed","ping_status":"closed","template":"templates\/blocks.php","meta":{"_genesis_hide_title":false,"_genesis_hide_breadcrumbs":false,"_genesis_hide_singular_image":false,"_genesis_hide_footer_widgets":false,"_genesis_custom_body_class":"","_genesis_custom_post_class":"","_genesis_layout":""},"featured_image_src":"https:\/\/iesbaran.educacion.navarra.es\/web\/wp-content\/uploads\/2021\/09\/centro-600x400.jpg","featured_image_src_square":"https:\/\/iesbaran.educacion.navarra.es\/web\/wp-content\/uploads\/2021\/09\/centro-600x563.jpg","_links":{"self":[{"href":"https:\/\/iesbaran.educacion.navarra.es\/web\/wp-json\/wp\/v2\/pages\/221"}],"collection":[{"href":"https:\/\/iesbaran.educacion.navarra.es\/web\/wp-json\/wp\/v2\/pages"}],"about":[{"href":"https:\/\/iesbaran.educacion.navarra.es\/web\/wp-json\/wp\/v2\/types\/page"}],"author":[{"embeddable":true,"href":"https:\/\/iesbaran.educacion.navarra.es\/web\/wp-json\/wp\/v2\/users\/1"}],"replies":[{"embeddable":true,"href":"https:\/\/iesbaran.educacion.navarra.es\/web\/wp-json\/wp\/v2\/comments?post=221"}],"version-history":[{"count":29,"href":"https:\/\/iesbaran.educacion.navarra.es\/web\/wp-json\/wp\/v2\/pages\/221\/revisions"}],"predecessor-version":[{"id":4175,"href":"https:\/\/iesbaran.educacion.navarra.es\/web\/wp-json\/wp\/v2\/pages\/221\/revisions\/4175"}],"wp:featuredmedia":[{"embeddable":true,"href":"https:\/\/iesbaran.educacion.navarra.es\/web\/wp-json\/wp\/v2\/media\/1539"}],"wp:attachment":[{"href":"https:\/\/iesbaran.educacion.navarra.es\/web\/wp-json\/wp\/v2\/media?parent=221"}],"curies":[{"name":"wp","href":"https:\/\/api.w.org\/{rel}","templated":true}]}}