{"id":1737,"date":"2022-02-10T13:22:41","date_gmt":"2022-02-10T12:22:41","guid":{"rendered":"https:\/\/iesbaran.educacion.navarra.es\/web\/?page_id=1737"},"modified":"2023-03-28T11:12:17","modified_gmt":"2023-03-28T09:12:17","slug":"extraescolares","status":"publish","type":"page","link":"https:\/\/iesbaran.educacion.navarra.es\/web\/extraescolares\/","title":{"rendered":"Extraescolares"},"content":{"rendered":"\n<h2 id=\"info-semana-azul-y-semana-verde\">Info Semana Azul, Semana Verde y Viajes de Estudios<\/h2>\n\n\n\n<p><\/p>\n\n\n\n<div class=\"wp-block-genesis-blocks-gb-columns gb-slate-section-feature-image-and-text-columns gb-slate-section-feature-image-columns gb-layout-columns-1 one-column gb-has-custom-background-color gb-has-custom-text-color gb-columns-center alignfull\" style=\"padding-top:2em;padding-right:1em;padding-bottom:2em;padding-left:1em;background-color:#d9f8f5;color:#1f1f1f\"><div class=\"gb-layout-column-wrap gb-block-layout-column-gap-2 gb-is-responsive-column\" style=\"max-width:1200px\">\n<div class=\"wp-block-genesis-blocks-gb-column gb-block-layout-column\"><div class=\"gb-block-layout-column-inner\">\n<div class=\"wp-block-genesis-blocks-gb-columns gb-layout-columns-2 gb-2-col-equal\"><div class=\"gb-layout-column-wrap gb-block-layout-column-gap-3 gb-is-responsive-column\">\n<div class=\"wp-block-genesis-blocks-gb-column gb-block-layout-column\"><div class=\"gb-block-layout-column-inner\">\n<figure class=\"wp-block-image size-large\"><img loading=\"lazy\" width=\"1024\" height=\"686\" src=\"https:\/\/iesbaran.educacion.navarra.es\/web\/wp-content\/uploads\/2022\/02\/windsurf-1024x686.jpg\" alt=\"\" class=\"wp-image-1745\" srcset=\"https:\/\/iesbaran.educacion.navarra.es\/web\/wp-content\/uploads\/2022\/02\/windsurf-1024x686.jpg 1024w, https:\/\/iesbaran.educacion.navarra.es\/web\/wp-content\/uploads\/2022\/02\/windsurf-300x201.jpg 300w, https:\/\/iesbaran.educacion.navarra.es\/web\/wp-content\/uploads\/2022\/02\/windsurf-768x514.jpg 768w, https:\/\/iesbaran.educacion.navarra.es\/web\/wp-content\/uploads\/2022\/02\/windsurf.jpg 1080w\" sizes=\"(max-width: 1024px) 100vw, 1024px\" \/><\/figure>\n\n\n\n<h3 class=\"has-text-color\" id=\"build-your-site-with-genesis-blocks-today\" style=\"color:#1f1f1f;font-size:26px\">Semana Azul (2\u00ba ESO)<\/h3>\n\n\n\n<p class=\"has-text-color\" style=\"color:#1f1f1f\">No asignada plaza al IES Bara\u00f1\u00e1in.<br>Se organizan unas<strong> jornadas en la naturaleza en Bazt\u00e1n<\/strong> los d\u00edas 1 y 2 de junio de 2023.<\/p>\n\n\n\n<div class=\"wp-container-1 wp-block-buttons\">\n<div class=\"wp-block-button\"><a class=\"wp-block-button__link has-text-color has-background\" style=\"border-radius:4px;background-color:#006CD8;color:#ffffff\"><strong>m\u00e1s<\/strong> <strong>INFORMACI\u00d3n<\/strong><\/a><\/div>\n<\/div>\n\n\n\n<div style=\"height:25px\" aria-hidden=\"true\" class=\"wp-block-spacer\"><\/div>\n<\/div><\/div>\n\n\n\n<div class=\"wp-block-genesis-blocks-gb-column gb-block-layout-column\"><div class=\"gb-block-layout-column-inner\">\n<figure class=\"wp-block-image size-large\"><img loading=\"lazy\" width=\"1024\" height=\"683\" src=\"https:\/\/iesbaran.educacion.navarra.es\/web\/wp-content\/uploads\/2022\/02\/Slide-Arborismo-1-1024x683.jpg\" alt=\"\" class=\"wp-image-1744\" srcset=\"https:\/\/iesbaran.educacion.navarra.es\/web\/wp-content\/uploads\/2022\/02\/Slide-Arborismo-1-1024x683.jpg 1024w, https:\/\/iesbaran.educacion.navarra.es\/web\/wp-content\/uploads\/2022\/02\/Slide-Arborismo-1-300x200.jpg 300w, https:\/\/iesbaran.educacion.navarra.es\/web\/wp-content\/uploads\/2022\/02\/Slide-Arborismo-1-768x512.jpg 768w, https:\/\/iesbaran.educacion.navarra.es\/web\/wp-content\/uploads\/2022\/02\/Slide-Arborismo-1-600x400.jpg 600w, https:\/\/iesbaran.educacion.navarra.es\/web\/wp-content\/uploads\/2022\/02\/Slide-Arborismo-1.jpg 1500w\" sizes=\"(max-width: 1024px) 100vw, 1024px\" \/><\/figure>\n\n\n\n<h3 class=\"has-text-color\" id=\"build-your-site-with-genesis-blocks-today\" style=\"color:#1f1f1f;font-size:26px\">Semana Verde (3\u00ba ESO)<\/h3>\n\n\n\n<p class=\"has-text-color\" style=\"color:#1f1f1f\">Del 22 al 24 de mayo de 2023<\/p>\n\n\n\n<div class=\"wp-container-2 wp-block-buttons\">\n<div class=\"wp-block-button\"><a class=\"wp-block-button__link has-text-color has-background\" href=\"https:\/\/drive.google.com\/file\/d\/1OL6gJmEWbxIwI0uvM-krIpEz0b3564DJ\/view?usp=share_link\" style=\"border-radius:4px;background-color:#00d90a;color:#ffffff\"><strong>M\u00c1S INFORMACI\u00d3N<\/strong><\/a><\/div>\n<\/div>\n<\/div><\/div>\n<\/div><\/div>\n<\/div><\/div>\n<\/div><\/div>\n\n\n\n<div class=\"wp-block-genesis-blocks-gb-columns gb-slate-section-feature-image-and-text-columns gb-slate-section-feature-image-columns gb-layout-columns-1 one-column gb-has-custom-background-color gb-has-custom-text-color gb-columns-center alignfull\" style=\"padding-top:2em;padding-right:1em;padding-bottom:2em;padding-left:1em;background-color:#d9f8f5;color:#1f1f1f\"><div class=\"gb-layout-column-wrap gb-block-layout-column-gap-2 gb-is-responsive-column\" style=\"max-width:1200px\">\n<div class=\"wp-block-genesis-blocks-gb-column gb-block-layout-column\"><div class=\"gb-block-layout-column-inner\">\n<div class=\"wp-block-genesis-blocks-gb-columns gb-layout-columns-2 gb-2-col-equal\"><div class=\"gb-layout-column-wrap gb-block-layout-column-gap-3 gb-is-responsive-column\">\n<div class=\"wp-block-genesis-blocks-gb-column gb-block-layout-column\"><div class=\"gb-block-layout-column-inner\">\n<div class=\"wp-block-image\"><figure class=\"aligncenter size-full is-resized\"><img loading=\"lazy\" src=\"https:\/\/iesbaran.educacion.navarra.es\/web\/wp-content\/uploads\/2023\/03\/Tranvia_de_Lisboa.jpg\" alt=\"\" class=\"wp-image-2539\" width=\"394\" height=\"303\" srcset=\"https:\/\/iesbaran.educacion.navarra.es\/web\/wp-content\/uploads\/2023\/03\/Tranvia_de_Lisboa.jpg 980w, https:\/\/iesbaran.educacion.navarra.es\/web\/wp-content\/uploads\/2023\/03\/Tranvia_de_Lisboa-300x230.jpg 300w, https:\/\/iesbaran.educacion.navarra.es\/web\/wp-content\/uploads\/2023\/03\/Tranvia_de_Lisboa-768x589.jpg 768w\" sizes=\"(max-width: 394px) 100vw, 394px\" \/><\/figure><\/div>\n\n\n\n<h3 class=\"has-text-color\" id=\"build-your-site-with-genesis-blocks-today\" style=\"color:#1f1f1f;font-size:26px\">Viaje Estudios 2\u00ba Bach &#8211; Portugal<\/h3>\n\n\n\n<p class=\"has-text-color\" style=\"color:#1f1f1f\">Del 18 al 23 de febrero de 2023<\/p>\n\n\n\n<div class=\"wp-container-3 wp-block-buttons\">\n<div class=\"wp-block-button\"><a class=\"wp-block-button__link has-text-color has-background\" href=\"https:\/\/drive.google.com\/file\/d\/1cLOylTgDKWxcVyBsCinFMJAnNxsykAkY\/view?usp=share_link\" style=\"border-radius:4px;background-color:#006CD8;color:#ffffff\" target=\"_blank\" rel=\"noreferrer noopener\"><strong>m\u00e1s<\/strong> <strong>INFORMACI\u00d3n<\/strong><\/a><\/div>\n<\/div>\n\n\n\n<div style=\"height:25px\" aria-hidden=\"true\" class=\"wp-block-spacer\"><\/div>\n<\/div><\/div>\n\n\n\n<div class=\"wp-block-genesis-blocks-gb-column gb-block-layout-column\"><div class=\"gb-block-layout-column-inner\">\n<figure class=\"wp-block-image size-full\"><img loading=\"lazy\" width=\"615\" height=\"410\" src=\"https:\/\/iesbaran.educacion.navarra.es\/web\/wp-content\/uploads\/2023\/03\/cross-country-ski-tracks.jpg\" alt=\"\" class=\"wp-image-2540\" srcset=\"https:\/\/iesbaran.educacion.navarra.es\/web\/wp-content\/uploads\/2023\/03\/cross-country-ski-tracks.jpg 615w, https:\/\/iesbaran.educacion.navarra.es\/web\/wp-content\/uploads\/2023\/03\/cross-country-ski-tracks-300x200.jpg 300w, https:\/\/iesbaran.educacion.navarra.es\/web\/wp-content\/uploads\/2023\/03\/cross-country-ski-tracks-600x400.jpg 600w\" sizes=\"(max-width: 615px) 100vw, 615px\" \/><\/figure>\n\n\n\n<h3 class=\"has-text-color\" id=\"build-your-site-with-genesis-blocks-today\" style=\"color:#1f1f1f;font-size:26px\">Semana Blanca (1\u00ba ESO)<\/h3>\n\n\n\n<p class=\"has-text-color\" style=\"color:#1f1f1f\">Del 13 al 17 de febrero de 2023<\/p>\n\n\n\n<div class=\"wp-container-4 wp-block-buttons\">\n<div class=\"wp-block-button is-style-outline\"><a class=\"wp-block-button__link has-text-color has-background\" href=\"https:\/\/drive.google.com\/file\/d\/1fcdO-SFtjccG7-1Q6JeSrQ5Bmy667ggm\/view?usp=share_link\" style=\"border-radius:4px;background-color:#f7f9f7;color:#675e5e\" target=\"_blank\" rel=\"noreferrer noopener\"><strong>M\u00c1S INFORMACI\u00d3N<\/strong><\/a><\/div>\n<\/div>\n<\/div><\/div>\n<\/div><\/div>\n<\/div><\/div>\n<\/div><\/div>\n","protected":false},"excerpt":{"rendered":"<p>Info Semana Azul, Semana Verde y Viajes de Estudios<\/p>\n","protected":false},"author":1,"featured_media":1603,"parent":0,"menu_order":0,"comment_status":"closed","ping_status":"closed","template":"","meta":{"_genesis_hide_title":true,"_genesis_hide_breadcrumbs":false,"_genesis_hide_singular_image":false,"_genesis_hide_footer_widgets":false,"_genesis_custom_body_class":"","_genesis_custom_post_class":"","_genesis_layout":""},"featured_image_src":"https:\/\/iesbaran.educacion.navarra.es\/web\/wp-content\/uploads\/2021\/10\/semana-verde-600x400.jpg","featured_image_src_square":"https:\/\/iesbaran.educacion.navarra.es\/web\/wp-content\/uploads\/2021\/10\/semana-verde-600x600.jpg","_links":{"self":[{"href":"https:\/\/iesbaran.educacion.navarra.es\/web\/wp-json\/wp\/v2\/pages\/1737"}],"collection":[{"href":"https:\/\/iesbaran.educacion.navarra.es\/web\/wp-json\/wp\/v2\/pages"}],"about":[{"href":"https:\/\/iesbaran.educacion.navarra.es\/web\/wp-json\/wp\/v2\/types\/page"}],"author":[{"embeddable":true,"href":"https:\/\/iesbaran.educacion.navarra.es\/web\/wp-json\/wp\/v2\/users\/1"}],"replies":[{"embeddable":true,"href":"https:\/\/iesbaran.educacion.navarra.es\/web\/wp-json\/wp\/v2\/comments?post=1737"}],"version-history":[{"count":12,"href":"https:\/\/iesbaran.educacion.navarra.es\/web\/wp-json\/wp\/v2\/pages\/1737\/revisions"}],"predecessor-version":[{"id":2546,"href":"https:\/\/iesbaran.educacion.navarra.es\/web\/wp-json\/wp\/v2\/pages\/1737\/revisions\/2546"}],"wp:featuredmedia":[{"embeddable":true,"href":"https:\/\/iesbaran.educacion.navarra.es\/web\/wp-json\/wp\/v2\/media\/1603"}],"wp:attachment":[{"href":"https:\/\/iesbaran.educacion.navarra.es\/web\/wp-json\/wp\/v2\/media?parent=1737"}],"curies":[{"name":"wp","href":"https:\/\/api.w.org\/{rel}","templated":true}]}}