{"id":1682,"date":"2022-01-21T14:26:15","date_gmt":"2022-01-21T13:26:15","guid":{"rendered":"https:\/\/iesbaran.educacion.navarra.es\/web\/?page_id=1682"},"modified":"2025-02-24T14:25:34","modified_gmt":"2025-02-24T13:25:34","slug":"el-mirador","status":"publish","type":"page","link":"https:\/\/iesbaran.educacion.navarra.es\/web\/el-mirador\/","title":{"rendered":"El Mirador"},"content":{"rendered":"\n<h3 class=\"has-text-align-center\">P\u00e1gina de la revista del IES Bara\u00f1\u00e1in<\/h3>\n\n\n\n<p>El Mirador es una revista escrita \u00edntegramente por el alumnado del IES Bara\u00f1ain, con ya casi 25 a\u00f1os de historia. Ha sido premiada en varias ocasiones por la Asociaci\u00f3n de Prensa Juvenil.<\/p>\n\n\n\n<h3>Premios:<\/h3>\n\n\n\n<ul><li>Lobo de Plata 2013, otorgado por la Asociaci\u00f3n de Prensa Juvenil<\/li><li>Lobo de Bronce 2011, otorgado por la Asociaci\u00f3n de Prensa Juvenil<\/li><li>Menci\u00f3n especial del p\u00fablico, premios Lobo 2010, Asociaci\u00f3n de Prensa Juvenil<\/li><li>Lobo de Oro 2006, otorgado por la Asociaci\u00f3n de Prensa Juvenil<\/li><li>Lobo de Bronce 2002, otorgado por la Asociaci\u00f3n de Prensa Juvenil<\/li><\/ul>\n\n\n\n<h3>N\u00fameros de la revista:<\/h3>\n\n\n\n<p><\/p>\n\n\n\n<div class=\"wp-block-cover alignfull\"><span aria-hidden=\"true\" class=\"has-background-dim-80 wp-block-cover__gradient-background has-background-dim\" style=\"background-color:#428e9e\"><\/span><img class=\"wp-block-cover__image-background wp-image-3129\" alt=\"\" src=\"https:\/\/iesbaran.educacion.navarra.es\/web\/wp-content\/themes\/navigation-pro\/config\/import\/images\/travel\/travel-background-2.jpg\" data-object-fit=\"cover\"\/><div class=\"wp-block-cover__inner-container\">\n<div class=\"wp-block-genesis-blocks-gb-columns gb-layout-columns-1 one-column gb-columns-center alignfull\" style=\"margin-bottom:15px;padding-right:2%;padding-left:2%\"><div class=\"gb-layout-column-wrap gb-block-layout-column-gap-0 gb-is-responsive-column\" style=\"max-width:1060px\">\n<div class=\"wp-block-genesis-blocks-gb-column gb-block-layout-column\"><div class=\"gb-block-layout-column-inner gb-has-custom-text-color\" style=\"margin-bottom:30px;padding-top:20px;padding-bottom:15px;color:#ffffff\">\n<div class=\"wp-container-2 wp-block-group\"><div class=\"wp-block-group__inner-container\">\n<div class=\"wp-block-image book is-style-book-style\"><figure class=\"alignleft size-medium\"><a href=\"https:\/\/www.calameo.com\/read\/007683738e0572a81a8c9\"><img loading=\"lazy\" width=\"212\" height=\"300\" src=\"https:\/\/iesbaran.educacion.navarra.es\/web\/wp-content\/uploads\/2025\/02\/44-212x300.jpg\" alt=\"\" class=\"wp-image-3743\" srcset=\"https:\/\/iesbaran.educacion.navarra.es\/web\/wp-content\/uploads\/2025\/02\/44-212x300.jpg 212w, https:\/\/iesbaran.educacion.navarra.es\/web\/wp-content\/uploads\/2025\/02\/44-724x1024.jpg 724w, https:\/\/iesbaran.educacion.navarra.es\/web\/wp-content\/uploads\/2025\/02\/44-768x1086.jpg 768w, https:\/\/iesbaran.educacion.navarra.es\/web\/wp-content\/uploads\/2025\/02\/44-1086x1536.jpg 1086w, https:\/\/iesbaran.educacion.navarra.es\/web\/wp-content\/uploads\/2025\/02\/44-1448x2048.jpg 1448w, https:\/\/iesbaran.educacion.navarra.es\/web\/wp-content\/uploads\/2025\/02\/44-50x71.jpg 50w, https:\/\/iesbaran.educacion.navarra.es\/web\/wp-content\/uploads\/2025\/02\/44-1600x2263.jpg 1600w, https:\/\/iesbaran.educacion.navarra.es\/web\/wp-content\/uploads\/2025\/02\/44-scaled.jpg 1810w\" sizes=\"(max-width: 212px) 100vw, 212px\" \/><\/a><\/figure><\/div>\n\n\n\n<h2 class=\"has-text-align-left has-text-color\" style=\"color:#ffffff\">N\u00ba 44<\/h2>\n\n\n\n<p class=\"has-text-color\" style=\"color:#ffffff\">Publicada en febrero de 2025<\/p>\n\n\n\n<div class=\"wp-container-1 wp-block-buttons\">\n<div class=\"wp-block-button is-style-button-line\"><a class=\"wp-block-button__link\" href=\"https:\/\/www.calameo.com\/read\/007683738e0572a81a8c9\" target=\"_blank\" rel=\"noreferrer noopener\">revista digital<\/a><\/div>\n<\/div>\n<\/div><\/div>\n<\/div><\/div>\n<\/div><\/div>\n<\/div><\/div>\n\n\n\n<div style=\"height:45px\" aria-hidden=\"true\" class=\"wp-block-spacer\"><\/div>\n\n\n\n<div class=\"wp-block-genesis-blocks-gb-columns gb-layout-columns-3 gb-3-col-equal\"><div class=\"gb-layout-column-wrap gb-block-layout-column-gap-2 gb-is-responsive-column\">\n<div class=\"wp-block-genesis-blocks-gb-column gb-block-layout-column\"><div class=\"gb-block-layout-column-inner\">\n<figure class=\"wp-block-image size-full\"><a href=\"https:\/\/www.calameo.com\/read\/0076837383baf286bb10a\"><img loading=\"lazy\" width=\"653\" height=\"903\" src=\"https:\/\/iesbaran.educacion.navarra.es\/web\/wp-content\/uploads\/2024\/05\/Captura-de-pantalla-2024-05-10-105926.png\" alt=\"\" class=\"wp-image-3344\" srcset=\"https:\/\/iesbaran.educacion.navarra.es\/web\/wp-content\/uploads\/2024\/05\/Captura-de-pantalla-2024-05-10-105926.png 653w, https:\/\/iesbaran.educacion.navarra.es\/web\/wp-content\/uploads\/2024\/05\/Captura-de-pantalla-2024-05-10-105926-217x300.png 217w, https:\/\/iesbaran.educacion.navarra.es\/web\/wp-content\/uploads\/2024\/05\/Captura-de-pantalla-2024-05-10-105926-50x69.png 50w\" sizes=\"(max-width: 653px) 100vw, 653px\" \/><\/a><figcaption>n\u00ba 43<\/figcaption><\/figure>\n<\/div><\/div>\n\n\n\n<div class=\"wp-block-genesis-blocks-gb-column gb-block-layout-column\"><div class=\"gb-block-layout-column-inner\">\n<figure class=\"wp-block-image size-full\"><a href=\"https:\/\/www.calameo.com\/read\/00768373804a2b1cda52b\"><img loading=\"lazy\" width=\"256\" height=\"352\" src=\"https:\/\/iesbaran.educacion.navarra.es\/web\/wp-content\/uploads\/2023\/02\/230203-ElMirador42.png\" alt=\"\" class=\"wp-image-2412\" srcset=\"https:\/\/iesbaran.educacion.navarra.es\/web\/wp-content\/uploads\/2023\/02\/230203-ElMirador42.png 256w, https:\/\/iesbaran.educacion.navarra.es\/web\/wp-content\/uploads\/2023\/02\/230203-ElMirador42-218x300.png 218w\" sizes=\"(max-width: 256px) 100vw, 256px\" \/><\/a><figcaption>n\u00ba 42<\/figcaption><\/figure>\n<\/div><\/div>\n\n\n\n<div class=\"wp-block-genesis-blocks-gb-column gb-block-layout-column\"><div class=\"gb-block-layout-column-inner\">\n<figure class=\"wp-block-image size-large\"><a href=\"https:\/\/www.calameo.com\/read\/001225101923134b7d1f9\"><img loading=\"lazy\" width=\"724\" height=\"1024\" src=\"https:\/\/iesbaran.educacion.navarra.es\/web\/wp-content\/uploads\/2022\/05\/PORTADA-41-724x1024.jpg\" alt=\"\" class=\"wp-image-1945\" srcset=\"https:\/\/iesbaran.educacion.navarra.es\/web\/wp-content\/uploads\/2022\/05\/PORTADA-41-724x1024.jpg 724w, https:\/\/iesbaran.educacion.navarra.es\/web\/wp-content\/uploads\/2022\/05\/PORTADA-41-212x300.jpg 212w, https:\/\/iesbaran.educacion.navarra.es\/web\/wp-content\/uploads\/2022\/05\/PORTADA-41-768x1086.jpg 768w, https:\/\/iesbaran.educacion.navarra.es\/web\/wp-content\/uploads\/2022\/05\/PORTADA-41-1087x1536.jpg 1087w, https:\/\/iesbaran.educacion.navarra.es\/web\/wp-content\/uploads\/2022\/05\/PORTADA-41.jpg 1240w\" sizes=\"(max-width: 724px) 100vw, 724px\" \/><\/a><figcaption>n\u00ba 41<\/figcaption><\/figure>\n<\/div><\/div>\n<\/div><\/div>\n\n\n\n<div class=\"wp-block-genesis-blocks-gb-columns gb-layout-columns-3 gb-3-col-equal\"><div class=\"gb-layout-column-wrap gb-block-layout-column-gap-2 gb-is-responsive-column\">\n<div class=\"wp-block-genesis-blocks-gb-column gb-block-layout-column\"><div class=\"gb-block-layout-column-inner\">\n<figure class=\"wp-block-image size-full\"><a href=\"https:\/\/es.calameo.com\/read\/00122510108a7a94abeab\"><img loading=\"lazy\" width=\"544\" height=\"780\" src=\"https:\/\/iesbaran.educacion.navarra.es\/web\/wp-content\/uploads\/2022\/01\/40.png\" alt=\"\" class=\"wp-image-1707\" srcset=\"https:\/\/iesbaran.educacion.navarra.es\/web\/wp-content\/uploads\/2022\/01\/40.png 544w, https:\/\/iesbaran.educacion.navarra.es\/web\/wp-content\/uploads\/2022\/01\/40-209x300.png 209w\" sizes=\"(max-width: 544px) 100vw, 544px\" \/><\/a><figcaption>n\u00ba 40<\/figcaption><\/figure>\n<\/div><\/div>\n\n\n\n<div class=\"wp-block-genesis-blocks-gb-column gb-block-layout-column\"><div class=\"gb-block-layout-column-inner\">\n<figure class=\"wp-block-image size-full\"><a href=\"https:\/\/www.calameo.com\/books\/0012251013c1314daacf3\"><img loading=\"lazy\" width=\"614\" height=\"850\" src=\"https:\/\/iesbaran.educacion.navarra.es\/web\/wp-content\/uploads\/2022\/01\/39.png\" alt=\"\" class=\"wp-image-1685\" srcset=\"https:\/\/iesbaran.educacion.navarra.es\/web\/wp-content\/uploads\/2022\/01\/39.png 614w, https:\/\/iesbaran.educacion.navarra.es\/web\/wp-content\/uploads\/2022\/01\/39-217x300.png 217w\" sizes=\"(max-width: 614px) 100vw, 614px\" \/><\/a><figcaption>n\u00ba 39<\/figcaption><\/figure>\n<\/div><\/div>\n\n\n\n<div class=\"wp-block-genesis-blocks-gb-column gb-block-layout-column\"><div class=\"gb-block-layout-column-inner\">\n<figure class=\"wp-block-image size-full\"><a href=\"https:\/\/www.calameo.com\/books\/001225101a0773ced86a8\"><img loading=\"lazy\" width=\"616\" height=\"854\" src=\"https:\/\/iesbaran.educacion.navarra.es\/web\/wp-content\/uploads\/2022\/01\/38.png\" alt=\"\" class=\"wp-image-1686\" srcset=\"https:\/\/iesbaran.educacion.navarra.es\/web\/wp-content\/uploads\/2022\/01\/38.png 616w, https:\/\/iesbaran.educacion.navarra.es\/web\/wp-content\/uploads\/2022\/01\/38-216x300.png 216w\" sizes=\"(max-width: 616px) 100vw, 616px\" \/><\/a><figcaption>n\u00ba 38<\/figcaption><\/figure>\n<\/div><\/div>\n<\/div><\/div>\n\n\n\n<div class=\"wp-block-genesis-blocks-gb-columns gb-layout-columns-3 gb-3-col-equal\"><div class=\"gb-layout-column-wrap gb-block-layout-column-gap-2 gb-is-responsive-column\">\n<div class=\"wp-block-genesis-blocks-gb-column gb-block-layout-column\"><div class=\"gb-block-layout-column-inner\">\n<figure class=\"wp-block-image size-full\"><a href=\"https:\/\/www.calameo.com\/books\/0012251015699c81f2c23\"><img loading=\"lazy\" width=\"616\" height=\"852\" src=\"https:\/\/iesbaran.educacion.navarra.es\/web\/wp-content\/uploads\/2022\/01\/37.png\" alt=\"\" class=\"wp-image-1688\" srcset=\"https:\/\/iesbaran.educacion.navarra.es\/web\/wp-content\/uploads\/2022\/01\/37.png 616w, https:\/\/iesbaran.educacion.navarra.es\/web\/wp-content\/uploads\/2022\/01\/37-217x300.png 217w\" sizes=\"(max-width: 616px) 100vw, 616px\" \/><\/a><figcaption>n\u00ba 37<\/figcaption><\/figure>\n<\/div><\/div>\n\n\n\n<div class=\"wp-block-genesis-blocks-gb-column gb-block-layout-column\"><div class=\"gb-block-layout-column-inner\">\n<figure class=\"wp-block-image size-full\"><a href=\"https:\/\/es.calameo.com\/books\/001225101e1965eb4bc00\"><img loading=\"lazy\" width=\"615\" height=\"849\" src=\"https:\/\/iesbaran.educacion.navarra.es\/web\/wp-content\/uploads\/2022\/01\/36.png\" alt=\"\" class=\"wp-image-1689\" srcset=\"https:\/\/iesbaran.educacion.navarra.es\/web\/wp-content\/uploads\/2022\/01\/36.png 615w, https:\/\/iesbaran.educacion.navarra.es\/web\/wp-content\/uploads\/2022\/01\/36-217x300.png 217w\" sizes=\"(max-width: 615px) 100vw, 615px\" \/><\/a><figcaption>n\u00ba 36<\/figcaption><\/figure>\n<\/div><\/div>\n\n\n\n<div class=\"wp-block-genesis-blocks-gb-column gb-block-layout-column\"><div class=\"gb-block-layout-column-inner\">\n<figure class=\"wp-block-image size-full\"><a href=\"https:\/\/es.calameo.com\/books\/001225101830fa4e20d31\"><img loading=\"lazy\" width=\"616\" height=\"849\" src=\"https:\/\/iesbaran.educacion.navarra.es\/web\/wp-content\/uploads\/2022\/01\/35.png\" alt=\"\" class=\"wp-image-1690\" srcset=\"https:\/\/iesbaran.educacion.navarra.es\/web\/wp-content\/uploads\/2022\/01\/35.png 616w, https:\/\/iesbaran.educacion.navarra.es\/web\/wp-content\/uploads\/2022\/01\/35-218x300.png 218w\" sizes=\"(max-width: 616px) 100vw, 616px\" \/><\/a><figcaption>n\u00ba 35<\/figcaption><\/figure>\n<\/div><\/div>\n<\/div><\/div>\n\n\n\n<div class=\"wp-block-genesis-blocks-gb-columns gb-layout-columns-3 gb-3-col-equal\"><div class=\"gb-layout-column-wrap gb-block-layout-column-gap-2 gb-is-responsive-column\">\n<div class=\"wp-block-genesis-blocks-gb-column gb-block-layout-column\"><div class=\"gb-block-layout-column-inner\">\n<figure class=\"wp-block-image size-full\"><a href=\"https:\/\/www.calameo.com\/books\/0012251015dea9f6cbb91\"><img loading=\"lazy\" width=\"616\" height=\"850\" src=\"https:\/\/iesbaran.educacion.navarra.es\/web\/wp-content\/uploads\/2022\/01\/34.png\" alt=\"\" class=\"wp-image-1691\" srcset=\"https:\/\/iesbaran.educacion.navarra.es\/web\/wp-content\/uploads\/2022\/01\/34.png 616w, https:\/\/iesbaran.educacion.navarra.es\/web\/wp-content\/uploads\/2022\/01\/34-217x300.png 217w\" sizes=\"(max-width: 616px) 100vw, 616px\" \/><\/a><figcaption>n\u00ba 34<\/figcaption><\/figure>\n<\/div><\/div>\n\n\n\n<div class=\"wp-block-genesis-blocks-gb-column gb-block-layout-column\"><div class=\"gb-block-layout-column-inner\">\n<figure class=\"wp-block-image size-full\"><a href=\"https:\/\/www.calameo.com\/books\/0012251010fc58fc13857\"><img loading=\"lazy\" width=\"617\" height=\"850\" src=\"https:\/\/iesbaran.educacion.navarra.es\/web\/wp-content\/uploads\/2022\/01\/33.png\" alt=\"\" class=\"wp-image-1692\" srcset=\"https:\/\/iesbaran.educacion.navarra.es\/web\/wp-content\/uploads\/2022\/01\/33.png 617w, https:\/\/iesbaran.educacion.navarra.es\/web\/wp-content\/uploads\/2022\/01\/33-218x300.png 218w\" sizes=\"(max-width: 617px) 100vw, 617px\" \/><\/a><figcaption>n\u00ba 33<\/figcaption><\/figure>\n<\/div><\/div>\n\n\n\n<div class=\"wp-block-genesis-blocks-gb-column gb-block-layout-column\"><div class=\"gb-block-layout-column-inner\">\n<figure class=\"wp-block-image size-full\"><a href=\"https:\/\/www.calameo.com\/books\/0012251011ba43eabfee4\"><img loading=\"lazy\" width=\"617\" height=\"846\" src=\"https:\/\/iesbaran.educacion.navarra.es\/web\/wp-content\/uploads\/2022\/01\/32.png\" alt=\"\" class=\"wp-image-1693\" srcset=\"https:\/\/iesbaran.educacion.navarra.es\/web\/wp-content\/uploads\/2022\/01\/32.png 617w, https:\/\/iesbaran.educacion.navarra.es\/web\/wp-content\/uploads\/2022\/01\/32-219x300.png 219w\" sizes=\"(max-width: 617px) 100vw, 617px\" \/><\/a><figcaption>n\u00ba 32<\/figcaption><\/figure>\n<\/div><\/div>\n<\/div><\/div>\n\n\n\n<div class=\"wp-container-3 wp-block-buttons\">\n<div class=\"wp-block-button\"><a class=\"wp-block-button__link\" href=\"http:\/\/iesbaran.educacion.navarra.es\/general\/elmirador.php\">Acceso a todos los n\u00fameros<\/a><\/div>\n<\/div>\n","protected":false},"excerpt":{"rendered":"<p>P\u00e1gina de la revista del IES Bara\u00f1\u00e1in El Mirador es una revista escrita \u00edntegramente por el alumnado del IES Bara\u00f1ain, con ya casi 25 a\u00f1os de historia. Ha sido premiada en varias ocasiones por la Asociaci\u00f3n de Prensa Juvenil. Premios: Lobo de Plata 2013, otorgado por la Asociaci\u00f3n de Prensa Juvenil Lobo de Bronce 2011, [&hellip;]<\/p>\n","protected":false},"author":1,"featured_media":1159,"parent":0,"menu_order":0,"comment_status":"closed","ping_status":"closed","template":"templates\/landing.php","meta":{"_genesis_hide_title":false,"_genesis_hide_breadcrumbs":false,"_genesis_hide_singular_image":false,"_genesis_hide_footer_widgets":false,"_genesis_custom_body_class":"","_genesis_custom_post_class":"","_genesis_layout":"full-width-content"},"featured_image_src":"https:\/\/iesbaran.educacion.navarra.es\/web\/wp-content\/uploads\/2021\/05\/El-Mirador-39-montaje-slider-600x400.png","featured_image_src_square":"https:\/\/iesbaran.educacion.navarra.es\/web\/wp-content\/uploads\/2021\/05\/El-Mirador-39-montaje-slider-600x567.png","_links":{"self":[{"href":"https:\/\/iesbaran.educacion.navarra.es\/web\/wp-json\/wp\/v2\/pages\/1682"}],"collection":[{"href":"https:\/\/iesbaran.educacion.navarra.es\/web\/wp-json\/wp\/v2\/pages"}],"about":[{"href":"https:\/\/iesbaran.educacion.navarra.es\/web\/wp-json\/wp\/v2\/types\/page"}],"author":[{"embeddable":true,"href":"https:\/\/iesbaran.educacion.navarra.es\/web\/wp-json\/wp\/v2\/users\/1"}],"replies":[{"embeddable":true,"href":"https:\/\/iesbaran.educacion.navarra.es\/web\/wp-json\/wp\/v2\/comments?post=1682"}],"version-history":[{"count":24,"href":"https:\/\/iesbaran.educacion.navarra.es\/web\/wp-json\/wp\/v2\/pages\/1682\/revisions"}],"predecessor-version":[{"id":3767,"href":"https:\/\/iesbaran.educacion.navarra.es\/web\/wp-json\/wp\/v2\/pages\/1682\/revisions\/3767"}],"wp:featuredmedia":[{"embeddable":true,"href":"https:\/\/iesbaran.educacion.navarra.es\/web\/wp-json\/wp\/v2\/media\/1159"}],"wp:attachment":[{"href":"https:\/\/iesbaran.educacion.navarra.es\/web\/wp-json\/wp\/v2\/media?parent=1682"}],"curies":[{"name":"wp","href":"https:\/\/api.w.org\/{rel}","templated":true}]}}