{"id":1190,"date":"2021-05-18T10:19:35","date_gmt":"2021-05-18T08:19:35","guid":{"rendered":"https:\/\/iesbaran.educacion.navarra.es\/web\/?page_id=1190"},"modified":"2026-03-12T08:46:50","modified_gmt":"2026-03-12T07:46:50","slug":"inscripcion-matricula","status":"publish","type":"page","link":"https:\/\/iesbaran.educacion.navarra.es\/web\/inscripcion-matricula\/","title":{"rendered":"Proceso de pre-inscripci\u00f3n y matr\u00edcula"},"content":{"rendered":"\n<h2 class=\"has-text-align-center\">Curso 26-27<\/h2>\n\n\n\n<h3 class=\"has-text-align-center\"><strong>Presentaci\u00f3n de solicitudes<\/strong><\/h3>\n\n\n\n<h3 class=\"has-text-align-center\">Plazo de presentaci\u00f3n de solicitudes ordinario:<br><strong>Del 9 al 13 de marzo de 2026<\/strong><\/h3>\n\n\n\n<p><strong>Dirigido a:<\/strong><\/p>\n\n\n\n<ul><li>Alumnado de 6\u00ba de Primaria que <strong>NO<\/strong> pertenece a los centros adscritos (Eulza, Los Sauces y Nicasio Landa). \u00c9stos tienen otro proceso de solicitud posterior y tienen garantizada la plaza.<\/li><li>Alumnado que no est\u00e1 cursando 4\u00ba de ESO en el IES Bara\u00f1\u00e1in y quiere solicitar plaza para Bachillerato.<\/li><li>Alumnado de secundaria de otros centros que quiere solicitar cambio de centro.<\/li><\/ul>\n\n\n\n<p>La solicitud de admisi\u00f3n se podr\u00e1 realizar (a elegir una forma):<\/p>\n\n\n\n<ul><li>De manera<strong> presencial en el centro<\/strong>. <ul><li>De<strong> <\/strong>lunes a viernes de 8 a 14:30 h<strong> <\/strong>y martes y jueves de 16 a 19 h.<\/li><li>Presentar impreso de solicitud de admisi\u00f3n en papel. (pr\u00f3ximamente se publicar\u00e1 el impreso y dem\u00e1s documentaci\u00f3n necesaria)<\/li><\/ul><\/li><\/ul>\n\n\n\n<ul><li>Por medios <strong>telem\u00e1ticos<\/strong> (a trav\u00e9s de Educa o de una ficha web que se pubilicar\u00e1 pr\u00f3ximamente).<\/li><\/ul>\n\n\n\n<p>M\u00e1s informaci\u00f3n:<\/p>\n\n\n\n<div class=\"wp-container-1 wp-block-buttons\">\n<div class=\"wp-block-button\"><a class=\"wp-block-button__link\" href=\"https:\/\/www.navarra.es\/es\/tramites\/on\/-\/line\/preinscripcion-y-matricula-del-alumnado-educacion-secundaria-obligatoria-y-bachillerato\" target=\"_blank\" rel=\"noreferrer noopener\">ficha web<\/a><\/div>\n<\/div>\n\n\n\n<div style=\"height:17px\" aria-hidden=\"true\" class=\"wp-block-spacer\"><\/div>\n\n\n\n<div class=\"wp-container-2 wp-block-buttons\">\n<div class=\"wp-block-button\"><a class=\"wp-block-button__link has-theme-primary-background-color has-background\" href=\"\/\/www.navarra.es\/documents\/48192\/23900026\/calendario_ESOyBACHordinario_cast.pdf\" target=\"_blank\" rel=\"noreferrer noopener\">calendario admisi\u00f3n<\/a><\/div>\n<\/div>\n\n\n\n<hr class=\"wp-block-separator is-style-default\"\/>\n\n\n\n<h3>Documentaci\u00f3n a presentar:<\/h3>\n\n\n\n<p><strong>Documentaci\u00f3n obligatoria<\/strong><\/p>\n\n\n\n<ul><li><a href=\"https:\/\/www.navarra.es\/documents\/48192\/23900026\/solicitud+adm.+26-27+ESO+y+Bach+plazo+ordinario.pdf\" target=\"_blank\" rel=\"noreferrer noopener\">Solicitud de admisi\u00f3n<\/a>&nbsp;(s\u00f3lo si se hace de forma presencial).<\/li><li>Fotocopia de alguno de los siguientes documentos: libro de familia\/certificado de nacimiento, y en su defecto pasaporte, DNI o NIE, que acredite el v\u00ednculo familiar.<\/li><li>Acceso a 1\u00ba de bachillerato: documentaci\u00f3n acad\u00e9mica que incluya la nota media solicitada conforme al art\u00edculo 28 de la Orden Foral 46\/2021.&nbsp;<strong>No es necesaria si el centro educativo consignado como primera opci\u00f3n pudiera consultarla telem\u00e1ticamente.<\/strong><\/li><\/ul>\n\n\n\n<p><strong>Documentaci\u00f3n opcional<\/strong><\/p>\n\n\n\n<ul><li>Certificado de empadronamiento\/certificado de convivencia, en el que conste el\/la menor con al menos uno de sus progenitores\/as o personas que ejerzan la tutor\u00eda legal.&nbsp;<\/li><li>Certificado de discapacidad<\/li><li>Certificado de puesto de trabajo<\/li><li>Copia de la tarjeta de familia numerosa<\/li><li>Acreditaci\u00f3n de v\u00edctima de violencia de g\u00e9nero o terrorismo<\/li><li>Situaci\u00f3n de acogimiento familiar<\/li><li>Copia de la tarjeta de familia monoparental<\/li><li>Documentaci\u00f3n de alumnado con necesidades espec\u00edficas de apoyo educativo<\/li><\/ul>\n\n\n\n<p><strong>Autorizaciones opcionales<\/strong><\/p>\n\n\n\n<ul><li><a rel=\"noreferrer noopener\" href=\"https:\/\/drive.google.com\/file\/d\/1ECINLuEoprwOo3Et3Ai-ztLbaxEYGXvE\/view?usp=sharing\" target=\"_blank\">Autorizaci\u00f3n de consulta de la renta 2024<\/a> para el c\u00e1lculo de la renta per c\u00e1pita (ser\u00e1 el vigente a fecha 6 de marzo de 2026).&nbsp;<a rel=\"noreferrer noopener\" href=\"https:\/\/www.navarra.es\/documents\/48192\/23900026\/Tramos+c%C3%A1culo+per+c%C3%A0pita+26-27.pdf\" target=\"_blank\">Tramos de renta y la puntuaci\u00f3n<\/a>.<\/li><li>Acreditaci\u00f3n de encontrarse en situaci\u00f3n de vulnerabilidad socieducativa.<\/li><\/ul>\n\n\n\n<p><strong>Enlaces a documentos para descargar:<\/strong><\/p>\n\n\n\n<div class=\"wp-container-3 wp-block-buttons\">\n<div class=\"wp-block-button\"><a class=\"wp-block-button__link\" href=\"https:\/\/www.navarra.es\/documents\/48192\/23900026\/solicitud+adm.+26-27+ESO+y+Bach+plazo+ordinario.pdf\">solicitud de admisi\u00f3n<\/a><\/div>\n\n\n\n<div class=\"wp-block-button\"><a class=\"wp-block-button__link has-theme-primary-background-color has-background\" href=\"https:\/\/drive.google.com\/file\/d\/1ECINLuEoprwOo3Et3Ai-ztLbaxEYGXvE\/view?usp=sharing\">autorizaci\u00f3n consulta renta<\/a><\/div>\n\n\n\n<div class=\"wp-block-button\"><a class=\"wp-block-button__link\" href=\"https:\/\/www.navarra.es\/documents\/48192\/23900026\/Tramos+c%C3%A1culo+per+c%C3%A0pita+26-27.pdf\">tramos de renta<\/a><\/div>\n<\/div>\n\n\n\n<hr class=\"wp-block-separator is-style-default\"\/>\n\n\n\n<div style=\"height:43px\" aria-hidden=\"true\" class=\"wp-block-spacer\"><\/div>\n\n\n\n<h2 class=\"has-text-align-center\">Curso 25-26 (antiguo)<\/h2>\n\n\n\n<h3 class=\"has-text-align-center is-style-default\"><strong><strong>27\/08\/25: publicaci\u00f3n lista de admitidos en convocatoria extraordinaria<\/strong><\/strong><\/h3>\n\n\n\n<div class=\"wp-container-4 wp-block-buttons\">\n<div class=\"wp-block-button\"><a class=\"wp-block-button__link\" href=\"https:\/\/drive.google.com\/file\/d\/16KWWpfaIumi8MeCGAwsjoqvn5A9tKafE\/view?usp=sharing\" target=\"_blank\" rel=\"noreferrer noopener\">Lista de admitidos en extraordinaria<\/a><\/div>\n<\/div>\n\n\n\n<div style=\"height:31px\" aria-hidden=\"true\" class=\"wp-block-spacer\"><\/div>\n\n\n\n<h3 class=\"has-text-align-left is-style-default\"><strong><strong>02\/07\/25: publicaci\u00f3n lista definitiva de admitidos<\/strong><\/strong><\/h3>\n\n\n\n<div class=\"wp-container-5 wp-block-buttons\">\n<div class=\"wp-block-button\"><a class=\"wp-block-button__link\" href=\"https:\/\/drive.google.com\/file\/d\/1DDdHGbXlyTRXRBmn8UwUhYu6qEe4kKcy\/view?usp=sharing\" target=\"_blank\" rel=\"noreferrer noopener\">Lista definitiva de admitidos<\/a><\/div>\n<\/div>\n\n\n\n<div style=\"height:21px\" aria-hidden=\"true\" class=\"wp-block-spacer\"><\/div>\n\n\n\n<h3><strong>25\/06\/25: publicaci\u00f3n lista provisional de admitidos<\/strong><\/h3>\n\n\n\n<div class=\"wp-container-6 wp-block-buttons\">\n<div class=\"wp-block-button\"><a class=\"wp-block-button__link\" href=\"https:\/\/drive.google.com\/file\/d\/1AVRfr4WJWItWpdwm53pJTFS18ZD-aX3k\/view?usp=sharing\" target=\"_blank\" rel=\"noreferrer noopener\">lista provisional de admitidos<\/a><\/div>\n<\/div>\n\n\n\n<hr class=\"wp-block-separator is-style-theme-separator\"\/>\n\n\n\n<h3><strong>24\/03\/25: Presentaci\u00f3n de solicitudes<\/strong><\/h3>\n\n\n\n<h3 class=\"has-text-align-center\">Plazo de presentaci\u00f3n de solicitudes ordinario:<br><strong>Del 24 al 28 de marzo de 2025<\/strong><\/h3>\n\n\n\n<p>La solicitud de admisi\u00f3n se podr\u00e1 realizar (a elegir una forma):<\/p>\n\n\n\n<ul><li>De manera<strong> presencial en el centro<\/strong>. <ul><li>De<strong> <\/strong>lunes a viernes de 8 a 14:30 h<strong> <\/strong>y mi\u00e9rcoles y jueves de 16 a 19 h.<\/li><li>Presentar impreso de solicitud de admisi\u00f3n en papel.<\/li><\/ul><\/li><\/ul>\n\n\n\n<div class=\"wp-container-7 wp-block-buttons\">\n<div class=\"wp-block-button\"><a class=\"wp-block-button__link has-theme-primary-background-color has-background\" href=\"https:\/\/drive.google.com\/file\/d\/1sG1EA04IFk5uXKVfCr00UGxu81TebcVJ\/view?usp=sharing\" style=\"border-radius:5px\" target=\"_blank\" rel=\"noreferrer noopener\">impreso de solicitud<\/a><\/div>\n<\/div>\n\n\n\n<div style=\"height:10px\" aria-hidden=\"true\" class=\"wp-block-spacer\"><\/div>\n\n\n\n<div class=\"wp-container-8 wp-block-buttons\">\n<div class=\"wp-block-button\"><a class=\"wp-block-button__link\" href=\"https:\/\/docs.google.com\/document\/d\/10EHyDpsge5TMf1GqAa4E2i5t9oguSqQ27ZemjKFzMP8\/edit?usp=sharing\" style=\"border-radius:5px\" target=\"_blank\" rel=\"noreferrer noopener\">ampliar informaci\u00f3n<\/a><\/div>\n<\/div>\n\n\n\n<div style=\"height:10px\" aria-hidden=\"true\" class=\"wp-block-spacer\"><\/div>\n\n\n\n<div style=\"height:10px\" aria-hidden=\"true\" class=\"wp-block-spacer\"><\/div>\n\n\n\n<ul><li>Por medios <strong>telem\u00e1ticos<\/strong> (a trav\u00e9s de Educa o de una ficha web).<\/li><\/ul>\n\n\n\n<div class=\"wp-container-9 wp-block-buttons\">\n<div class=\"wp-block-button\"><a class=\"wp-block-button__link has-theme-primary-background-color has-background\" href=\"https:\/\/www.navarra.es\/es\/tramites\/on\/-\/line\/preinscripcion-y-matricula-del-alumnado-educacion-secundaria-obligatoria-y-bachillerato\" style=\"border-radius:5px\" target=\"_blank\" rel=\"noreferrer noopener\">enlace ficha web<\/a><\/div>\n<\/div>\n\n\n\n<hr class=\"wp-block-separator is-style-default\"\/>\n\n\n\n<div style=\"height:10px\" aria-hidden=\"true\" class=\"wp-block-spacer\"><\/div>\n\n\n\n<div class=\"wp-container-10 wp-block-buttons\">\n<div class=\"wp-block-button\"><a class=\"wp-block-button__link has-theme-secondary-background-color has-background\" href=\"https:\/\/bon.navarra.es\/es\/anuncio\/-\/texto\/2025\/53\/10\" style=\"border-radius:5px\" target=\"_blank\" rel=\"noreferrer noopener\">normativa del proceso de admisi\u00f3n<\/a><\/div>\n<\/div>\n\n\n\n<div style=\"height:43px\" aria-hidden=\"true\" class=\"wp-block-spacer\"><\/div>\n\n\n\n<hr class=\"wp-block-separator is-style-default\"\/>\n\n\n\n<h3>Siguientes pasos:<\/h3>\n\n\n\n<ul><li>Lista provisional de admitidos: 25 de junio<\/li><li>Reclamaciones y renuncias: del 26 de junio al 30 de junio<\/li><li>Lista definitiva de admisi\u00f3n: 2 de julio<\/li><li>Plazo de matr\u00edcula: 3 y 4 de julio (hasta las 14h.)<\/li><\/ul>\n\n\n\n<h3>Mejora de opci\u00f3n:<\/h3>\n\n\n\n<p>En el caso de que el alumno-a no fuera admitido-a en la lista definitiva del 2 de julio y sigue queriendo realizar los estudios en el IES Bara\u00f1\u00e1in, tiene que matricularse en el centro asignado y marcar la casilla de MEJORA DE OPCI\u00d3N ya que tras el periodo de matriculaci\u00f3n van quedando plazas libres.<\/p>\n\n\n\n<hr class=\"wp-block-separator alignwide is-style-theme-separator\"\/>\n\n\n\n<h2>Otra informaci\u00f3n:<\/h2>\n\n\n\n<p><\/p>\n\n\n\n<div class=\"wp-block-genesis-blocks-gb-accordion gb-block-accordion\"><details><summary class=\"gb-accordion-title\">Impresos de asignaturas optativas<\/summary><div class=\"gb-accordion-text\">\n<h3>ESO:<\/h3>\n\n\n\n<div class=\"wp-block-genesis-blocks-gb-columns gb-layout-columns-1 gb-1-col-equal\"><div class=\"gb-layout-column-wrap gb-block-layout-column-gap-2 gb-is-responsive-column\">\n<div class=\"wp-block-genesis-blocks-gb-column gb-block-layout-column\"><div class=\"gb-block-layout-column-inner\">\n<div class=\"wp-container-11 wp-block-buttons\">\n<div class=\"wp-block-button\"><a class=\"wp-block-button__link has-theme-primary-background-color has-background\" href=\"https:\/\/drive.google.com\/file\/d\/17Hh6dgAmd-qfK0hkzvL5WnZHjPV0svhG\/view?usp=drive_link\" style=\"border-radius:5px\" target=\"_blank\" rel=\"noreferrer noopener\">impreso optativas 1\u00ba ESO<\/a><\/div>\n\n\n\n<div class=\"wp-block-button is-style-outline\"><a class=\"wp-block-button__link\" href=\"https:\/\/drive.google.com\/drive\/folders\/1SbcsZlVEWGvzL4zvm_RkOqdd0EEjppG7\" style=\"border-radius:5px\" target=\"_blank\" rel=\"noreferrer noopener\">info optativas 1\u00ba ESO<\/a><\/div>\n<\/div>\n<\/div><\/div>\n<\/div><\/div>\n\n\n\n<hr class=\"wp-block-separator is-style-default\"\/>\n\n\n\n<div class=\"wp-container-12 wp-block-buttons\">\n<div class=\"wp-block-button\"><a class=\"wp-block-button__link has-theme-primary-background-color has-background\" href=\"https:\/\/drive.google.com\/file\/d\/1HPAIk7lX-3OMnHlHevQYfjbKF0vIxU-F\/view?usp=sharing\" style=\"border-radius:5px\" target=\"_blank\" rel=\"noreferrer noopener\">impreso optativas 2\u00ba ESO<\/a><\/div>\n<\/div>\n\n\n\n<hr class=\"wp-block-separator is-style-default\"\/>\n\n\n\n<div class=\"wp-block-genesis-blocks-gb-columns gb-layout-columns-1 gb-1-col-equal\"><div class=\"gb-layout-column-wrap gb-block-layout-column-gap-2 gb-is-responsive-column\">\n<div class=\"wp-block-genesis-blocks-gb-column gb-block-layout-column\"><div class=\"gb-block-layout-column-inner\">\n<div class=\"wp-container-13 wp-block-buttons\">\n<div class=\"wp-block-button\"><a class=\"wp-block-button__link has-theme-primary-background-color has-background\" href=\"https:\/\/drive.google.com\/file\/d\/1bqw9g3c09541Hd2dqFQeFIhfmHgwWTND\/view?usp=sharing\" style=\"border-radius:5px\" target=\"_blank\" rel=\"noreferrer noopener\">impreso optativas 3\u00ba ESO<\/a><\/div>\n\n\n\n<div class=\"wp-block-button\"><a class=\"wp-block-button__link has-background\" href=\"https:\/\/drive.google.com\/file\/d\/1vWwemwwcieTyLncz7iPBFBvtLszf7RxK\/view?usp=drive_link\" style=\"border-radius:5px;background-color:#f26c43\" target=\"_blank\" rel=\"noreferrer noopener\">impreso optativas 3\u00ba dc<\/a><\/div>\n<\/div>\n<\/div><\/div>\n<\/div><\/div>\n\n\n\n<hr class=\"wp-block-separator is-style-default\"\/>\n\n\n\n<div class=\"wp-block-genesis-blocks-gb-columns gb-layout-columns-1 gb-1-col-equal\"><div class=\"gb-layout-column-wrap gb-block-layout-column-gap-2 gb-is-responsive-column\">\n<div class=\"wp-block-genesis-blocks-gb-column gb-block-layout-column\"><div class=\"gb-block-layout-column-inner\">\n<div class=\"wp-container-14 wp-block-buttons\">\n<div class=\"wp-block-button\"><a class=\"wp-block-button__link has-theme-primary-background-color has-background\" href=\"https:\/\/drive.google.com\/file\/d\/1w8WmCD7920wW7sGpm25c-y21rbUIG--r\/view?usp=sharing\" style=\"border-radius:5px\" target=\"_blank\" rel=\"noreferrer noopener\">impreso optativas 4\u00ba ESO<\/a><\/div>\n\n\n\n<div class=\"wp-block-button\"><a class=\"wp-block-button__link has-background\" href=\"https:\/\/drive.google.com\/file\/d\/1UlQa6XJRxhVoSoQhMygbPC7LnXB2DoFV\/view?usp=sharing\" style=\"border-radius:5px;background-color:#f26c43\" target=\"_blank\" rel=\"noreferrer noopener\">impreso optativas 4\u00ba dc<\/a><\/div>\n<\/div>\n<\/div><\/div>\n<\/div><\/div>\n\n\n\n<hr class=\"wp-block-separator is-style-default\"\/>\n\n\n\n<h3>Bachillerato:<\/h3>\n\n\n\n<p>Impresos optativas 1\u00ba Bachillerato:<\/p>\n\n\n\n<div class=\"wp-container-15 wp-block-buttons\">\n<div class=\"wp-block-button\"><a class=\"wp-block-button__link has-background\" href=\"https:\/\/drive.google.com\/file\/d\/1tUfcLpJT2taEHwx7LJqCowdKyfTaoKV8\/view?usp=sharing\" style=\"border-radius:5px;background-color:#0c51cf\" target=\"_blank\" rel=\"noreferrer noopener\">modalidad ciencias e ingenier\u00eda<\/a><\/div>\n\n\n\n<div class=\"wp-block-button\"><a class=\"wp-block-button__link has-background\" href=\"https:\/\/drive.google.com\/file\/d\/13zn0ZRotEWkgA20Yciw2sCrg4jMKnCIv\/view?usp=sharing\" style=\"border-radius:5px;background-color:#0cb4cf\" target=\"_blank\" rel=\"noreferrer noopener\">modalidad humanidades y ccss<\/a><\/div>\n<\/div>\n\n\n\n<hr class=\"wp-block-separator is-style-default\"\/>\n\n\n\n<p>Impresos optativas 2\u00ba Bachillerato:<\/p>\n\n\n\n<div class=\"wp-container-16 wp-block-buttons\">\n<div class=\"wp-block-button\"><a class=\"wp-block-button__link has-background\" href=\"https:\/\/drive.google.com\/file\/d\/1eJf43K_Z8FDpXUTDuQAawvNfqj_qzQWB\/view?usp=sharing\" style=\"border-radius:5px;background-color:#0c79cf\" target=\"_blank\" rel=\"noreferrer noopener\">impreso optativas 2\u00ba bachillerato<\/a><\/div>\n<\/div>\n\n\n\n<div style=\"height:100px\" aria-hidden=\"true\" class=\"wp-block-spacer\"><\/div>\n\n\n\n<div class=\"wp-container-17 wp-block-buttons\"><\/div>\n<\/div><\/details><\/div>\n\n\n\n<hr class=\"wp-block-separator is-style-wide\"\/>\n\n\n\n<div style=\"height:30px\" aria-hidden=\"true\" class=\"wp-block-spacer\"><\/div>\n\n\n\n<p><\/p>\n\n\n\n<p><\/p>\n","protected":false},"excerpt":{"rendered":"<p>Curso 26-27 Presentaci\u00f3n de solicitudes Plazo de presentaci\u00f3n de solicitudes ordinario:Del 9 al 13 de marzo de 2026 Dirigido a: Alumnado de 6\u00ba de Primaria que NO pertenece a los centros adscritos (Eulza, Los Sauces y Nicasio Landa). \u00c9stos tienen otro proceso de solicitud posterior y tienen garantizada la plaza. Alumnado que no est\u00e1 cursando [&hellip;]<\/p>\n","protected":false},"author":1,"featured_media":1170,"parent":0,"menu_order":0,"comment_status":"closed","ping_status":"closed","template":"","meta":{"_genesis_hide_title":false,"_genesis_hide_breadcrumbs":false,"_genesis_hide_singular_image":false,"_genesis_hide_footer_widgets":false,"_genesis_custom_body_class":"","_genesis_custom_post_class":"","_genesis_layout":""},"featured_image_src":"https:\/\/iesbaran.educacion.navarra.es\/web\/wp-content\/uploads\/2021\/05\/inscripcion-600x400.jpg","featured_image_src_square":"https:\/\/iesbaran.educacion.navarra.es\/web\/wp-content\/uploads\/2021\/05\/inscripcion-600x600.jpg","_links":{"self":[{"href":"https:\/\/iesbaran.educacion.navarra.es\/web\/wp-json\/wp\/v2\/pages\/1190"}],"collection":[{"href":"https:\/\/iesbaran.educacion.navarra.es\/web\/wp-json\/wp\/v2\/pages"}],"about":[{"href":"https:\/\/iesbaran.educacion.navarra.es\/web\/wp-json\/wp\/v2\/types\/page"}],"author":[{"embeddable":true,"href":"https:\/\/iesbaran.educacion.navarra.es\/web\/wp-json\/wp\/v2\/users\/1"}],"replies":[{"embeddable":true,"href":"https:\/\/iesbaran.educacion.navarra.es\/web\/wp-json\/wp\/v2\/comments?post=1190"}],"version-history":[{"count":61,"href":"https:\/\/iesbaran.educacion.navarra.es\/web\/wp-json\/wp\/v2\/pages\/1190\/revisions"}],"predecessor-version":[{"id":4387,"href":"https:\/\/iesbaran.educacion.navarra.es\/web\/wp-json\/wp\/v2\/pages\/1190\/revisions\/4387"}],"wp:featuredmedia":[{"embeddable":true,"href":"https:\/\/iesbaran.educacion.navarra.es\/web\/wp-json\/wp\/v2\/media\/1170"}],"wp:attachment":[{"href":"https:\/\/iesbaran.educacion.navarra.es\/web\/wp-json\/wp\/v2\/media?parent=1190"}],"curies":[{"name":"wp","href":"https:\/\/api.w.org\/{rel}","templated":true}]}}