{"id":18,"date":"2020-11-27T15:23:50","date_gmt":"2020-11-27T15:23:50","guid":{"rendered":"https:\/\/iesbaran.educacion.navarra.es\/web\/erasmus\/about-us\/"},"modified":"2021-03-19T12:09:37","modified_gmt":"2021-03-19T12:09:37","slug":"about-us","status":"publish","type":"page","link":"https:\/\/iesbaran.educacion.navarra.es\/web\/erasmus\/about-us\/","title":{"rendered":"The project"},"content":{"rendered":"\n<div class=\"wp-block-image is-style-image-corners\"><figure class=\"aligncenter size-full\"><img loading=\"lazy\" width=\"1980\" height=\"1320\" src=\"https:\/\/iesbaran.educacion.navarra.es\/web\/erasmus\/wp-content\/uploads\/sites\/3\/2021\/02\/aaron-fernando-tSuk0hyn8aY-unsplash.jpg\" alt=\"\" class=\"wp-image-43\" srcset=\"https:\/\/iesbaran.educacion.navarra.es\/web\/erasmus\/wp-content\/uploads\/sites\/3\/2021\/02\/aaron-fernando-tSuk0hyn8aY-unsplash.jpg 1980w, https:\/\/iesbaran.educacion.navarra.es\/web\/erasmus\/wp-content\/uploads\/sites\/3\/2021\/02\/aaron-fernando-tSuk0hyn8aY-unsplash-300x200.jpg 300w, https:\/\/iesbaran.educacion.navarra.es\/web\/erasmus\/wp-content\/uploads\/sites\/3\/2021\/02\/aaron-fernando-tSuk0hyn8aY-unsplash-1024x683.jpg 1024w, https:\/\/iesbaran.educacion.navarra.es\/web\/erasmus\/wp-content\/uploads\/sites\/3\/2021\/02\/aaron-fernando-tSuk0hyn8aY-unsplash-768x512.jpg 768w, https:\/\/iesbaran.educacion.navarra.es\/web\/erasmus\/wp-content\/uploads\/sites\/3\/2021\/02\/aaron-fernando-tSuk0hyn8aY-unsplash-1536x1024.jpg 1536w, https:\/\/iesbaran.educacion.navarra.es\/web\/erasmus\/wp-content\/uploads\/sites\/3\/2021\/02\/aaron-fernando-tSuk0hyn8aY-unsplash-600x400.jpg 600w\" sizes=\"(max-width: 1980px) 100vw, 1980px\" \/><\/figure><\/div>\n\n\n\n<div style=\"color:#ddd\" class=\"wp-block-genesis-blocks-gb-spacer gb-block-spacer gb-divider-solid gb-divider-size-1\"><hr style=\"height:29px\"\/><\/div>\n\n\n\n<h2>The project<\/h2>\n\n\n\n<p>The main objective of the project is the exchange of good practices and the implementation of joint initiatives promoting cooperation, peer learning and exchanges of experience at European level between the organizations Zespol Szkol Urszulanskich located in Rybnik (Poland), Erich K\u00e4stner Schule located in Bochum (Germany), and IES Bara\u00f1\u00e1in located in Bara\u00f1\u00e1in (Spain) .<br><\/p>\n\n\n\n<p>The title of the project is &#8216; We are the seeds of the EU plant of tomorrow : taking<br>environmental action to reshape the future of the EU and to preserve its cultural heritage&#8217;.<br><br>The main priorities of the project will be the promotion of social and educational value of European cultural heritage through the civic engagement and participation of young Europeans in actions against climate change and in defense of the environment and the implementation of innovative practices.<\/p>\n","protected":false},"excerpt":{"rendered":"<p>The project The main objective of the project is the exchange of good practices and the implementation of joint initiatives promoting cooperation, peer learning and exchanges of experience at European level between the organizations Zespol Szkol Urszulanskich located in Rybnik (Poland), Erich K\u00e4stner Schule located in Bochum (Germany), and IES Bara\u00f1\u00e1in located in Bara\u00f1\u00e1in (Spain) [&hellip;]<\/p>\n","protected":false},"author":1,"featured_media":0,"parent":0,"menu_order":0,"comment_status":"closed","ping_status":"closed","template":"","meta":{"_genesis_hide_title":true,"_genesis_hide_breadcrumbs":true,"_genesis_hide_singular_image":true,"_genesis_hide_footer_widgets":false,"_genesis_custom_body_class":"","_genesis_custom_post_class":"","_genesis_layout":"full-width-content"},"featured_image_src":null,"featured_image_src_square":null,"_links":{"self":[{"href":"https:\/\/iesbaran.educacion.navarra.es\/web\/erasmus\/wp-json\/wp\/v2\/pages\/18"}],"collection":[{"href":"https:\/\/iesbaran.educacion.navarra.es\/web\/erasmus\/wp-json\/wp\/v2\/pages"}],"about":[{"href":"https:\/\/iesbaran.educacion.navarra.es\/web\/erasmus\/wp-json\/wp\/v2\/types\/page"}],"author":[{"embeddable":true,"href":"https:\/\/iesbaran.educacion.navarra.es\/web\/erasmus\/wp-json\/wp\/v2\/users\/1"}],"replies":[{"embeddable":true,"href":"https:\/\/iesbaran.educacion.navarra.es\/web\/erasmus\/wp-json\/wp\/v2\/comments?post=18"}],"version-history":[{"count":3,"href":"https:\/\/iesbaran.educacion.navarra.es\/web\/erasmus\/wp-json\/wp\/v2\/pages\/18\/revisions"}],"predecessor-version":[{"id":90,"href":"https:\/\/iesbaran.educacion.navarra.es\/web\/erasmus\/wp-json\/wp\/v2\/pages\/18\/revisions\/90"}],"wp:attachment":[{"href":"https:\/\/iesbaran.educacion.navarra.es\/web\/erasmus\/wp-json\/wp\/v2\/media?parent=18"}],"curies":[{"name":"wp","href":"https:\/\/api.w.org\/{rel}","templated":true}]}}