{"id":95,"date":"2022-02-04T10:42:01","date_gmt":"2022-02-04T10:42:01","guid":{"rendered":"https:\/\/iesbaran.educacion.navarra.es\/web\/bachilleratoinvestigacion\/?page_id=95"},"modified":"2022-02-04T10:42:02","modified_gmt":"2022-02-04T10:42:02","slug":"banco-de-alimentos-de-navarra","status":"publish","type":"page","link":"https:\/\/iesbaran.educacion.navarra.es\/web\/bachilleratoinvestigacion\/banco-de-alimentos-de-navarra\/","title":{"rendered":"Banco de Alimentos de Navarra"},"content":{"rendered":"\n<p><\/p>\n\n\n\n<div class=\"wp-block-genesis-blocks-gb-columns gb-layout-service-4 gb-layout-columns-2 gb-2-col-equal gb-columns-center alignfull\" style=\"padding-top:5%;padding-right:5%;padding-bottom:2%;padding-left:5%\"><div class=\"gb-layout-column-wrap gb-block-layout-column-gap-1 gb-is-responsive-column\" style=\"max-width:1200px\">\n<div class=\"wp-block-genesis-blocks-gb-column gb-block-layout-column\"><div class=\"gb-block-layout-column-inner\">\n<h3 id=\"el-banco-de-alimentos-de-navarra-ban\">El Banco de Alimentos de Navarra (BAN)<\/h3>\n\n\n\n<p>es una fundaci\u00f3n <strong>sin \u00e1nimo de lucro<\/strong> organizada y gestionada por voluntarios, que recoge y distribuye alimentos para las personas m\u00e1s necesitadas de Navarra, y lucha contra el <strong>desperdicio alimentario<\/strong> mediante su propia actividad y con la sensibilizaci\u00f3n social de todos los sectores, especialmente con los m\u00e1s j\u00f3venes. <\/p>\n\n\n\n<div style=\"color:#ddd\" class=\"wp-block-genesis-blocks-gb-spacer gb-block-spacer gb-divider-solid gb-spacer-divider gb-divider-size-1\"><hr style=\"height:30px\"\/><\/div>\n<\/div><\/div>\n\n\n\n<div class=\"wp-block-genesis-blocks-gb-column gb-block-layout-column\"><div class=\"gb-block-layout-column-inner\">\n<figure class=\"wp-block-image alignfull size-full\"><img loading=\"lazy\" width=\"690\" height=\"846\" src=\"https:\/\/iesbaran.educacion.navarra.es\/web\/bachilleratoinvestigacion\/wp-content\/uploads\/sites\/4\/2022\/02\/banco-alimentos.jpg\" alt=\"\" class=\"wp-image-96\" srcset=\"https:\/\/iesbaran.educacion.navarra.es\/web\/bachilleratoinvestigacion\/wp-content\/uploads\/sites\/4\/2022\/02\/banco-alimentos.jpg 690w, https:\/\/iesbaran.educacion.navarra.es\/web\/bachilleratoinvestigacion\/wp-content\/uploads\/sites\/4\/2022\/02\/banco-alimentos-245x300.jpg 245w\" sizes=\"(max-width: 690px) 100vw, 690px\" \/><\/figure>\n<\/div><\/div>\n<\/div><\/div>\n\n\n\n<h3 id=\"objetivos\">Objetivos<\/h3>\n\n\n\n<p>Uno de los fines fundacionales del BAN es el fomento de actuaciones que eviten el despilfarro de alimentos. As\u00ed,&nbsp; ha recuperado en los \u00faltimos 5 a\u00f1os en tono a 3.000 Tm de media anual de excedentes alimentarios que de otra manera se hubiesen desperdiciado. Esto permite, por un lado, el aprovechamiento de los alimentos por personas que los necesitan a los&nbsp; que son distribuidos de manera solidaria y gratuita y,&nbsp; por otra, reduce el impacto ambiental de agua, tierra, energ\u00eda y otros recursos naturales utilizados para producir esos alimentos si no se hubiesen consumido. <\/p>\n\n\n\n<h3 id=\"otros\">Otros<\/h3>\n\n\n\n<p>El BAN considera imprescindible incidir en la concienciaci\u00f3n social contra la pobreza y el desperdicio alimentario. Se estima que en el mundo se tira anualmente un tercio del total de los alimentos que se producen para el consumo humano, siendo Espa\u00f1a el s\u00e9ptimo Estado de la UE que m\u00e1s comida desperdicia. En l\u00ednea con los objetivos de desarrollo sostenible de las Naciones Unidas, el paquete de Econom\u00eda circular aprobado por el Parlamento Europeo establece que los estados miembros deber\u00e1n aspirar a reducir el desperdicio de alimentos un 30% para 2025 y a la mitad en 2030. Desperdiciar alimentos, adem\u00e1s, tambi\u00e9n supone un uso innecesario de recursos escasos como la tierra, el agua y la energ\u00eda. Contribuye tambi\u00e9n al cambio clim\u00e1tico. Los desperdicios y p\u00e9rdidas mundiales de alimentos han generado entre un 8 y un 10% de las emisiones de gases de efecto invernadero del per\u00edodo 2010-2016. El Banco de Alimentos de Navarra con sus actuaciones contribuye, en colaboraci\u00f3n con otras entidades, a reducir ese desperdicio. En 2020 evitamos que 4.157 toneladas de CO2 fuesen a la atm\u00f3sfera al impedir que se desperdiciaran 2.492 toneladas de comida. Evitar el desperdicio alimentario es una de las cinco \u00e1reas prioritarias contempladas en la Agenda para el desarrollo de la Econom\u00eda Circular en Navarra 2030 aprobada por el Gobierno de Navarra, y uno de los principales objetivos de desarrollo sostenible de la Organizaci\u00f3n de las Naciones Unidas (ONU).<\/p>\n\n\n\n<div class=\"wp-container-1 wp-block-buttons\">\n<div class=\"wp-block-button\"><a class=\"wp-block-button__link\" href=\"https:\/\/bancoalimentosnavarra.org\/\" style=\"border-radius:14px\"><strong>Enlace web propia<\/strong><\/a><\/div>\n<\/div>\n\n\n\n<div style=\"height:15px\" aria-hidden=\"true\" class=\"wp-block-spacer\"><\/div>\n\n\n\n<div class=\"wp-block-image\"><figure class=\"aligncenter size-large\"><img loading=\"lazy\" width=\"1024\" height=\"139\" src=\"https:\/\/iesbaran.educacion.navarra.es\/web\/bachilleratoinvestigacion\/wp-content\/uploads\/sites\/4\/2022\/02\/BANhB-1024x139.png\" alt=\"\" class=\"wp-image-107\" srcset=\"https:\/\/iesbaran.educacion.navarra.es\/web\/bachilleratoinvestigacion\/wp-content\/uploads\/sites\/4\/2022\/02\/BANhB-1024x139.png 1024w, https:\/\/iesbaran.educacion.navarra.es\/web\/bachilleratoinvestigacion\/wp-content\/uploads\/sites\/4\/2022\/02\/BANhB-300x41.png 300w, https:\/\/iesbaran.educacion.navarra.es\/web\/bachilleratoinvestigacion\/wp-content\/uploads\/sites\/4\/2022\/02\/BANhB-768x104.png 768w, https:\/\/iesbaran.educacion.navarra.es\/web\/bachilleratoinvestigacion\/wp-content\/uploads\/sites\/4\/2022\/02\/BANhB.png 1200w\" sizes=\"(max-width: 1024px) 100vw, 1024px\" \/><\/figure><\/div>\n","protected":false},"excerpt":{"rendered":"<p>Objetivos Uno de los fines fundacionales del BAN es el fomento de actuaciones que eviten el despilfarro de alimentos. As\u00ed,&nbsp; ha recuperado en los \u00faltimos 5 a\u00f1os en tono a 3.000 Tm de media anual de excedentes alimentarios que de otra manera se hubiesen desperdiciado. Esto permite, por un lado, el aprovechamiento de los alimentos [&hellip;]<\/p>\n","protected":false},"author":1,"featured_media":0,"parent":0,"menu_order":0,"comment_status":"closed","ping_status":"closed","template":"","meta":{"_genesis_hide_title":false,"_genesis_hide_breadcrumbs":false,"_genesis_hide_singular_image":false,"_genesis_hide_footer_widgets":false,"_genesis_custom_body_class":"","_genesis_custom_post_class":"","_genesis_layout":""},"featured_image_src":null,"featured_image_src_square":null,"_links":{"self":[{"href":"https:\/\/iesbaran.educacion.navarra.es\/web\/bachilleratoinvestigacion\/wp-json\/wp\/v2\/pages\/95"}],"collection":[{"href":"https:\/\/iesbaran.educacion.navarra.es\/web\/bachilleratoinvestigacion\/wp-json\/wp\/v2\/pages"}],"about":[{"href":"https:\/\/iesbaran.educacion.navarra.es\/web\/bachilleratoinvestigacion\/wp-json\/wp\/v2\/types\/page"}],"author":[{"embeddable":true,"href":"https:\/\/iesbaran.educacion.navarra.es\/web\/bachilleratoinvestigacion\/wp-json\/wp\/v2\/users\/1"}],"replies":[{"embeddable":true,"href":"https:\/\/iesbaran.educacion.navarra.es\/web\/bachilleratoinvestigacion\/wp-json\/wp\/v2\/comments?post=95"}],"version-history":[{"count":10,"href":"https:\/\/iesbaran.educacion.navarra.es\/web\/bachilleratoinvestigacion\/wp-json\/wp\/v2\/pages\/95\/revisions"}],"predecessor-version":[{"id":108,"href":"https:\/\/iesbaran.educacion.navarra.es\/web\/bachilleratoinvestigacion\/wp-json\/wp\/v2\/pages\/95\/revisions\/108"}],"wp:attachment":[{"href":"https:\/\/iesbaran.educacion.navarra.es\/web\/bachilleratoinvestigacion\/wp-json\/wp\/v2\/media?parent=95"}],"curies":[{"name":"wp","href":"https:\/\/api.w.org\/{rel}","templated":true}]}}