{"id":196,"date":"2022-02-20T11:01:31","date_gmt":"2022-02-20T11:01:31","guid":{"rendered":"https:\/\/iesbaran.educacion.navarra.es\/web\/bachilleratoinvestigacion\/?page_id=196"},"modified":"2022-02-20T11:01:31","modified_gmt":"2022-02-20T11:01:31","slug":"upna","status":"publish","type":"page","link":"https:\/\/iesbaran.educacion.navarra.es\/web\/bachilleratoinvestigacion\/upna\/","title":{"rendered":"UPNA"},"content":{"rendered":"\n<p><\/p>\n\n\n\n<div class=\"wp-block-media-text alignfull is-stacked-on-mobile gb-slate-section-media-text has-background\" style=\"background-color:#ffffff;grid-template-columns:40% auto\"><figure class=\"wp-block-media-text__media\"><img loading=\"lazy\" width=\"768\" height=\"1024\" src=\"https:\/\/iesbaran.educacion.navarra.es\/web\/bachilleratoinvestigacion\/wp-content\/uploads\/sites\/4\/2022\/02\/UPNA-GRUPO-AN-768x1024.jpg\" alt=\"\" class=\"wp-image-197 size-full\" srcset=\"https:\/\/iesbaran.educacion.navarra.es\/web\/bachilleratoinvestigacion\/wp-content\/uploads\/sites\/4\/2022\/02\/UPNA-GRUPO-AN-768x1024.jpg 768w, https:\/\/iesbaran.educacion.navarra.es\/web\/bachilleratoinvestigacion\/wp-content\/uploads\/sites\/4\/2022\/02\/UPNA-GRUPO-AN-225x300.jpg 225w, https:\/\/iesbaran.educacion.navarra.es\/web\/bachilleratoinvestigacion\/wp-content\/uploads\/sites\/4\/2022\/02\/UPNA-GRUPO-AN.jpg 810w\" sizes=\"(max-width: 768px) 100vw, 768px\" \/><\/figure><div class=\"wp-block-media-text__content\">\n<div style=\"height:20px\" aria-hidden=\"true\" class=\"wp-block-spacer\"><\/div>\n\n\n\n<h2 class=\"has-text-color\" id=\"universidad-publica-de-navarra\" style=\"color:#1f1f1f\">Universidad P\u00fablica de Navarra.<\/h2>\n\n\n\n<p>Creada en 1987 por el Parlamento de Navarra, la UPNA es una universidad p\u00fablica, de peque\u00f1o tama\u00f1o en el contexto universitario espa\u00f1ol, con sedes en Pamplona y Tudela. Desarrolla su actividad acad\u00e9mica en <strong>todas las ramas de conocimiento<\/strong>: Ingenier\u00eda, Ciencias, Ciencias de la Salud, Ciencias Sociales y Jur\u00eddicas y Artes y Humanidades. Se caracteriza por ser una universidad con un elevado componente <strong>polit\u00e9cnico<\/strong>.\u00a0El compromiso de la Universidad con la <strong>docencia<\/strong> y el Espacio Europeo de Educaci\u00f3n Superior ha significado la puesta en marcha de 25 titulaciones de grado (de ellas, 18 son grados con especializaci\u00f3n), 6 dobles grados, 10 programas internacionales, 28 m\u00e1steres universitarios (5 de ellos profesionalizantes), 1 doble m\u00e1ster, 15 programas de doctorado y 45 t\u00edtulos propios.<\/p>\n\n\n\n<div class=\"wp-container-1 wp-block-buttons\">\n<div class=\"wp-block-button\"><a class=\"wp-block-button__link has-text-color has-background\" href=\"https:\/\/www.unavarra.es\/portada\" style=\"border-radius:4px;background-color:#0073e5;color:#ffffff\"><strong>web upna<\/strong><\/a><\/div>\n<\/div>\n<\/div><\/div>\n","protected":false},"excerpt":{"rendered":"","protected":false},"author":1,"featured_media":0,"parent":0,"menu_order":0,"comment_status":"closed","ping_status":"closed","template":"templates\/blocks.php","meta":{"_genesis_hide_title":false,"_genesis_hide_breadcrumbs":false,"_genesis_hide_singular_image":true,"_genesis_hide_footer_widgets":false,"_genesis_custom_body_class":"","_genesis_custom_post_class":"","_genesis_layout":"full-width-content"},"featured_image_src":null,"featured_image_src_square":null,"_links":{"self":[{"href":"https:\/\/iesbaran.educacion.navarra.es\/web\/bachilleratoinvestigacion\/wp-json\/wp\/v2\/pages\/196"}],"collection":[{"href":"https:\/\/iesbaran.educacion.navarra.es\/web\/bachilleratoinvestigacion\/wp-json\/wp\/v2\/pages"}],"about":[{"href":"https:\/\/iesbaran.educacion.navarra.es\/web\/bachilleratoinvestigacion\/wp-json\/wp\/v2\/types\/page"}],"author":[{"embeddable":true,"href":"https:\/\/iesbaran.educacion.navarra.es\/web\/bachilleratoinvestigacion\/wp-json\/wp\/v2\/users\/1"}],"replies":[{"embeddable":true,"href":"https:\/\/iesbaran.educacion.navarra.es\/web\/bachilleratoinvestigacion\/wp-json\/wp\/v2\/comments?post=196"}],"version-history":[{"count":3,"href":"https:\/\/iesbaran.educacion.navarra.es\/web\/bachilleratoinvestigacion\/wp-json\/wp\/v2\/pages\/196\/revisions"}],"predecessor-version":[{"id":200,"href":"https:\/\/iesbaran.educacion.navarra.es\/web\/bachilleratoinvestigacion\/wp-json\/wp\/v2\/pages\/196\/revisions\/200"}],"wp:attachment":[{"href":"https:\/\/iesbaran.educacion.navarra.es\/web\/bachilleratoinvestigacion\/wp-json\/wp\/v2\/media?parent=196"}],"curies":[{"name":"wp","href":"https:\/\/api.w.org\/{rel}","templated":true}]}}