{"id":160,"date":"2022-02-19T13:04:50","date_gmt":"2022-02-19T13:04:50","guid":{"rendered":"https:\/\/iesbaran.educacion.navarra.es\/web\/bachilleratoinvestigacion\/?page_id=160"},"modified":"2026-01-14T12:18:27","modified_gmt":"2026-01-14T12:18:27","slug":"temas-2021-23","status":"publish","type":"page","link":"https:\/\/iesbaran.educacion.navarra.es\/web\/bachilleratoinvestigacion\/temas-2021-23\/","title":{"rendered":"Temas"},"content":{"rendered":"\n<p class=\"has-small-font-size\"><\/p>\n\n\n\n<h3>Promoci\u00f3n 24-26<\/h3>\n\n\n\n<div class=\"wp-container-1 wp-block-buttons\">\n<div class=\"wp-block-button\"><a class=\"wp-block-button__link has-theme-primary-background-color has-background\" href=\"https:\/\/drive.google.com\/drive\/folders\/15S8Z-po72879ik90B2oTW0-uhMVuTF98?usp=sharing\">temas 24-26<\/a><\/div>\n<\/div>\n\n\n\n<div class=\"wp-container-5 wp-block-group has-white-background-color has-background\"><div class=\"wp-block-group__inner-container\">\n<hr class=\"wp-block-separator is-style-default\"\/>\n\n\n\n<div class=\"wp-container-2 wp-block-buttons\">\n<div class=\"wp-block-button is-style-fill\"><a class=\"wp-block-button__link\">Promoci\u00f3n 2023-25<\/a><\/div>\n<\/div>\n\n\n\n<div style=\"height:19px\" aria-hidden=\"true\" class=\"wp-block-spacer\"><\/div>\n\n\n\n<p class=\"has-text-align-center\">Informaci\u00f3n sobre los temas actualmente en desarrollo:<\/p>\n\n\n\n<div class=\"wp-container-3 wp-block-buttons\">\n<div class=\"wp-block-button\"><a class=\"wp-block-button__link has-theme-primary-background-color has-background\" href=\"https:\/\/drive.google.com\/drive\/folders\/1--WXliSoC-0iOO3Wzxb6HUYCgguuLhQ7?usp=sharing\">info temas 23-25<\/a><\/div>\n<\/div>\n\n\n\n<div style=\"height:19px\" aria-hidden=\"true\" class=\"wp-block-spacer\"><\/div>\n\n\n\n<hr class=\"wp-block-separator\"\/>\n\n\n\n<div class=\"wp-container-4 wp-block-buttons\">\n<div class=\"wp-block-button is-style-fill\"><a class=\"wp-block-button__link\">Promoci\u00f3n 2022-24<\/a><\/div>\n<\/div>\n\n\n\n<div style=\"height:20px\" aria-hidden=\"true\" class=\"wp-block-spacer\"><\/div>\n\n\n\n<ol class=\"gpb-number-list\"><li><strong><a href=\"https:\/\/drive.google.com\/file\/d\/1QB7jOm9-h1T51ax65hSFInG9Ddw5IKMq\/view?usp=share_link\">Murci\u00e9lagos, iluminaci\u00f3n nocturna y otros impactos artificiales.<\/a> <\/strong><br><mark style=\"background-color:rgba(0, 0, 0, 0)\" class=\"has-inline-color has-theme-secondary-color\">Vida en la oscuridad: la biodiversidad que no vemos<\/mark>.<br><em>Entidad: UPNA<\/em><\/li><li><strong><a href=\"https:\/\/drive.google.com\/file\/d\/1ZYYMUiY0UFj53HCSG77nbdqXIqNIPZk2\/view\">Ciencias Planetarias &#8211; Perseverance.<\/a><\/strong> <br><mark style=\"background-color:rgba(0, 0, 0, 0)\" class=\"has-inline-color has-theme-secondary-color\">Mejoras en el modelo del rover Perserverance (escala 1:4): estaci\u00f3n meteorol\u00f3gica y brazo rob\u00f3tico.<\/mark><br><em>Entidad: Planetario de Pamplona<\/em><\/li><li><strong><a href=\"https:\/\/drive.google.com\/file\/d\/1SejNh99Y-ipSct7TOUjP8mhsiM50pnQG\/view\">Geolog\u00eda y did\u00e1ctica<\/a>. <\/strong><br><mark style=\"background-color:rgba(0, 0, 0, 0)\" class=\"has-inline-color has-theme-secondary-color\">Explorando nuestro entorno cercano: lugares de inter\u00e9s geol\u00f3gico.<\/mark><br><em>Entidad: UPNA<\/em><\/li><li><strong><a href=\"https:\/\/drive.google.com\/file\/d\/1NdC0U4kvP2HOnIt4cUsNd8mqRgFDXqJR\/view\">Formaci\u00f3n en RCP en centros de Educaci\u00f3n Secundaria<\/a>. <\/strong><br><mark style=\"background-color:rgba(0, 0, 0, 0)\" class=\"has-inline-color has-theme-secondary-color\">Difusi\u00f3n del conocimiento en soporte vital b\u00e1sico y uso del desfibrilador a trav\u00e9s de <em>AED Training Box<\/em>: una herramienta de formaci\u00f3n para aumentar la competencia de la ciudadan\u00eda y salvar vidas<\/mark>.<br><em>Entidad: El ABC que salva vidas.<\/em><\/li><li><strong><a rel=\"noreferrer noopener\" href=\"https:\/\/drive.google.com\/file\/d\/1SWrTVAVs_g3g22iDETHtvJhSD1oKJ20k\/view?usp=sharing\" target=\"_blank\">La Transici\u00f3n a nivel local.<\/a><\/strong><br><mark style=\"background-color:rgba(0, 0, 0, 0)\" class=\"has-inline-color has-theme-secondary-color\">La Transici\u00f3n en Bara\u00f1\u00e1in (1975-1982) .<\/mark><br><em>Entidad: Archivo Contempor\u00e1neo de Navarra.<\/em><\/li><li><strong><a href=\"https:\/\/drive.google.com\/file\/d\/1gJ5AID4x1uXjjrfIsErRRwlvvc9H_xoy\/view\">Lepid\u00f3pteros en la Sierra del Perd\u00f3n (II)<\/a><\/strong><br><mark style=\"background-color:rgba(0, 0, 0, 0)\" class=\"has-inline-color has-theme-secondary-color\">Estudio de la poblaci\u00f3n de lepid\u00f3pteros en la Sierra del Perd\u00f3n (II): inventario de mariposas nocturnas a lo largo de todo el a\u00f1o y evoluci\u00f3n de la poblaci\u00f3n de especies de primavera tras los incendios de junio de 2022.<\/mark><br><em>Entidades: GAN\/NIK<\/em> y Asocaci\u00f3n Zerynthia<\/li><\/ol>\n\n\n\n<p><\/p>\n<\/div><\/div>\n\n\n\n<div class=\"wp-container-7 wp-block-group has-white-background-color has-background\"><div class=\"wp-block-group__inner-container\">\n<hr class=\"wp-block-separator is-style-default\"\/>\n\n\n\n<div class=\"wp-container-6 wp-block-buttons\">\n<div class=\"wp-block-button is-style-fill\"><a class=\"wp-block-button__link\">Promoci\u00f3n 2021-23<\/a><\/div>\n<\/div>\n\n\n\n<ol class=\"gpb-number-list\"><li><strong><a rel=\"noreferrer noopener\" href=\"https:\/\/drive.google.com\/file\/d\/1KEjnO6V1i8MPzB4ITHNDLz3NnvJIdoDS\/view?usp=sharing\" target=\"_blank\">Astronom\u00eda y mitolog\u00eda<\/a>. <\/strong><br><mark style=\"background-color:rgba(0, 0, 0, 0)\" class=\"has-inline-color has-theme-secondary-color\">Dise\u00f1o de constelaciones y mitolog\u00eda en la b\u00f3veda celeste en base a criterios hist\u00f3ricos y cient\u00edficos<\/mark>.<br><em>Entidad: Planetario de Pamplona<\/em><\/li><li><strong><a rel=\"noreferrer noopener\" href=\"https:\/\/drive.google.com\/file\/d\/1cNvW5EJnnrMRreCgXhYjv1G25P_h_TIR\/view?usp=sharing\" target=\"_blank\">Ciencias Planetarias &#8211; Perseverance.<\/a><\/strong> <br><mark style=\"background-color:rgba(0, 0, 0, 0)\" class=\"has-inline-color has-theme-secondary-color\">Construcci\u00f3n a escala 1:4 del rover Perseverance con la metodolog\u00eda de trabajo de la NASA.<\/mark><br><em>Entidad: Planetario de Pamplona<\/em><\/li><li><strong><a rel=\"noreferrer noopener\" href=\"https:\/\/drive.google.com\/file\/d\/1Bv15ahjiLFbLoDcGfCyVgmHUf8DhrZ6l\/view?usp=sharing\" target=\"_blank\">Banco de alimentos y desarrollo sostenible<\/a>. <\/strong><br><mark style=\"background-color:rgba(0, 0, 0, 0)\" class=\"has-inline-color has-theme-secondary-color\">Contribuci\u00f3n de la Fundaci\u00f3n Banco de Alimentos de Navarra a la Agenda 2030 de Desarrollo Sostenible.<\/mark><br><em>Entidad: Fundaci\u00f3n del Banco de Alimentos de Navarra<\/em><\/li><li><strong><a rel=\"noreferrer noopener\" href=\"https:\/\/drive.google.com\/file\/d\/1LqD2Jx7pSMbpDZaPMMzIf6siBmmR8EBw\/view?usp=sharing\" target=\"_blank\">Formaci\u00f3n en RCP en los centros educativos navarros<\/a>. <\/strong><br><mark style=\"background-color:rgba(0, 0, 0, 0)\" class=\"has-inline-color has-theme-secondary-color\">Cumplimiento del curr\u00edculo en relaci\u00f3n a la formaci\u00f3n en Reanimaci\u00f3n Cardiopulmonar (RCP) en los centros escolares de Navarra<\/mark>.<br><em>Entidad: El ABC que salva vidas.<\/em><\/li><li><strong><a rel=\"noreferrer noopener\" href=\"https:\/\/drive.google.com\/file\/d\/1SWrTVAVs_g3g22iDETHtvJhSD1oKJ20k\/view?usp=sharing\" target=\"_blank\">Elecci\u00f3n de Bachillerato y g\u00e9nero<\/a><\/strong><br><mark style=\"background-color:rgba(0, 0, 0, 0)\" class=\"has-inline-color has-theme-secondary-color\">An\u00e1lisis de la elecci\u00f3n del bachillerato desde un enfoque de g\u00e9nero.<\/mark><br><em>Entidad: Universidad P\u00fablica de Navarra e Instituto Navarro para la Igualdad<\/em><\/li><li><strong><a rel=\"noreferrer noopener\" href=\"https:\/\/drive.google.com\/file\/d\/1BCnvnXo-Vx1F68ZEjoefzTtWp9XgUT4s\/view?usp=sharing\" target=\"_blank\">Empaquetado de alimentos<\/a><\/strong><br><mark style=\"background-color:rgba(0, 0, 0, 0)\" class=\"has-inline-color has-theme-secondary-color\">Empaquetado alimentario: pl\u00e1stico frente a papel<\/mark><br><em>Entidad: Facultad de Ciencias. Universidad de Navarra<\/em><\/li><li><strong><a rel=\"noreferrer noopener\" href=\"https:\/\/drive.google.com\/file\/d\/1GF7u9baumDlIUkG-qwF7YM3Z__HW_Fxw\/view?usp=sharing\" target=\"_blank\">Alumbrado nocturno en Bara\u00f1\u00e1in<\/a><\/strong><br><mark style=\"background-color:rgba(0, 0, 0, 0)\" class=\"has-inline-color has-theme-secondary-color\">Estudio del alumbrado nocturno en la localidad de Bara\u00f1\u00e1in, an\u00e1lisis de la normativa y propuestas de mejora.<\/mark><br><em>Entidad: Planetario de Pamplona<\/em><\/li><li><strong><a rel=\"noreferrer noopener\" href=\"https:\/\/drive.google.com\/file\/d\/1kXrryLyojk4Pt9k0qms1ZOE__Bmmfx_8\/view?usp=sharing\" target=\"_blank\">Lepid\u00f3pteros en la Sierra del Perd\u00f3n<\/a><\/strong><br><mark style=\"background-color:rgba(0, 0, 0, 0)\" class=\"has-inline-color has-theme-secondary-color\">Estudio de la poblaci\u00f3n de lepid\u00f3pteros en la Sierra del Perd\u00f3n.<\/mark><br><em>Entidad: GAN\/NIK<\/em><\/li><li><strong><a rel=\"noreferrer noopener\" href=\"https:\/\/drive.google.com\/file\/d\/1bGO9k4IDC5KTbINtoHsyjjOoGx1zqsV_\/view?usp=sharing\" target=\"_blank\">Gesti\u00f3n residuos org\u00e1nicos del BAN (compostaje)<\/a><\/strong><br><mark style=\"background-color:rgba(0, 0, 0, 0)\" class=\"has-inline-color has-theme-secondary-color\">An\u00e1lisis, diagn\u00f3stico y propuesta para la gesti\u00f3n circular de residuos org\u00e1nicos generados por el Banco de Alimentos de Navarra y otras entidades pr\u00f3ximas<\/mark>.<br><em>Entidad: Fundaci\u00f3n del Banco de Alimentos de Navarra<\/em><\/li><li><strong><a rel=\"noreferrer noopener\" href=\"https:\/\/drive.google.com\/file\/d\/1Tk6OOHDy2wqxo6wwmJETes7tHpjFmf3C\/view?usp=sharing\" target=\"_blank\">Mujeres en las series de ficci\u00f3n<\/a><\/strong><br><mark style=\"background-color:rgba(0, 0, 0, 0)\" class=\"has-inline-color has-theme-secondary-color\">Las mujeres en las series de ficci\u00f3n: una investigaci\u00f3n feminista<\/mark><br><em>Entidad: propuesta interna del centro<\/em><\/li><li><strong><a rel=\"noreferrer noopener\" href=\"https:\/\/drive.google.com\/file\/d\/1x6C4Yttnd6IPPezEPx_9E92jmUXXVtds\/view?usp=sharing\" target=\"_blank\">Pioneras del deporte en Navarra<\/a><\/strong><br><mark style=\"background-color:rgba(0, 0, 0, 0)\" class=\"has-inline-color has-theme-secondary-color\">Los inicios del deporte femenino en Navarra.<\/mark><br><em>Entidad: Archivo Contempor\u00e1neo de Navarra<\/em><\/li><li><strong><a rel=\"noreferrer noopener\" href=\"https:\/\/drive.google.com\/file\/d\/157fgkiIOWsCBie1g23XAbJpGz2TdOptw\/view?usp=sharing\" target=\"_blank\">Muerte s\u00fabita: vivencias del duelo<\/a><\/strong><br><mark style=\"background-color:rgba(0, 0, 0, 0)\" class=\"has-inline-color has-theme-secondary-color\">Vivencia personal y familiar alrededor de la muerte s\u00fabita.<\/mark><br><em>Entidad: El ABC que salva vidas<\/em><\/li><li><strong><a href=\"https:\/\/drive.google.com\/file\/d\/1OPlSUyOE-et2bdLsbab9cmqe9Ky9ZnLx\/view?usp=sharing\" target=\"_blank\" rel=\"noreferrer noopener\">Rob\u00f3tica y aprendizaje de F\u00edsica<\/a><\/strong><br><mark style=\"background-color:rgba(0, 0, 0, 0)\" class=\"has-inline-color has-theme-secondary-color\">Aplicaci\u00f3n de la rob\u00f3tica como estrategia educativa para el aprendizaje de contenidos de F\u00edsica<\/mark> <mark style=\"background-color:rgba(0, 0, 0, 0)\" class=\"has-inline-color has-theme-secondary-color\">del primer curso de Bachillerato<\/mark><br><em>Entidad: propuesta de la alumna; colaboraci\u00f3n con la Fundaci\u00f3n MTorres<\/em><\/li><\/ol>\n\n\n\n<p><\/p>\n<\/div><\/div>\n","protected":false},"excerpt":{"rendered":"<p>Promoci\u00f3n 24-26 Informaci\u00f3n sobre los temas actualmente en desarrollo: Murci\u00e9lagos, iluminaci\u00f3n nocturna y otros impactos artificiales. Vida en la oscuridad: la biodiversidad que no vemos.Entidad: UPNA Ciencias Planetarias &#8211; Perseverance. Mejoras en el modelo del rover Perserverance (escala 1:4): estaci\u00f3n meteorol\u00f3gica y brazo rob\u00f3tico.Entidad: Planetario de Pamplona Geolog\u00eda y did\u00e1ctica. Explorando nuestro entorno cercano: lugares [&hellip;]<\/p>\n","protected":false},"author":1,"featured_media":0,"parent":0,"menu_order":0,"comment_status":"closed","ping_status":"closed","template":"","meta":{"_genesis_hide_title":false,"_genesis_hide_breadcrumbs":false,"_genesis_hide_singular_image":false,"_genesis_hide_footer_widgets":false,"_genesis_custom_body_class":"","_genesis_custom_post_class":"","_genesis_layout":""},"featured_image_src":null,"featured_image_src_square":null,"_links":{"self":[{"href":"https:\/\/iesbaran.educacion.navarra.es\/web\/bachilleratoinvestigacion\/wp-json\/wp\/v2\/pages\/160"}],"collection":[{"href":"https:\/\/iesbaran.educacion.navarra.es\/web\/bachilleratoinvestigacion\/wp-json\/wp\/v2\/pages"}],"about":[{"href":"https:\/\/iesbaran.educacion.navarra.es\/web\/bachilleratoinvestigacion\/wp-json\/wp\/v2\/types\/page"}],"author":[{"embeddable":true,"href":"https:\/\/iesbaran.educacion.navarra.es\/web\/bachilleratoinvestigacion\/wp-json\/wp\/v2\/users\/1"}],"replies":[{"embeddable":true,"href":"https:\/\/iesbaran.educacion.navarra.es\/web\/bachilleratoinvestigacion\/wp-json\/wp\/v2\/comments?post=160"}],"version-history":[{"count":30,"href":"https:\/\/iesbaran.educacion.navarra.es\/web\/bachilleratoinvestigacion\/wp-json\/wp\/v2\/pages\/160\/revisions"}],"predecessor-version":[{"id":4286,"href":"https:\/\/iesbaran.educacion.navarra.es\/web\/bachilleratoinvestigacion\/wp-json\/wp\/v2\/pages\/160\/revisions\/4286"}],"wp:attachment":[{"href":"https:\/\/iesbaran.educacion.navarra.es\/web\/bachilleratoinvestigacion\/wp-json\/wp\/v2\/media?parent=160"}],"curies":[{"name":"wp","href":"https:\/\/api.w.org\/{rel}","templated":true}]}}