{"id":112,"date":"2022-02-04T10:52:44","date_gmt":"2022-02-04T10:52:44","guid":{"rendered":"https:\/\/iesbaran.educacion.navarra.es\/web\/bachilleratoinvestigacion\/?page_id=112"},"modified":"2022-02-04T10:52:44","modified_gmt":"2022-02-04T10:52:44","slug":"el-abc-que-salva-vidas","status":"publish","type":"page","link":"https:\/\/iesbaran.educacion.navarra.es\/web\/bachilleratoinvestigacion\/el-abc-que-salva-vidas\/","title":{"rendered":"El ABC que salva vidas"},"content":{"rendered":"\n<div class=\"wp-block-genesis-blocks-gb-columns gb-layout-service-3 gb-layout-columns-2 gb-2-col-equal gb-columns-center alignfull\" style=\"padding-top:15%;padding-right:5%;padding-bottom:15%;padding-left:5%\"><div class=\"gb-layout-column-wrap gb-block-layout-column-gap-5 gb-is-responsive-column\" style=\"max-width:1200px\">\n<div class=\"wp-block-genesis-blocks-gb-column gb-block-layout-column\"><div class=\"gb-block-layout-column-inner\">\n<figure class=\"wp-block-image alignwide size-full\"><img loading=\"lazy\" width=\"512\" height=\"512\" src=\"https:\/\/iesbaran.educacion.navarra.es\/web\/bachilleratoinvestigacion\/wp-content\/uploads\/sites\/4\/2022\/02\/unnamed.png\" alt=\"\" class=\"wp-image-113\" srcset=\"https:\/\/iesbaran.educacion.navarra.es\/web\/bachilleratoinvestigacion\/wp-content\/uploads\/sites\/4\/2022\/02\/unnamed.png 512w, https:\/\/iesbaran.educacion.navarra.es\/web\/bachilleratoinvestigacion\/wp-content\/uploads\/sites\/4\/2022\/02\/unnamed-300x300.png 300w, https:\/\/iesbaran.educacion.navarra.es\/web\/bachilleratoinvestigacion\/wp-content\/uploads\/sites\/4\/2022\/02\/unnamed-150x150.png 150w\" sizes=\"(max-width: 512px) 100vw, 512px\" \/><\/figure>\n<\/div><\/div>\n\n\n\n<div class=\"wp-block-genesis-blocks-gb-column gb-block-layout-column gb-is-vertically-aligned-center\"><div class=\"gb-block-layout-column-inner\">\n<p style=\"font-size:16px\">La asociaci\u00f3n<strong> \u201cEl ABC que salva vidas\u201d<\/strong> es una entidad sin \u00e1nimo de lucro formada por profesionales sanitarios del Servicio Navarro de Salud y bomberos del Gobierno de Navarra que, preocupados por la alta mortalidad debida a muerte s\u00fabita, intentan que el conocimiento de las maniobras de resucitaci\u00f3n (RCP, uso de desfibrilador) sea cada vez m\u00e1s extendido en toda la poblaci\u00f3n. Desde el 2011 realiza esta labor a trav\u00e9s de sus programas de formaci\u00f3n escolar, formaci\u00f3n a primeros intervinientes (polic\u00eda, cuerpos de emergencias), capacitaci\u00f3n ciudadana y campa\u00f1as de concienciaci\u00f3n.<\/p>\n\n\n\n<div style=\"text-align:center\" class=\"wp-block-genesis-blocks-gb-button gb-block-button\"><a href=\"https:\/\/www.elabcquesalvavidas.org\/\" class=\"gb-button gb-button-shape-rounded gb-button-size-medium\" style=\"color:#ffffff;background-color:#62a579\">WEB propia<\/a><\/div>\n\n\n\n<p><\/p>\n<\/div><\/div>\n<\/div><\/div>\n","protected":false},"excerpt":{"rendered":"","protected":false},"author":1,"featured_media":0,"parent":0,"menu_order":0,"comment_status":"closed","ping_status":"closed","template":"","meta":{"_genesis_hide_title":false,"_genesis_hide_breadcrumbs":false,"_genesis_hide_singular_image":false,"_genesis_hide_footer_widgets":false,"_genesis_custom_body_class":"","_genesis_custom_post_class":"","_genesis_layout":""},"featured_image_src":null,"featured_image_src_square":null,"_links":{"self":[{"href":"https:\/\/iesbaran.educacion.navarra.es\/web\/bachilleratoinvestigacion\/wp-json\/wp\/v2\/pages\/112"}],"collection":[{"href":"https:\/\/iesbaran.educacion.navarra.es\/web\/bachilleratoinvestigacion\/wp-json\/wp\/v2\/pages"}],"about":[{"href":"https:\/\/iesbaran.educacion.navarra.es\/web\/bachilleratoinvestigacion\/wp-json\/wp\/v2\/types\/page"}],"author":[{"embeddable":true,"href":"https:\/\/iesbaran.educacion.navarra.es\/web\/bachilleratoinvestigacion\/wp-json\/wp\/v2\/users\/1"}],"replies":[{"embeddable":true,"href":"https:\/\/iesbaran.educacion.navarra.es\/web\/bachilleratoinvestigacion\/wp-json\/wp\/v2\/comments?post=112"}],"version-history":[{"count":3,"href":"https:\/\/iesbaran.educacion.navarra.es\/web\/bachilleratoinvestigacion\/wp-json\/wp\/v2\/pages\/112\/revisions"}],"predecessor-version":[{"id":116,"href":"https:\/\/iesbaran.educacion.navarra.es\/web\/bachilleratoinvestigacion\/wp-json\/wp\/v2\/pages\/112\/revisions\/116"}],"wp:attachment":[{"href":"https:\/\/iesbaran.educacion.navarra.es\/web\/bachilleratoinvestigacion\/wp-json\/wp\/v2\/media?parent=112"}],"curies":[{"name":"wp","href":"https:\/\/api.w.org\/{rel}","templated":true}]}}